{"id":4467,"date":"2024-12-11T04:07:59","date_gmt":"2024-12-11T03:07:59","guid":{"rendered":"https:\/\/www.julian-kirschler.com\/?page_id=4467"},"modified":"2025-03-27T17:46:37","modified_gmt":"2025-03-27T16:46:37","slug":"datenschutzerkaerungen","status":"publish","type":"page","link":"https:\/\/www.julian-kirschler.com\/it\/datenschutzerkaerungen\/","title":{"rendered":"Dichiarazioni sulla protezione dei dati"},"content":{"rendered":"<div data-elementor-type=\"wp-page\" data-elementor-id=\"4467\" class=\"elementor elementor-4467\" data-elementor-post-type=\"page\">\n\t\t\t\t\t\t<section data-particle_enable=\"false\" data-particle-mobile-disabled=\"false\" class=\"elementor-section elementor-top-section elementor-element elementor-element-60800ef8 elementor-section-boxed elementor-section-height-default elementor-section-height-default\" data-id=\"60800ef8\" data-element_type=\"section\" data-e-type=\"section\">\n\t\t\t\t\t\t<div class=\"elementor-container elementor-column-gap-default\">\n\t\t\t\t\t<div class=\"elementor-column elementor-col-100 elementor-top-column elementor-element elementor-element-3864ae3e\" data-id=\"3864ae3e\" data-element_type=\"column\" data-e-type=\"column\">\n\t\t\t<div class=\"elementor-widget-wrap elementor-element-populated\">\n\t\t\t\t\t\t<div class=\"elementor-element elementor-element-47eef0c0 elementor-icon-list--layout-traditional elementor-list-item-link-full_width elementor-widget elementor-widget-icon-list\" data-id=\"47eef0c0\" data-element_type=\"widget\" data-e-type=\"widget\" data-widget_type=\"icon-list.default\">\n\t\t\t\t<div class=\"elementor-widget-container\">\n\t\t\t\t\t\t\t<ul class=\"elementor-icon-list-items\">\n\t\t\t\t\t\t\t<li class=\"elementor-icon-list-item\">\n\t\t\t\t\t\t\t\t\t\t\t<a href=\"https:\/\/www.julian-kirschler.com\/it\/datenschutzerklarung\/\">\n\n\t\t\t\t\t\t\t\t\t\t\t\t<span class=\"elementor-icon-list-icon\">\n\t\t\t\t\t\t\t<i aria-hidden=\"true\" class=\"fas fa-arrow-right\"><\/i>\t\t\t\t\t\t<\/span>\n\t\t\t\t\t\t\t\t\t\t<span class=\"elementor-icon-list-text\">Informativa sulla privacy<\/span>\n\t\t\t\t\t\t\t\t\t\t\t<\/a>\n\t\t\t\t\t\t\t\t\t<\/li>\n\t\t\t\t\t\t\t\t<li class=\"elementor-icon-list-item\">\n\t\t\t\t\t\t\t\t\t\t\t<a href=\"https:\/\/www.julian-kirschler.com\/it\/datenschutzerklaerung-fuer-social-media\/\">\n\n\t\t\t\t\t\t\t\t\t\t\t\t<span class=\"elementor-icon-list-icon\">\n\t\t\t\t\t\t\t<i aria-hidden=\"true\" class=\"fas fa-arrow-right\"><\/i>\t\t\t\t\t\t<\/span>\n\t\t\t\t\t\t\t\t\t\t<span class=\"elementor-icon-list-text\">Informativa sulla privacy per i social media<\/span>\n\t\t\t\t\t\t\t\t\t\t\t<\/a>\n\t\t\t\t\t\t\t\t\t<\/li>\n\t\t\t\t\t\t<\/ul>\n\t\t\t\t\t\t<\/div>\n\t\t\t\t<\/div>\n\t\t\t\t<div class=\"elementor-element elementor-element-c1391f4 elementor-widget elementor-widget-spacer\" data-id=\"c1391f4\" data-element_type=\"widget\" data-e-type=\"widget\" data-widget_type=\"spacer.default\">\n\t\t\t\t<div class=\"elementor-widget-container\">\n\t\t\t\t\t\t\t<div class=\"elementor-spacer\">\n\t\t\t<div class=\"elementor-spacer-inner\"><\/div>\n\t\t<\/div>\n\t\t\t\t\t\t<\/div>\n\t\t\t\t<\/div>\n\t\t\t\t\t<\/div>\n\t\t<\/div>\n\t\t\t\t\t<\/div>\n\t\t<\/section>\n\t\t\t\t<\/div>","protected":false},"excerpt":{"rendered":"<p>Informativa sulla privacy Informativa sulla privacy per i social media<\/p>","protected":false},"author":1,"featured_media":0,"parent":0,"menu_order":0,"comment_status":"closed","ping_status":"closed","template":"","meta":{"footnotes":""},"class_list":["post-4467","page","type-page","status-publish","hentry"],"yoast_head":"<!-- This site is optimized with the Yoast SEO plugin v27.5 - https:\/\/yoast.com\/product\/yoast-seo-wordpress\/ -->\n<title>Datenschutzerk\u00e4rungen - Julian Kirschler<\/title>\n<meta name=\"robots\" content=\"noindex, nofollow\" \/>\n<meta property=\"og:locale\" content=\"it_IT\" \/>\n<meta property=\"og:type\" content=\"article\" \/>\n<meta property=\"og:title\" content=\"Datenschutzerk\u00e4rungen - Julian Kirschler\" \/>\n<meta property=\"og:description\" content=\"Datenschutzerkl\u00e4rung Datenschutzerkl\u00e4rung f\u00fcr Social Media\" \/>\n<meta property=\"og:url\" content=\"https:\/\/www.julian-kirschler.com\/it\/datenschutzerkaerungen\/\" \/>\n<meta property=\"og:site_name\" content=\"Julian Kirschler\" \/>\n<meta property=\"article:modified_time\" content=\"2025-03-27T16:46:37+00:00\" \/>\n<meta name=\"twitter:card\" content=\"summary_large_image\" \/>\n<meta name=\"twitter:label1\" content=\"Tempo di lettura stimato\" \/>\n\t<meta name=\"twitter:data1\" content=\"1 minuto\" \/>\n<script type=\"application\/ld+json\" class=\"yoast-schema-graph\">{\"@context\":\"https:\\\/\\\/schema.org\",\"@graph\":[{\"@type\":\"WebPage\",\"@id\":\"https:\\\/\\\/www.julian-kirschler.com\\\/datenschutzerkaerungen\\\/\",\"url\":\"https:\\\/\\\/www.julian-kirschler.com\\\/datenschutzerkaerungen\\\/\",\"name\":\"Datenschutzerk\u00e4rungen - Julian Kirschler\",\"isPartOf\":{\"@id\":\"https:\\\/\\\/www.julian-kirschler.com\\\/#website\"},\"datePublished\":\"2024-12-11T03:07:59+00:00\",\"dateModified\":\"2025-03-27T16:46:37+00:00\",\"breadcrumb\":{\"@id\":\"https:\\\/\\\/www.julian-kirschler.com\\\/datenschutzerkaerungen\\\/#breadcrumb\"},\"inLanguage\":\"it-IT\",\"potentialAction\":[{\"@type\":\"ReadAction\",\"target\":[\"https:\\\/\\\/www.julian-kirschler.com\\\/datenschutzerkaerungen\\\/\"]}]},{\"@type\":\"BreadcrumbList\",\"@id\":\"https:\\\/\\\/www.julian-kirschler.com\\\/datenschutzerkaerungen\\\/#breadcrumb\",\"itemListElement\":[{\"@type\":\"ListItem\",\"position\":1,\"name\":\"Home\",\"item\":\"https:\\\/\\\/www.julian-kirschler.com\\\/\"},{\"@type\":\"ListItem\",\"position\":2,\"name\":\"Datenschutzerk\u00e4rungen\"}]},{\"@type\":\"WebSite\",\"@id\":\"https:\\\/\\\/www.julian-kirschler.com\\\/#website\",\"url\":\"https:\\\/\\\/www.julian-kirschler.com\\\/\",\"name\":\"Julian Kirschler\",\"description\":\"\",\"publisher\":{\"@id\":\"https:\\\/\\\/www.julian-kirschler.com\\\/#organization\"},\"potentialAction\":[{\"@type\":\"SearchAction\",\"target\":{\"@type\":\"EntryPoint\",\"urlTemplate\":\"https:\\\/\\\/www.julian-kirschler.com\\\/?s={search_term_string}\"},\"query-input\":{\"@type\":\"PropertyValueSpecification\",\"valueRequired\":true,\"valueName\":\"search_term_string\"}}],\"inLanguage\":\"it-IT\"},{\"@type\":\"Organization\",\"@id\":\"https:\\\/\\\/www.julian-kirschler.com\\\/#organization\",\"name\":\"Julian Kirschler\",\"url\":\"https:\\\/\\\/www.julian-kirschler.com\\\/\",\"logo\":{\"@type\":\"ImageObject\",\"inLanguage\":\"it-IT\",\"@id\":\"https:\\\/\\\/www.julian-kirschler.com\\\/#\\\/schema\\\/logo\\\/image\\\/\",\"url\":\"https:\\\/\\\/www.julian-kirschler.com\\\/wp-content\\\/uploads\\\/2022\\\/02\\\/cropped-Bildschirmfoto-2022-02-09-um-21.35.57.png\",\"contentUrl\":\"https:\\\/\\\/www.julian-kirschler.com\\\/wp-content\\\/uploads\\\/2022\\\/02\\\/cropped-Bildschirmfoto-2022-02-09-um-21.35.57.png\",\"width\":776,\"height\":104,\"caption\":\"Julian Kirschler\"},\"image\":{\"@id\":\"https:\\\/\\\/www.julian-kirschler.com\\\/#\\\/schema\\\/logo\\\/image\\\/\"}}]}<\/script>\n<!-- \/ Yoast SEO plugin. -->","yoast_head_json":{"title":"Dichiarazioni sulla protezione dei dati - Julian Kirschler","robots":{"index":"noindex","follow":"nofollow"},"og_locale":"it_IT","og_type":"article","og_title":"Datenschutzerk\u00e4rungen - Julian Kirschler","og_description":"Datenschutzerkl\u00e4rung Datenschutzerkl\u00e4rung f\u00fcr Social Media","og_url":"https:\/\/www.julian-kirschler.com\/it\/datenschutzerkaerungen\/","og_site_name":"Julian Kirschler","article_modified_time":"2025-03-27T16:46:37+00:00","twitter_card":"summary_large_image","twitter_misc":{"Tempo di lettura stimato":"1 minuto"},"schema":{"@context":"https:\/\/schema.org","@graph":[{"@type":"WebPage","@id":"https:\/\/www.julian-kirschler.com\/datenschutzerkaerungen\/","url":"https:\/\/www.julian-kirschler.com\/datenschutzerkaerungen\/","name":"Dichiarazioni sulla protezione dei dati - Julian Kirschler","isPartOf":{"@id":"https:\/\/www.julian-kirschler.com\/#website"},"datePublished":"2024-12-11T03:07:59+00:00","dateModified":"2025-03-27T16:46:37+00:00","breadcrumb":{"@id":"https:\/\/www.julian-kirschler.com\/datenschutzerkaerungen\/#breadcrumb"},"inLanguage":"it-IT","potentialAction":[{"@type":"ReadAction","target":["https:\/\/www.julian-kirschler.com\/datenschutzerkaerungen\/"]}]},{"@type":"BreadcrumbList","@id":"https:\/\/www.julian-kirschler.com\/datenschutzerkaerungen\/#breadcrumb","itemListElement":[{"@type":"ListItem","position":1,"name":"Home","item":"https:\/\/www.julian-kirschler.com\/"},{"@type":"ListItem","position":2,"name":"Datenschutzerk\u00e4rungen"}]},{"@type":"WebSite","@id":"https:\/\/www.julian-kirschler.com\/#website","url":"https:\/\/www.julian-kirschler.com\/","name":"Julian Kirschler","description":"","publisher":{"@id":"https:\/\/www.julian-kirschler.com\/#organization"},"potentialAction":[{"@type":"SearchAction","target":{"@type":"EntryPoint","urlTemplate":"https:\/\/www.julian-kirschler.com\/?s={search_term_string}"},"query-input":{"@type":"PropertyValueSpecification","valueRequired":true,"valueName":"search_term_string"}}],"inLanguage":"it-IT"},{"@type":"Organization","@id":"https:\/\/www.julian-kirschler.com\/#organization","name":"Julian Kirschler","url":"https:\/\/www.julian-kirschler.com\/","logo":{"@type":"ImageObject","inLanguage":"it-IT","@id":"https:\/\/www.julian-kirschler.com\/#\/schema\/logo\/image\/","url":"https:\/\/www.julian-kirschler.com\/wp-content\/uploads\/2022\/02\/cropped-Bildschirmfoto-2022-02-09-um-21.35.57.png","contentUrl":"https:\/\/www.julian-kirschler.com\/wp-content\/uploads\/2022\/02\/cropped-Bildschirmfoto-2022-02-09-um-21.35.57.png","width":776,"height":104,"caption":"Julian Kirschler"},"image":{"@id":"https:\/\/www.julian-kirschler.com\/#\/schema\/logo\/image\/"}}]}},"_links":{"self":[{"href":"https:\/\/www.julian-kirschler.com\/it\/wp-json\/wp\/v2\/pages\/4467","targetHints":{"allow":["GET"]}}],"collection":[{"href":"https:\/\/www.julian-kirschler.com\/it\/wp-json\/wp\/v2\/pages"}],"about":[{"href":"https:\/\/www.julian-kirschler.com\/it\/wp-json\/wp\/v2\/types\/page"}],"author":[{"embeddable":true,"href":"https:\/\/www.julian-kirschler.com\/it\/wp-json\/wp\/v2\/users\/1"}],"replies":[{"embeddable":true,"href":"https:\/\/www.julian-kirschler.com\/it\/wp-json\/wp\/v2\/comments?post=4467"}],"version-history":[{"count":0,"href":"https:\/\/www.julian-kirschler.com\/it\/wp-json\/wp\/v2\/pages\/4467\/revisions"}],"wp:attachment":[{"href":"https:\/\/www.julian-kirschler.com\/it\/wp-json\/wp\/v2\/media?parent=4467"}],"curies":[{"name":"wp","href":"https:\/\/api.w.org\/{rel}","templated":true}]}}