{"id":2999,"date":"2024-04-07T03:58:07","date_gmt":"2024-04-07T01:58:07","guid":{"rendered":"https:\/\/www.julian-kirschler.com\/?page_id=2999"},"modified":"2025-07-21T00:37:58","modified_gmt":"2025-07-20T22:37:58","slug":"widerrufsrecht","status":"publish","type":"page","link":"https:\/\/www.julian-kirschler.com\/it\/widerrufsrecht\/","title":{"rendered":"Diritto di cancellazione"},"content":{"rendered":"<div data-elementor-type=\"wp-page\" data-elementor-id=\"2999\" class=\"elementor elementor-2999\" data-elementor-post-type=\"page\">\n\t\t\t\t\t\t<section data-particle_enable=\"false\" data-particle-mobile-disabled=\"false\" class=\"elementor-section elementor-top-section elementor-element elementor-element-39889a4 elementor-section-boxed elementor-section-height-default elementor-section-height-default\" data-id=\"39889a4\" data-element_type=\"section\" data-e-type=\"section\">\n\t\t\t\t\t\t<div class=\"elementor-container elementor-column-gap-default\">\n\t\t\t\t\t<div class=\"elementor-column elementor-col-100 elementor-top-column elementor-element elementor-element-91dccc3\" data-id=\"91dccc3\" data-element_type=\"column\" data-e-type=\"column\">\n\t\t\t<div class=\"elementor-widget-wrap elementor-element-populated\">\n\t\t\t\t\t\t<div class=\"elementor-element elementor-element-a3910a8 elementor-widget elementor-widget-html\" data-id=\"a3910a8\" data-element_type=\"widget\" data-e-type=\"widget\" data-widget_type=\"html.default\">\n\t\t\t\t<div class=\"elementor-widget-container\">\n\t\t\t\t\t<h1>Diritto di recesso per i consumatori<\/h1>\n\n<p><strong>Consumatori<\/strong> \u00e8 una persona fisica che stipula un negozio giuridico per scopi prevalentemente estranei alla sua attivit\u00e0 commerciale, imprenditoriale o professionale (art. 13 BGB).<\/p>\n\n<h2>Politica di cancellazione<\/h2>\n\n<h3>Diritto di cancellazione<\/h3>\n<p>Il cliente ha il diritto di annullare il presente contratto entro 14 giorni senza fornire alcuna motivazione.<\/p>\n\n<p>Il periodo di cancellazione \u00e8 di 14 giorni dalla data,<\/p>\n<ul>\n  <li>in cui voi o un terzo da voi indicato, che non sia il vettore, avete preso possesso della merce se avete ordinato la merce, oppure<\/li>\n  <li>in cui voi o un terzo da voi indicato, che non sia il vettore, siete entrati in possesso dell'ultima merce se avete ordinato pi\u00f9 merci come parte di un unico ordine, oppure<\/li>\n  <li>in cui voi o un terzo da voi indicato, che non sia il vettore, avete preso possesso dell'ultima consegna parziale o dell'ultimo articolo, se la merce \u00e8 stata consegnata in pi\u00f9 consegne parziali o articoli.<\/li>\n<\/ul>\n\n<p>Per esercitare il diritto di recesso, dovete informarci (Julian Kirschler, c\/o Postflex #5210, Emsdettener Stra\u00dfe 10, 48268 Greven, Germania, E-Mail: <a href=\"mailto:info@julian-kirschler.com\">info@julian-kirschler.com<\/a>) della vostra decisione di recedere dal presente contratto con una dichiarazione inequivocabile (ad esempio, tramite e-mail o lettera inviata per posta). \u00c8 possibile utilizzare il modello di modulo di recesso riportato di seguito, ma non \u00e8 obbligatorio.<\/p>\n\n<p>Per rispettare il termine di cancellazione, \u00e8 sufficiente inviare la notifica di esercizio del diritto di cancellazione prima della scadenza del termine.<\/p>\n\n<h3>Conseguenze della cancellazione<\/h3>\n<p>In caso di annullamento del contratto, vi rimborseremo tutti i pagamenti che abbiamo ricevuto da voi, compresi i costi di consegna (ad eccezione dei costi aggiuntivi derivanti da un tipo di consegna diverso da quello standard da noi offerto), immediatamente e al pi\u00f9 tardi entro 14 giorni dal giorno in cui riceviamo la notifica della vostra cancellazione.<\/p>\n\n<p>Per il rimborso, utilizzeremo lo stesso mezzo di pagamento utilizzato per la transazione originale, a meno che non sia stato espressamente concordato diversamente. In nessun caso vi sar\u00e0 addebitato alcun costo per questo rimborso.<\/p>\n\n<p>Potremmo rifiutarci di rimborsare il cliente finch\u00e9 non avremo ricevuto la merce o finch\u00e9 il cliente non avr\u00e0 fornito la prova di averla restituita, a seconda di quale delle due condizioni si verifichi per prima.<\/p>\n\n<p>Dovete restituirci o consegnarci la merce immediatamente e comunque entro e non oltre 14 giorni dal giorno in cui ci avete comunicato il recesso. Il termine \u00e8 rispettato se la merce viene spedita prima della scadenza del periodo di 14 giorni.<\/p>\n\n<p>I costi diretti della restituzione della merce sono a carico del cliente. Per le opere d'arte che non possono essere spedite tramite pacco postale (ad esempio i grandi formati incorniciati), organizzeremo il ritiro - i costi per questo saranno concordati individualmente nell'ambito del processo di cancellazione.<\/p>\n\n<p>Il cliente \u00e8 tenuto a pagare l'eventuale perdita di valore della merce solo se tale perdita di valore \u00e8 dovuta a una manipolazione della merce non necessaria per verificarne lo stato, le propriet\u00e0 e la funzionalit\u00e0.<\/p>\n\n<h2>Esclusione o scadenza anticipata del diritto di recesso<\/h2>\n<p>Il diritto di recesso non si applica ai contratti per la consegna di merci,<\/p>\n<ul>\n  <li>che non sono prefabbricati e per la cui produzione \u00e8 determinante la scelta o la determinazione individuale da parte del consumatore, oppure<\/li>\n  <li>che si adattano chiaramente alle esigenze personali del consumatore.<\/li>\n<\/ul>\n<p>Questo vale in particolare per le opere d'arte prodotte su ordinazione, come ad esempio le stampe fotografiche in edizione limitata in determinati formati o i progetti con incorniciatura personalizzata.<\/p>\n\n<h2>Esempio di modulo di cancellazione<\/h2>\n\n<p>(Se si desidera annullare il contratto, si prega di compilare e restituire il presente modulo).<\/p>\n\n<pre>\nA:\nJulian Kirschler\nc\/o Postflex #5210\nEmsdettener Stra\u00dfe 10\n48268 Greven\nGreven, Germania\nE-Mail: info@julian-kirschler.com\n\nCon la presente annullo il contratto da me stipulato per l'acquisto dei seguenti beni:\n\n____________________________________________________\n\nOrdinato il: _______________ \/ ricevuto il: _______________\n\nNome del\/i consumatore\/i: _______________________________\n\nIndirizzo del\/i consumatore\/i: ___________________________\n\nFirma (solo per la notifica su carta):\n\nData: _______________\n<\/pre>\n\t\t\t\t<\/div>\n\t\t\t\t<\/div>\n\t\t\t\t\t<\/div>\n\t\t<\/div>\n\t\t\t\t\t<\/div>\n\t\t<\/section>\n\t\t\t\t<\/div>","protected":false},"excerpt":{"rendered":"<p>Widerrufsrecht f\u00fcr Verbraucher Verbraucher ist jede nat\u00fcrliche Person, die ein Rechtsgesch\u00e4ft zu Zwecken abschlie\u00dft, die \u00fcberwiegend weder ihrer gewerblichen noch ihrer selbstst\u00e4ndigen beruflichen T\u00e4tigkeit zugerechnet werden k\u00f6nnen (\u00a7 13 BGB). Widerrufsbelehrung Widerrufsrecht Du hast das Recht, binnen 14 Tagen ohne Angabe von Gr\u00fcnden diesen Vertrag zu widerrufen. Die Widerrufsfrist betr\u00e4gt 14 Tage ab dem Tag, [&hellip;]<\/p>\n","protected":false},"author":1,"featured_media":0,"parent":0,"menu_order":0,"comment_status":"closed","ping_status":"closed","template":"","meta":{"footnotes":""},"class_list":["post-2999","page","type-page","status-publish","hentry"],"yoast_head":"<!-- This site is optimized with the Yoast SEO plugin v27.5 - https:\/\/yoast.com\/product\/yoast-seo-wordpress\/ -->\n<title>Widerrufsrecht - Julian Kirschler<\/title>\n<meta name=\"robots\" content=\"index, follow, max-snippet:-1, max-image-preview:large, max-video-preview:-1\" \/>\n<link rel=\"canonical\" href=\"https:\/\/www.julian-kirschler.com\/it\/widerrufsrecht\/\" \/>\n<meta property=\"og:locale\" content=\"it_IT\" \/>\n<meta property=\"og:type\" content=\"article\" \/>\n<meta property=\"og:title\" content=\"Widerrufsrecht - Julian Kirschler\" \/>\n<meta property=\"og:description\" content=\"Widerrufsrecht f\u00fcr Verbraucher Verbraucher ist jede nat\u00fcrliche Person, die ein Rechtsgesch\u00e4ft zu Zwecken abschlie\u00dft, die \u00fcberwiegend weder ihrer gewerblichen noch ihrer selbstst\u00e4ndigen beruflichen T\u00e4tigkeit zugerechnet werden k\u00f6nnen (\u00a7 13 BGB). Widerrufsbelehrung Widerrufsrecht Du hast das Recht, binnen 14 Tagen ohne Angabe von Gr\u00fcnden diesen Vertrag zu widerrufen. Die Widerrufsfrist betr\u00e4gt 14 Tage ab dem Tag, [&hellip;]\" \/>\n<meta property=\"og:url\" content=\"https:\/\/www.julian-kirschler.com\/it\/widerrufsrecht\/\" \/>\n<meta property=\"og:site_name\" content=\"Julian Kirschler\" \/>\n<meta property=\"article:modified_time\" content=\"2025-07-20T22:37:58+00:00\" \/>\n<meta name=\"twitter:card\" content=\"summary_large_image\" \/>\n<meta name=\"twitter:label1\" content=\"Tempo di lettura stimato\" \/>\n\t<meta name=\"twitter:data1\" content=\"3 minuti\" \/>\n<script type=\"application\/ld+json\" class=\"yoast-schema-graph\">{\"@context\":\"https:\\\/\\\/schema.org\",\"@graph\":[{\"@type\":\"WebPage\",\"@id\":\"https:\\\/\\\/www.julian-kirschler.com\\\/widerrufsrecht\\\/\",\"url\":\"https:\\\/\\\/www.julian-kirschler.com\\\/widerrufsrecht\\\/\",\"name\":\"Widerrufsrecht - Julian Kirschler\",\"isPartOf\":{\"@id\":\"https:\\\/\\\/www.julian-kirschler.com\\\/#website\"},\"datePublished\":\"2024-04-07T01:58:07+00:00\",\"dateModified\":\"2025-07-20T22:37:58+00:00\",\"breadcrumb\":{\"@id\":\"https:\\\/\\\/www.julian-kirschler.com\\\/widerrufsrecht\\\/#breadcrumb\"},\"inLanguage\":\"it-IT\",\"potentialAction\":[{\"@type\":\"ReadAction\",\"target\":[\"https:\\\/\\\/www.julian-kirschler.com\\\/widerrufsrecht\\\/\"]}]},{\"@type\":\"BreadcrumbList\",\"@id\":\"https:\\\/\\\/www.julian-kirschler.com\\\/widerrufsrecht\\\/#breadcrumb\",\"itemListElement\":[{\"@type\":\"ListItem\",\"position\":1,\"name\":\"Home\",\"item\":\"https:\\\/\\\/www.julian-kirschler.com\\\/\"},{\"@type\":\"ListItem\",\"position\":2,\"name\":\"Widerrufsrecht\"}]},{\"@type\":\"WebSite\",\"@id\":\"https:\\\/\\\/www.julian-kirschler.com\\\/#website\",\"url\":\"https:\\\/\\\/www.julian-kirschler.com\\\/\",\"name\":\"Julian Kirschler\",\"description\":\"\",\"publisher\":{\"@id\":\"https:\\\/\\\/www.julian-kirschler.com\\\/#organization\"},\"potentialAction\":[{\"@type\":\"SearchAction\",\"target\":{\"@type\":\"EntryPoint\",\"urlTemplate\":\"https:\\\/\\\/www.julian-kirschler.com\\\/?s={search_term_string}\"},\"query-input\":{\"@type\":\"PropertyValueSpecification\",\"valueRequired\":true,\"valueName\":\"search_term_string\"}}],\"inLanguage\":\"it-IT\"},{\"@type\":\"Organization\",\"@id\":\"https:\\\/\\\/www.julian-kirschler.com\\\/#organization\",\"name\":\"Julian Kirschler\",\"url\":\"https:\\\/\\\/www.julian-kirschler.com\\\/\",\"logo\":{\"@type\":\"ImageObject\",\"inLanguage\":\"it-IT\",\"@id\":\"https:\\\/\\\/www.julian-kirschler.com\\\/#\\\/schema\\\/logo\\\/image\\\/\",\"url\":\"https:\\\/\\\/www.julian-kirschler.com\\\/wp-content\\\/uploads\\\/2022\\\/02\\\/cropped-Bildschirmfoto-2022-02-09-um-21.35.57.png\",\"contentUrl\":\"https:\\\/\\\/www.julian-kirschler.com\\\/wp-content\\\/uploads\\\/2022\\\/02\\\/cropped-Bildschirmfoto-2022-02-09-um-21.35.57.png\",\"width\":776,\"height\":104,\"caption\":\"Julian Kirschler\"},\"image\":{\"@id\":\"https:\\\/\\\/www.julian-kirschler.com\\\/#\\\/schema\\\/logo\\\/image\\\/\"}}]}<\/script>\n<!-- \/ Yoast SEO plugin. -->","yoast_head_json":{"title":"Diritto di recesso - Julian Kirschler","robots":{"index":"index","follow":"follow","max-snippet":"max-snippet:-1","max-image-preview":"max-image-preview:large","max-video-preview":"max-video-preview:-1"},"canonical":"https:\/\/www.julian-kirschler.com\/it\/widerrufsrecht\/","og_locale":"it_IT","og_type":"article","og_title":"Widerrufsrecht - Julian Kirschler","og_description":"Widerrufsrecht f\u00fcr Verbraucher Verbraucher ist jede nat\u00fcrliche Person, die ein Rechtsgesch\u00e4ft zu Zwecken abschlie\u00dft, die \u00fcberwiegend weder ihrer gewerblichen noch ihrer selbstst\u00e4ndigen beruflichen T\u00e4tigkeit zugerechnet werden k\u00f6nnen (\u00a7 13 BGB). Widerrufsbelehrung Widerrufsrecht Du hast das Recht, binnen 14 Tagen ohne Angabe von Gr\u00fcnden diesen Vertrag zu widerrufen. Die Widerrufsfrist betr\u00e4gt 14 Tage ab dem Tag, [&hellip;]","og_url":"https:\/\/www.julian-kirschler.com\/it\/widerrufsrecht\/","og_site_name":"Julian Kirschler","article_modified_time":"2025-07-20T22:37:58+00:00","twitter_card":"summary_large_image","twitter_misc":{"Tempo di lettura stimato":"3 minuti"},"schema":{"@context":"https:\/\/schema.org","@graph":[{"@type":"WebPage","@id":"https:\/\/www.julian-kirschler.com\/widerrufsrecht\/","url":"https:\/\/www.julian-kirschler.com\/widerrufsrecht\/","name":"Diritto di recesso - Julian Kirschler","isPartOf":{"@id":"https:\/\/www.julian-kirschler.com\/#website"},"datePublished":"2024-04-07T01:58:07+00:00","dateModified":"2025-07-20T22:37:58+00:00","breadcrumb":{"@id":"https:\/\/www.julian-kirschler.com\/widerrufsrecht\/#breadcrumb"},"inLanguage":"it-IT","potentialAction":[{"@type":"ReadAction","target":["https:\/\/www.julian-kirschler.com\/widerrufsrecht\/"]}]},{"@type":"BreadcrumbList","@id":"https:\/\/www.julian-kirschler.com\/widerrufsrecht\/#breadcrumb","itemListElement":[{"@type":"ListItem","position":1,"name":"Home","item":"https:\/\/www.julian-kirschler.com\/"},{"@type":"ListItem","position":2,"name":"Widerrufsrecht"}]},{"@type":"WebSite","@id":"https:\/\/www.julian-kirschler.com\/#website","url":"https:\/\/www.julian-kirschler.com\/","name":"Julian Kirschler","description":"","publisher":{"@id":"https:\/\/www.julian-kirschler.com\/#organization"},"potentialAction":[{"@type":"SearchAction","target":{"@type":"EntryPoint","urlTemplate":"https:\/\/www.julian-kirschler.com\/?s={search_term_string}"},"query-input":{"@type":"PropertyValueSpecification","valueRequired":true,"valueName":"search_term_string"}}],"inLanguage":"it-IT"},{"@type":"Organization","@id":"https:\/\/www.julian-kirschler.com\/#organization","name":"Julian Kirschler","url":"https:\/\/www.julian-kirschler.com\/","logo":{"@type":"ImageObject","inLanguage":"it-IT","@id":"https:\/\/www.julian-kirschler.com\/#\/schema\/logo\/image\/","url":"https:\/\/www.julian-kirschler.com\/wp-content\/uploads\/2022\/02\/cropped-Bildschirmfoto-2022-02-09-um-21.35.57.png","contentUrl":"https:\/\/www.julian-kirschler.com\/wp-content\/uploads\/2022\/02\/cropped-Bildschirmfoto-2022-02-09-um-21.35.57.png","width":776,"height":104,"caption":"Julian Kirschler"},"image":{"@id":"https:\/\/www.julian-kirschler.com\/#\/schema\/logo\/image\/"}}]}},"_links":{"self":[{"href":"https:\/\/www.julian-kirschler.com\/it\/wp-json\/wp\/v2\/pages\/2999","targetHints":{"allow":["GET"]}}],"collection":[{"href":"https:\/\/www.julian-kirschler.com\/it\/wp-json\/wp\/v2\/pages"}],"about":[{"href":"https:\/\/www.julian-kirschler.com\/it\/wp-json\/wp\/v2\/types\/page"}],"author":[{"embeddable":true,"href":"https:\/\/www.julian-kirschler.com\/it\/wp-json\/wp\/v2\/users\/1"}],"replies":[{"embeddable":true,"href":"https:\/\/www.julian-kirschler.com\/it\/wp-json\/wp\/v2\/comments?post=2999"}],"version-history":[{"count":0,"href":"https:\/\/www.julian-kirschler.com\/it\/wp-json\/wp\/v2\/pages\/2999\/revisions"}],"wp:attachment":[{"href":"https:\/\/www.julian-kirschler.com\/it\/wp-json\/wp\/v2\/media?parent=2999"}],"curies":[{"name":"wp","href":"https:\/\/api.w.org\/{rel}","templated":true}]}}