{"id":2992,"date":"2024-04-07T03:35:24","date_gmt":"2024-04-07T01:35:24","guid":{"rendered":"https:\/\/www.julian-kirschler.com\/?page_id=2992"},"modified":"2025-07-21T00:43:25","modified_gmt":"2025-07-20T22:43:25","slug":"agbs-und-kundeninformationen","status":"publish","type":"page","link":"https:\/\/www.julian-kirschler.com\/it\/agbs-und-kundeninformationen\/","title":{"rendered":"Condizioni generali e informazioni per i clienti"},"content":{"rendered":"<div data-elementor-type=\"wp-page\" data-elementor-id=\"2992\" class=\"elementor elementor-2992\" data-elementor-post-type=\"page\">\n\t\t\t\t\t\t<section data-particle_enable=\"false\" data-particle-mobile-disabled=\"false\" class=\"elementor-section elementor-top-section elementor-element elementor-element-2291529 elementor-section-boxed elementor-section-height-default elementor-section-height-default\" data-id=\"2291529\" data-element_type=\"section\" data-e-type=\"section\">\n\t\t\t\t\t\t<div class=\"elementor-container elementor-column-gap-default\">\n\t\t\t\t\t<div class=\"elementor-column elementor-col-100 elementor-top-column elementor-element elementor-element-02af8d6\" data-id=\"02af8d6\" data-element_type=\"column\" data-e-type=\"column\">\n\t\t\t<div class=\"elementor-widget-wrap elementor-element-populated\">\n\t\t\t\t\t\t<div class=\"elementor-element elementor-element-1dec6f3 elementor-widget elementor-widget-html\" data-id=\"1dec6f3\" data-element_type=\"widget\" data-e-type=\"widget\" data-widget_type=\"html.default\">\n\t\t\t\t<div class=\"elementor-widget-container\">\n\t\t\t\t\t<h1>Condizioni generali e informazioni per i clienti<\/h1>\n\n<h2>I. Termini e condizioni generali<\/h2>\n\n<h3>\u00a7 1 Disposizioni di base<\/h3>\n<p>(1) Le seguenti condizioni commerciali si applicano a tutti i contratti stipulati con noi in qualit\u00e0 di fornitore (Julian Kirschler) attraverso il sito web di Julian Kirschler. <a href=\"https:\/\/www.julian-kirschler.com\/it\/\">www.julian-kirschler.com<\/a> conclusione. Condizioni diverse da quelle del cliente si applicano solo se noi abbiamo espressamente accettato la loro validit\u00e0.<\/p>\n<p>(2) Un consumatore ai sensi delle presenti CGV \u00e8 una persona fisica che conclude un negozio giuridico per scopi prevalentemente estranei alla propria attivit\u00e0 commerciale, imprenditoriale o professionale. Un imprenditore \u00e8 una persona fisica o giuridica o una societ\u00e0 di persone con capacit\u00e0 giuridica che, nel concludere un negozio giuridico, agisce nell'esercizio della propria attivit\u00e0 commerciale o professionale indipendente.<\/p>\n\n<h3>\u00a7 2 Conclusione del contratto<\/h3>\n<p>(1) La presentazione dei prodotti nel nostro negozio online costituisce un'offerta vincolante per la stipula di un contratto di acquisto.<\/p>\n<p>(2) Il contratto viene stipulato tramite il sistema integrato di carrello della spesa online. L'utente inserisce i prodotti desiderati nel carrello, esegue il processo di ordinazione elettronica e alla fine effettua un ordine giuridicamente vincolante cliccando sul pulsante corrispondente (\"ordine con obbligo di pagamento\", \"acquista ora\" o simili).<\/p>\n<p>(3) Prima di inviare l'ordine, \u00e8 possibile controllare nuovamente tutti i dati e modificarli se necessario. Il contratto \u00e8 concluso non appena si invia l'ordine.<\/p>\n<p>(4) Dopo aver effettuato l'ordine, riceverete una conferma automatica via e-mail. Tale conferma documenta la ricezione dell'ordine, ma non costituisce accettazione del contratto. L'accettazione del contratto avviene tramite un'e-mail separata con la conferma della spedizione o della consegna della merce.<\/p>\n\n<h3>\u00a7 3 Licenza d'uso per i contenuti digitali<\/h3>\n<p>In caso di offerta di contenuti digitali, riceverete una semplice licenza non trasferibile per l'uso in conformit\u00e0 ai termini e alle condizioni specificati nella rispettiva offerta. Tutti i contenuti sono soggetti a copyright.<\/p>\n\n<h3>\u00a7 4 Modalit\u00e0 e termini di pagamento<\/h3>\n<p>(1) I metodi di pagamento disponibili (ad es. PayPal, Klarna, Stripe, Amazon Pay) sono elencati nel processo d'ordine e nella sezione \"Pagamento e spedizione\".<\/p>\n<p>(2) Si applicano i termini e le condizioni e le linee guida sulla protezione dei dati del fornitore di servizi di pagamento selezionato.<\/p>\n<p>(3) Le richieste di pagamento devono essere pagate immediatamente, a meno che non sia indicato diversamente nel processo d'ordine.<\/p>\n\n<h3>\u00a7 5 Riserva di propriet\u00e0<\/h3>\n<p>La merce rimane di nostra propriet\u00e0 fino al ricevimento del pagamento completo.<\/p>\n\n<h3>\u00a7 6 Consegna e spedizione<\/h3>\n<p>(1) Le condizioni di consegna, i tempi di consegna e i costi di spedizione sono elencati sul nostro sito web alla voce \"Pagamento e spedizione\".<\/p>\n<p>(2) Per le consegne in paesi non appartenenti all'Unione Europea, possono essere applicati ulteriori dazi doganali, tasse o tariffe, che l'acquirente deve sostenere.<\/p>\n\n<h3>\u00a7 7 Diritto di recesso<\/h3>\n<p>I consumatori hanno generalmente diritto a un diritto di recesso previsto dalla legge. I dettagli sono riportati nella <a href=\"\/it\/widerruf\/\">Politica di cancellazione<\/a>.<\/p>\n<p>Il diritto di recesso pu\u00f2 essere escluso per le opere su misura o su ordinazione (ad esempio arte fotografica firmata, incorniciata o in edizione limitata), ove consentito dalla legge.<\/p>\n\n<h3>\u00a7 8 Garanzia<\/h3>\n<p>Si applicano i diritti di garanzia previsti dalla legge.<\/p>\n<p>Vi preghiamo di controllare la merce immediatamente dopo il ricevimento. Vi preghiamo di informarci tempestivamente di eventuali difetti evidenti, senza che ci\u00f2 costituisca un presupposto per i vostri diritti.<\/p>\n\n<h3>\u00a7 9 Risoluzione delle controversie \/ Piattaforma OS<\/h3>\n<p>La Commissione europea fornisce una piattaforma per la risoluzione delle controversie online (OS): <a href=\"https:\/\/ec.europa.eu\/odr\" target=\"_blank\">https:\/\/ec.europa.eu\/odr<\/a><\/p>\n<p>Non siamo obbligati n\u00e9 disposti a partecipare a una procedura di risoluzione delle controversie davanti a un collegio arbitrale dei consumatori.<\/p>\n\n<h3>\u00a7 10 Scelta della legge<\/h3>\n<p>Si applica il diritto della Repubblica Federale di Germania, ad esclusione della Convenzione delle Nazioni Unite sui contratti di vendita internazionale di beni mobili. Nel caso dei consumatori, questa scelta di legge si applica solo nella misura in cui la protezione garantita dal paese di residenza non \u00e8 revocata da disposizioni imperative.<\/p>\n\n<h2>II Informazioni sul cliente<\/h2>\n\n<h3>1. informazioni sul fornitore<\/h3>\n<p>Julian Kirschler<br>\nc\/o Postflex #5210<br>\nEmsdettener Stra\u00dfe 10<br>\n48268 Greven<br>\nGermania<br>\nTelefono: +49 170 2998885<br>\nE-mail: <a href=\"mailto:info@julian-kirschler.com\">info@julian-kirschler.com<\/a><\/p>\n\n<h3>2. linguaggio del contratto e conservazione del contratto<\/h3>\n<p>La lingua del contratto \u00e8 il tedesco.<\/p>\n<p>Il testo completo del contratto non viene salvato in modo permanente. Prima di inviare l'ordine, \u00e8 possibile salvare il testo del contratto utilizzando la funzione di stampa del browser. Dopo aver ricevuto l'ordine, vi invieremo una conferma d'ordine con tutti i dati rilevanti via e-mail.<\/p>\n\n<h3>3. informazioni sulla conclusione del contratto<\/h3>\n<p>Il contratto viene stipulato in conformit\u00e0 al \u00a7 2 delle nostre Condizioni generali di contratto.<\/p>\n\n<h3>4. caratteristiche essenziali dei beni<\/h3>\n<p>Le caratteristiche essenziali della merce sono specificate nella descrizione del prodotto nel negozio online.<\/p>\n\n<h3>5. prezzi e costi di spedizione<\/h3>\n<p>Tutti i prezzi sono da intendersi come prezzi totali comprensivi di IVA. Le spese di spedizione sono indicate separatamente e sono a carico dell'acquirente, a meno che non venga offerta la spedizione gratuita.<\/p>\n<p>Le consegne in paesi al di fuori dell'Unione Europea possono comportare costi aggiuntivi (ad esempio, dazi doganali o tasse), che sono a carico dell'acquirente.<\/p>\n\n<h3>6. consegna<\/h3>\n<p>La consegna avverr\u00e0 all'indirizzo indicato dall'utente, salvo accordi diversi. Ulteriori informazioni sono disponibili nella sezione \"Pagamento e spedizione\".<\/p>\n<p>Nel caso dei consumatori, il rischio viene trasferito solo al momento della consegna della merce. Nel caso degli imprenditori, il trasferimento del rischio avviene al momento della consegna allo spedizioniere.<\/p>\n\n<h3>7. Garanzia<\/h3>\n<p>Si applicano le disposizioni di garanzia previste dalla legge ai sensi del \u00a7 8 delle presenti CGC.<\/p>\n\t\t\t\t<\/div>\n\t\t\t\t<\/div>\n\t\t\t\t\t<\/div>\n\t\t<\/div>\n\t\t\t\t\t<\/div>\n\t\t<\/section>\n\t\t\t\t<\/div>","protected":false},"excerpt":{"rendered":"<p>Allgemeine Gesch\u00e4ftsbedingungen und Kundeninformationen I. Allgemeine Gesch\u00e4ftsbedingungen \u00a7 1 Grundlegende Bestimmungen (1) Die nachstehenden Gesch\u00e4ftsbedingungen gelten f\u00fcr alle Vertr\u00e4ge, die du mit uns als Anbieter (Julian Kirschler) \u00fcber die Internetseite www.julian-kirschler.com abschlie\u00dft. Abweichende Bedingungen des Kunden finden nur Anwendung, wenn wir ihrer Geltung ausdr\u00fccklich zugestimmt haben. (2) Verbraucher im Sinne dieser AGB ist jede nat\u00fcrliche [&hellip;]<\/p>\n","protected":false},"author":1,"featured_media":0,"parent":0,"menu_order":0,"comment_status":"closed","ping_status":"closed","template":"","meta":{"footnotes":""},"class_list":["post-2992","page","type-page","status-publish","hentry"],"yoast_head":"<!-- This site is optimized with the Yoast SEO plugin v27.5 - https:\/\/yoast.com\/product\/yoast-seo-wordpress\/ -->\n<title>AGB\u2019s und Kundeninformationen - Julian Kirschler<\/title>\n<meta name=\"robots\" content=\"noindex, nofollow\" \/>\n<meta property=\"og:locale\" content=\"it_IT\" \/>\n<meta property=\"og:type\" content=\"article\" \/>\n<meta property=\"og:title\" content=\"AGB\u2019s und Kundeninformationen - Julian Kirschler\" \/>\n<meta property=\"og:description\" content=\"Allgemeine Gesch\u00e4ftsbedingungen und Kundeninformationen I. Allgemeine Gesch\u00e4ftsbedingungen \u00a7 1 Grundlegende Bestimmungen (1) Die nachstehenden Gesch\u00e4ftsbedingungen gelten f\u00fcr alle Vertr\u00e4ge, die du mit uns als Anbieter (Julian Kirschler) \u00fcber die Internetseite www.julian-kirschler.com abschlie\u00dft. Abweichende Bedingungen des Kunden finden nur Anwendung, wenn wir ihrer Geltung ausdr\u00fccklich zugestimmt haben. (2) Verbraucher im Sinne dieser AGB ist jede nat\u00fcrliche [&hellip;]\" \/>\n<meta property=\"og:url\" content=\"https:\/\/www.julian-kirschler.com\/it\/agbs-und-kundeninformationen\/\" \/>\n<meta property=\"og:site_name\" content=\"Julian Kirschler\" \/>\n<meta property=\"article:modified_time\" content=\"2025-07-20T22:43:25+00:00\" \/>\n<meta name=\"twitter:card\" content=\"summary_large_image\" \/>\n<meta name=\"twitter:label1\" content=\"Tempo di lettura stimato\" \/>\n\t<meta name=\"twitter:data1\" content=\"4 minuti\" \/>\n<script type=\"application\/ld+json\" class=\"yoast-schema-graph\">{\"@context\":\"https:\\\/\\\/schema.org\",\"@graph\":[{\"@type\":\"WebPage\",\"@id\":\"https:\\\/\\\/www.julian-kirschler.com\\\/agbs-und-kundeninformationen\\\/\",\"url\":\"https:\\\/\\\/www.julian-kirschler.com\\\/agbs-und-kundeninformationen\\\/\",\"name\":\"AGB\u2019s und Kundeninformationen - Julian Kirschler\",\"isPartOf\":{\"@id\":\"https:\\\/\\\/www.julian-kirschler.com\\\/#website\"},\"datePublished\":\"2024-04-07T01:35:24+00:00\",\"dateModified\":\"2025-07-20T22:43:25+00:00\",\"breadcrumb\":{\"@id\":\"https:\\\/\\\/www.julian-kirschler.com\\\/agbs-und-kundeninformationen\\\/#breadcrumb\"},\"inLanguage\":\"it-IT\",\"potentialAction\":[{\"@type\":\"ReadAction\",\"target\":[\"https:\\\/\\\/www.julian-kirschler.com\\\/agbs-und-kundeninformationen\\\/\"]}]},{\"@type\":\"BreadcrumbList\",\"@id\":\"https:\\\/\\\/www.julian-kirschler.com\\\/agbs-und-kundeninformationen\\\/#breadcrumb\",\"itemListElement\":[{\"@type\":\"ListItem\",\"position\":1,\"name\":\"Home\",\"item\":\"https:\\\/\\\/www.julian-kirschler.com\\\/\"},{\"@type\":\"ListItem\",\"position\":2,\"name\":\"AGB\u2019s und Kundeninformationen\"}]},{\"@type\":\"WebSite\",\"@id\":\"https:\\\/\\\/www.julian-kirschler.com\\\/#website\",\"url\":\"https:\\\/\\\/www.julian-kirschler.com\\\/\",\"name\":\"Julian Kirschler\",\"description\":\"\",\"publisher\":{\"@id\":\"https:\\\/\\\/www.julian-kirschler.com\\\/#organization\"},\"potentialAction\":[{\"@type\":\"SearchAction\",\"target\":{\"@type\":\"EntryPoint\",\"urlTemplate\":\"https:\\\/\\\/www.julian-kirschler.com\\\/?s={search_term_string}\"},\"query-input\":{\"@type\":\"PropertyValueSpecification\",\"valueRequired\":true,\"valueName\":\"search_term_string\"}}],\"inLanguage\":\"it-IT\"},{\"@type\":\"Organization\",\"@id\":\"https:\\\/\\\/www.julian-kirschler.com\\\/#organization\",\"name\":\"Julian Kirschler\",\"url\":\"https:\\\/\\\/www.julian-kirschler.com\\\/\",\"logo\":{\"@type\":\"ImageObject\",\"inLanguage\":\"it-IT\",\"@id\":\"https:\\\/\\\/www.julian-kirschler.com\\\/#\\\/schema\\\/logo\\\/image\\\/\",\"url\":\"https:\\\/\\\/www.julian-kirschler.com\\\/wp-content\\\/uploads\\\/2022\\\/02\\\/cropped-Bildschirmfoto-2022-02-09-um-21.35.57.png\",\"contentUrl\":\"https:\\\/\\\/www.julian-kirschler.com\\\/wp-content\\\/uploads\\\/2022\\\/02\\\/cropped-Bildschirmfoto-2022-02-09-um-21.35.57.png\",\"width\":776,\"height\":104,\"caption\":\"Julian Kirschler\"},\"image\":{\"@id\":\"https:\\\/\\\/www.julian-kirschler.com\\\/#\\\/schema\\\/logo\\\/image\\\/\"}}]}<\/script>\n<!-- \/ Yoast SEO plugin. -->","yoast_head_json":{"title":"Condizioni generali e informazioni per i clienti - Julian Kirschler","robots":{"index":"noindex","follow":"nofollow"},"og_locale":"it_IT","og_type":"article","og_title":"AGB\u2019s und Kundeninformationen - Julian Kirschler","og_description":"Allgemeine Gesch\u00e4ftsbedingungen und Kundeninformationen I. Allgemeine Gesch\u00e4ftsbedingungen \u00a7 1 Grundlegende Bestimmungen (1) Die nachstehenden Gesch\u00e4ftsbedingungen gelten f\u00fcr alle Vertr\u00e4ge, die du mit uns als Anbieter (Julian Kirschler) \u00fcber die Internetseite www.julian-kirschler.com abschlie\u00dft. Abweichende Bedingungen des Kunden finden nur Anwendung, wenn wir ihrer Geltung ausdr\u00fccklich zugestimmt haben. (2) Verbraucher im Sinne dieser AGB ist jede nat\u00fcrliche [&hellip;]","og_url":"https:\/\/www.julian-kirschler.com\/it\/agbs-und-kundeninformationen\/","og_site_name":"Julian Kirschler","article_modified_time":"2025-07-20T22:43:25+00:00","twitter_card":"summary_large_image","twitter_misc":{"Tempo di lettura stimato":"4 minuti"},"schema":{"@context":"https:\/\/schema.org","@graph":[{"@type":"WebPage","@id":"https:\/\/www.julian-kirschler.com\/agbs-und-kundeninformationen\/","url":"https:\/\/www.julian-kirschler.com\/agbs-und-kundeninformationen\/","name":"Condizioni generali e informazioni per i clienti - Julian Kirschler","isPartOf":{"@id":"https:\/\/www.julian-kirschler.com\/#website"},"datePublished":"2024-04-07T01:35:24+00:00","dateModified":"2025-07-20T22:43:25+00:00","breadcrumb":{"@id":"https:\/\/www.julian-kirschler.com\/agbs-und-kundeninformationen\/#breadcrumb"},"inLanguage":"it-IT","potentialAction":[{"@type":"ReadAction","target":["https:\/\/www.julian-kirschler.com\/agbs-und-kundeninformationen\/"]}]},{"@type":"BreadcrumbList","@id":"https:\/\/www.julian-kirschler.com\/agbs-und-kundeninformationen\/#breadcrumb","itemListElement":[{"@type":"ListItem","position":1,"name":"Home","item":"https:\/\/www.julian-kirschler.com\/"},{"@type":"ListItem","position":2,"name":"AGB\u2019s und Kundeninformationen"}]},{"@type":"WebSite","@id":"https:\/\/www.julian-kirschler.com\/#website","url":"https:\/\/www.julian-kirschler.com\/","name":"Julian Kirschler","description":"","publisher":{"@id":"https:\/\/www.julian-kirschler.com\/#organization"},"potentialAction":[{"@type":"SearchAction","target":{"@type":"EntryPoint","urlTemplate":"https:\/\/www.julian-kirschler.com\/?s={search_term_string}"},"query-input":{"@type":"PropertyValueSpecification","valueRequired":true,"valueName":"search_term_string"}}],"inLanguage":"it-IT"},{"@type":"Organization","@id":"https:\/\/www.julian-kirschler.com\/#organization","name":"Julian Kirschler","url":"https:\/\/www.julian-kirschler.com\/","logo":{"@type":"ImageObject","inLanguage":"it-IT","@id":"https:\/\/www.julian-kirschler.com\/#\/schema\/logo\/image\/","url":"https:\/\/www.julian-kirschler.com\/wp-content\/uploads\/2022\/02\/cropped-Bildschirmfoto-2022-02-09-um-21.35.57.png","contentUrl":"https:\/\/www.julian-kirschler.com\/wp-content\/uploads\/2022\/02\/cropped-Bildschirmfoto-2022-02-09-um-21.35.57.png","width":776,"height":104,"caption":"Julian Kirschler"},"image":{"@id":"https:\/\/www.julian-kirschler.com\/#\/schema\/logo\/image\/"}}]}},"_links":{"self":[{"href":"https:\/\/www.julian-kirschler.com\/it\/wp-json\/wp\/v2\/pages\/2992","targetHints":{"allow":["GET"]}}],"collection":[{"href":"https:\/\/www.julian-kirschler.com\/it\/wp-json\/wp\/v2\/pages"}],"about":[{"href":"https:\/\/www.julian-kirschler.com\/it\/wp-json\/wp\/v2\/types\/page"}],"author":[{"embeddable":true,"href":"https:\/\/www.julian-kirschler.com\/it\/wp-json\/wp\/v2\/users\/1"}],"replies":[{"embeddable":true,"href":"https:\/\/www.julian-kirschler.com\/it\/wp-json\/wp\/v2\/comments?post=2992"}],"version-history":[{"count":0,"href":"https:\/\/www.julian-kirschler.com\/it\/wp-json\/wp\/v2\/pages\/2992\/revisions"}],"wp:attachment":[{"href":"https:\/\/www.julian-kirschler.com\/it\/wp-json\/wp\/v2\/media?parent=2992"}],"curies":[{"name":"wp","href":"https:\/\/api.w.org\/{rel}","templated":true}]}}