{"id":218,"date":"2022-02-10T00:57:00","date_gmt":"2022-02-09T23:57:00","guid":{"rendered":"https:\/\/julian-kirschler.com\/?page_id=218"},"modified":"2024-06-30T13:38:57","modified_gmt":"2024-06-30T11:38:57","slug":"julian-kirschler-bio","status":"publish","type":"page","link":"https:\/\/www.julian-kirschler.com\/it\/julian-kirschler-bio\/","title":{"rendered":"Julian Kirschler Biografia"},"content":{"rendered":"<div data-elementor-type=\"wp-page\" data-elementor-id=\"218\" class=\"elementor elementor-218\" data-elementor-post-type=\"page\">\n\t\t\t\t\t\t<section data-particle_enable=\"false\" data-particle-mobile-disabled=\"false\" class=\"elementor-section elementor-top-section elementor-element elementor-element-dcbe281 elementor-section-boxed elementor-section-height-default elementor-section-height-default\" data-id=\"dcbe281\" data-element_type=\"section\" data-e-type=\"section\">\n\t\t\t\t\t\t<div class=\"elementor-container elementor-column-gap-default\">\n\t\t\t\t\t<div class=\"elementor-column elementor-col-100 elementor-top-column elementor-element elementor-element-d24e59a\" data-id=\"d24e59a\" data-element_type=\"column\" data-e-type=\"column\">\n\t\t\t<div class=\"elementor-widget-wrap elementor-element-populated\">\n\t\t\t\t\t\t<div class=\"elementor-element elementor-element-7f4903e elementor-widget elementor-widget-heading\" data-id=\"7f4903e\" data-element_type=\"widget\" data-e-type=\"widget\" data-widget_type=\"heading.default\">\n\t\t\t\t<div class=\"elementor-widget-container\">\n\t\t\t\t\t<h2 class=\"elementor-heading-title elementor-size-default\"><b>Julian Kirschler<\/b><\/h2>\t\t\t\t<\/div>\n\t\t\t\t<\/div>\n\t\t\t\t<div class=\"elementor-element elementor-element-5f04fdc elementor-widget elementor-widget-heading\" data-id=\"5f04fdc\" data-element_type=\"widget\" data-e-type=\"widget\" data-widget_type=\"heading.default\">\n\t\t\t\t<div class=\"elementor-widget-container\">\n\t\t\t\t\t<h2 class=\"elementor-heading-title elementor-size-default\">nato nel 1964, vive e lavora<br>a Pforzheim e Berlino<\/h2>\t\t\t\t<\/div>\n\t\t\t\t<\/div>\n\t\t\t\t<div class=\"elementor-element elementor-element-7ed3917 elementor-widget elementor-widget-text-editor\" data-id=\"7ed3917\" data-element_type=\"widget\" data-e-type=\"widget\" data-widget_type=\"text-editor.default\">\n\t\t\t\t<div class=\"elementor-widget-container\">\n\t\t\t\t\t\t\t\t\t<div class=\"page\" title=\"Pagina 8\"><div class=\"section\"><div class=\"layoutArea\"><div class=\"column\"><p>Julian Kirschler si \u00e8 laureato alla Bayerische Staatslehranstalt f\u00fcr Photographie di Monaco. In seguito ha lavorato come assistente di diversi fotografi, tra cui il famoso fotoreporter di serie internazionali di corse, Rainer Schlegelmilch. L'esperienza acquisita fotografando da un'auto in movimento ha plasmato il suo metodo fotografico fino ad oggi. Oggi Julian Kirschler scatta i suoi FLOWshots da elicotteri, parapendio, barche, automobili o pedelec, tra gli altri luoghi. Dal 2018 lavora esclusivamente alla realizzazione di concetti e installazioni artistiche e espositive inedite e immersive. A questo scopo ha avviato la piattaforma artistica YOU ARE HERE:@\/\/\/wolken.kuckucks.heim | cloud.cuckoo.land LAB, che realizza fotografie, video e installazioni digitali con paesaggi sonori appositamente composti. Negli ultimi anni il suo lavoro di fotografo lo ha portato in tutta Europa, dall'Islanda alla Foresta di Bregenz, alla Cornovaglia... e alle metropoli di Amsterdam, Parigi, Vienna, Amburgo, Berlino e numerose altre destinazioni.<\/p><\/div><\/div><\/div><\/div>\t\t\t\t\t\t\t\t<\/div>\n\t\t\t\t<\/div>\n\t\t\t\t\t<\/div>\n\t\t<\/div>\n\t\t\t\t\t<\/div>\n\t\t<\/section>\n\t\t\t\t<section data-particle_enable=\"false\" data-particle-mobile-disabled=\"false\" class=\"elementor-section elementor-top-section elementor-element elementor-element-4402f1a elementor-section-boxed elementor-section-height-default elementor-section-height-default\" data-id=\"4402f1a\" data-element_type=\"section\" data-e-type=\"section\">\n\t\t\t\t\t\t<div class=\"elementor-container elementor-column-gap-default\">\n\t\t\t\t\t<div class=\"elementor-column elementor-col-100 elementor-top-column elementor-element elementor-element-6867eaf\" data-id=\"6867eaf\" data-element_type=\"column\" data-e-type=\"column\">\n\t\t\t<div class=\"elementor-widget-wrap elementor-element-populated\">\n\t\t\t\t\t\t<div class=\"elementor-element elementor-element-4f816c8 elementor-widget elementor-widget-spacer\" data-id=\"4f816c8\" data-element_type=\"widget\" data-e-type=\"widget\" data-widget_type=\"spacer.default\">\n\t\t\t\t<div class=\"elementor-widget-container\">\n\t\t\t\t\t\t\t<div class=\"elementor-spacer\">\n\t\t\t<div class=\"elementor-spacer-inner\"><\/div>\n\t\t<\/div>\n\t\t\t\t\t\t<\/div>\n\t\t\t\t<\/div>\n\t\t\t\t\t<\/div>\n\t\t<\/div>\n\t\t\t\t\t<\/div>\n\t\t<\/section>\n\t\t\t\t<\/div>","protected":false},"excerpt":{"rendered":"<p>Julian Kirschler geb.1964, lebt und arbeitetin Pforzheim und Berlin Julian Kirschler ist Absolvent der Bayerischen Staatslehranstalt f\u00fcr Photographie, M\u00fcnchen. Daran schlossen sich Assistenzen bei mehreren Fotografen an, darunter dem renommierten Fotoreporter f\u00fcr internationale Rennserien, Rainer Schlegelmilch. Die damals gewonnene Erfahrung, aus einem fahrenden Auto heraus zu fotografieren, pr\u00e4gte seine Methode zu Fotografieren bis jetzt. Heute [&hellip;]<\/p>\n","protected":false},"author":1,"featured_media":0,"parent":0,"menu_order":0,"comment_status":"closed","ping_status":"closed","template":"","meta":{"footnotes":""},"class_list":["post-218","page","type-page","status-publish","hentry"],"yoast_head":"<!-- This site is optimized with the Yoast SEO plugin v27.5 - https:\/\/yoast.com\/product\/yoast-seo-wordpress\/ -->\n<title>Julian Kirschler Bio - Julian Kirschler<\/title>\n<meta name=\"description\" content=\"Julian Kirschler ist Absolvent der Bayerischen Staatslehranstalt f\u00fcr Photographie, M\u00fcnchen. Daran schlossen sich Assistenzen bei mehreren...\" \/>\n<meta name=\"robots\" content=\"index, follow, max-snippet:-1, max-image-preview:large, max-video-preview:-1\" \/>\n<link rel=\"canonical\" href=\"https:\/\/www.julian-kirschler.com\/it\/julian-kirschler-bio\/\" \/>\n<meta property=\"og:locale\" content=\"it_IT\" \/>\n<meta property=\"og:type\" content=\"article\" \/>\n<meta property=\"og:title\" content=\"Julian Kirschler Bio - Julian Kirschler\" \/>\n<meta property=\"og:description\" content=\"Julian Kirschler ist Absolvent der Bayerischen Staatslehranstalt f\u00fcr Photographie, M\u00fcnchen. Daran schlossen sich Assistenzen bei mehreren...\" \/>\n<meta property=\"og:url\" content=\"https:\/\/www.julian-kirschler.com\/it\/julian-kirschler-bio\/\" \/>\n<meta property=\"og:site_name\" content=\"Julian Kirschler\" \/>\n<meta property=\"article:modified_time\" content=\"2024-06-30T11:38:57+00:00\" \/>\n<meta name=\"twitter:card\" content=\"summary_large_image\" \/>\n<meta name=\"twitter:label1\" content=\"Tempo di lettura stimato\" \/>\n\t<meta name=\"twitter:data1\" content=\"1 minuto\" \/>\n<script type=\"application\/ld+json\" class=\"yoast-schema-graph\">{\"@context\":\"https:\\\/\\\/schema.org\",\"@graph\":[{\"@type\":\"WebPage\",\"@id\":\"https:\\\/\\\/www.julian-kirschler.com\\\/julian-kirschler-bio\\\/\",\"url\":\"https:\\\/\\\/www.julian-kirschler.com\\\/julian-kirschler-bio\\\/\",\"name\":\"Julian Kirschler Bio - Julian Kirschler\",\"isPartOf\":{\"@id\":\"https:\\\/\\\/www.julian-kirschler.com\\\/#website\"},\"datePublished\":\"2022-02-09T23:57:00+00:00\",\"dateModified\":\"2024-06-30T11:38:57+00:00\",\"description\":\"Julian Kirschler ist Absolvent der Bayerischen Staatslehranstalt f\u00fcr Photographie, M\u00fcnchen. Daran schlossen sich Assistenzen bei mehreren...\",\"breadcrumb\":{\"@id\":\"https:\\\/\\\/www.julian-kirschler.com\\\/julian-kirschler-bio\\\/#breadcrumb\"},\"inLanguage\":\"it-IT\",\"potentialAction\":[{\"@type\":\"ReadAction\",\"target\":[\"https:\\\/\\\/www.julian-kirschler.com\\\/julian-kirschler-bio\\\/\"]}]},{\"@type\":\"BreadcrumbList\",\"@id\":\"https:\\\/\\\/www.julian-kirschler.com\\\/julian-kirschler-bio\\\/#breadcrumb\",\"itemListElement\":[{\"@type\":\"ListItem\",\"position\":1,\"name\":\"Home\",\"item\":\"https:\\\/\\\/www.julian-kirschler.com\\\/\"},{\"@type\":\"ListItem\",\"position\":2,\"name\":\"Julian Kirschler Bio\"}]},{\"@type\":\"WebSite\",\"@id\":\"https:\\\/\\\/www.julian-kirschler.com\\\/#website\",\"url\":\"https:\\\/\\\/www.julian-kirschler.com\\\/\",\"name\":\"Julian Kirschler\",\"description\":\"\",\"publisher\":{\"@id\":\"https:\\\/\\\/www.julian-kirschler.com\\\/#organization\"},\"potentialAction\":[{\"@type\":\"SearchAction\",\"target\":{\"@type\":\"EntryPoint\",\"urlTemplate\":\"https:\\\/\\\/www.julian-kirschler.com\\\/?s={search_term_string}\"},\"query-input\":{\"@type\":\"PropertyValueSpecification\",\"valueRequired\":true,\"valueName\":\"search_term_string\"}}],\"inLanguage\":\"it-IT\"},{\"@type\":\"Organization\",\"@id\":\"https:\\\/\\\/www.julian-kirschler.com\\\/#organization\",\"name\":\"Julian Kirschler\",\"url\":\"https:\\\/\\\/www.julian-kirschler.com\\\/\",\"logo\":{\"@type\":\"ImageObject\",\"inLanguage\":\"it-IT\",\"@id\":\"https:\\\/\\\/www.julian-kirschler.com\\\/#\\\/schema\\\/logo\\\/image\\\/\",\"url\":\"https:\\\/\\\/www.julian-kirschler.com\\\/wp-content\\\/uploads\\\/2022\\\/02\\\/cropped-Bildschirmfoto-2022-02-09-um-21.35.57.png\",\"contentUrl\":\"https:\\\/\\\/www.julian-kirschler.com\\\/wp-content\\\/uploads\\\/2022\\\/02\\\/cropped-Bildschirmfoto-2022-02-09-um-21.35.57.png\",\"width\":776,\"height\":104,\"caption\":\"Julian Kirschler\"},\"image\":{\"@id\":\"https:\\\/\\\/www.julian-kirschler.com\\\/#\\\/schema\\\/logo\\\/image\\\/\"}}]}<\/script>\n<!-- \/ Yoast SEO plugin. -->","yoast_head_json":{"title":"Julian Kirschler Bio - Julian Kirschler","description":"Julian Kirschler si \u00e8 laureato alla Bayerische Staatslehranstalt f\u00fcr Photographie di Monaco. A ci\u00f2 hanno fatto seguito assistentati presso diverse...","robots":{"index":"index","follow":"follow","max-snippet":"max-snippet:-1","max-image-preview":"max-image-preview:large","max-video-preview":"max-video-preview:-1"},"canonical":"https:\/\/www.julian-kirschler.com\/it\/julian-kirschler-bio\/","og_locale":"it_IT","og_type":"article","og_title":"Julian Kirschler Bio - Julian Kirschler","og_description":"Julian Kirschler ist Absolvent der Bayerischen Staatslehranstalt f\u00fcr Photographie, M\u00fcnchen. Daran schlossen sich Assistenzen bei mehreren...","og_url":"https:\/\/www.julian-kirschler.com\/it\/julian-kirschler-bio\/","og_site_name":"Julian Kirschler","article_modified_time":"2024-06-30T11:38:57+00:00","twitter_card":"summary_large_image","twitter_misc":{"Tempo di lettura stimato":"1 minuto"},"schema":{"@context":"https:\/\/schema.org","@graph":[{"@type":"WebPage","@id":"https:\/\/www.julian-kirschler.com\/julian-kirschler-bio\/","url":"https:\/\/www.julian-kirschler.com\/julian-kirschler-bio\/","name":"Julian Kirschler Bio - Julian Kirschler","isPartOf":{"@id":"https:\/\/www.julian-kirschler.com\/#website"},"datePublished":"2022-02-09T23:57:00+00:00","dateModified":"2024-06-30T11:38:57+00:00","description":"Julian Kirschler si \u00e8 laureato alla Bayerische Staatslehranstalt f\u00fcr Photographie di Monaco. A ci\u00f2 hanno fatto seguito assistentati presso diverse...","breadcrumb":{"@id":"https:\/\/www.julian-kirschler.com\/julian-kirschler-bio\/#breadcrumb"},"inLanguage":"it-IT","potentialAction":[{"@type":"ReadAction","target":["https:\/\/www.julian-kirschler.com\/julian-kirschler-bio\/"]}]},{"@type":"BreadcrumbList","@id":"https:\/\/www.julian-kirschler.com\/julian-kirschler-bio\/#breadcrumb","itemListElement":[{"@type":"ListItem","position":1,"name":"Home","item":"https:\/\/www.julian-kirschler.com\/"},{"@type":"ListItem","position":2,"name":"Julian Kirschler Bio"}]},{"@type":"WebSite","@id":"https:\/\/www.julian-kirschler.com\/#website","url":"https:\/\/www.julian-kirschler.com\/","name":"Julian Kirschler","description":"","publisher":{"@id":"https:\/\/www.julian-kirschler.com\/#organization"},"potentialAction":[{"@type":"SearchAction","target":{"@type":"EntryPoint","urlTemplate":"https:\/\/www.julian-kirschler.com\/?s={search_term_string}"},"query-input":{"@type":"PropertyValueSpecification","valueRequired":true,"valueName":"search_term_string"}}],"inLanguage":"it-IT"},{"@type":"Organization","@id":"https:\/\/www.julian-kirschler.com\/#organization","name":"Julian Kirschler","url":"https:\/\/www.julian-kirschler.com\/","logo":{"@type":"ImageObject","inLanguage":"it-IT","@id":"https:\/\/www.julian-kirschler.com\/#\/schema\/logo\/image\/","url":"https:\/\/www.julian-kirschler.com\/wp-content\/uploads\/2022\/02\/cropped-Bildschirmfoto-2022-02-09-um-21.35.57.png","contentUrl":"https:\/\/www.julian-kirschler.com\/wp-content\/uploads\/2022\/02\/cropped-Bildschirmfoto-2022-02-09-um-21.35.57.png","width":776,"height":104,"caption":"Julian Kirschler"},"image":{"@id":"https:\/\/www.julian-kirschler.com\/#\/schema\/logo\/image\/"}}]}},"_links":{"self":[{"href":"https:\/\/www.julian-kirschler.com\/it\/wp-json\/wp\/v2\/pages\/218","targetHints":{"allow":["GET"]}}],"collection":[{"href":"https:\/\/www.julian-kirschler.com\/it\/wp-json\/wp\/v2\/pages"}],"about":[{"href":"https:\/\/www.julian-kirschler.com\/it\/wp-json\/wp\/v2\/types\/page"}],"author":[{"embeddable":true,"href":"https:\/\/www.julian-kirschler.com\/it\/wp-json\/wp\/v2\/users\/1"}],"replies":[{"embeddable":true,"href":"https:\/\/www.julian-kirschler.com\/it\/wp-json\/wp\/v2\/comments?post=218"}],"version-history":[{"count":0,"href":"https:\/\/www.julian-kirschler.com\/it\/wp-json\/wp\/v2\/pages\/218\/revisions"}],"wp:attachment":[{"href":"https:\/\/www.julian-kirschler.com\/it\/wp-json\/wp\/v2\/media?parent=218"}],"curies":[{"name":"wp","href":"https:\/\/api.w.org\/{rel}","templated":true}]}}