{"id":1209,"date":"2022-02-11T19:23:05","date_gmt":"2022-02-11T18:23:05","guid":{"rendered":"https:\/\/julian-kirschler.com\/?page_id=1209"},"modified":"2025-11-21T22:37:16","modified_gmt":"2025-11-21T21:37:16","slug":"bild-sound-berge-wiesen-waelder","status":"publish","type":"page","link":"https:\/\/www.julian-kirschler.com\/it\/bild-sound-berge-wiesen-waelder\/","title":{"rendered":"Immagine e suono - Montagne, prati e foreste"},"content":{"rendered":"\t\t<div data-elementor-type=\"wp-page\" data-elementor-id=\"1209\" class=\"elementor elementor-1209\" data-elementor-post-type=\"page\">\n\t\t\t\t<div data-particle_enable=\"false\" data-particle-mobile-disabled=\"false\" class=\"elementor-element elementor-element-cee6a43 e-flex e-con-boxed e-con e-parent\" data-id=\"cee6a43\" data-element_type=\"container\" data-e-type=\"container\" data-settings=\"{&quot;background_background&quot;:&quot;classic&quot;}\">\n\t\t\t\t\t<div class=\"e-con-inner\">\n\t\t<div data-particle_enable=\"false\" data-particle-mobile-disabled=\"false\" class=\"elementor-element elementor-element-de354cf e-con-full e-flex e-con e-child\" data-id=\"de354cf\" data-element_type=\"container\" data-e-type=\"container\">\n\t\t\t\t<div class=\"elementor-element elementor-element-b12b90d elementor-widget elementor-widget-text-editor\" data-id=\"b12b90d\" data-element_type=\"widget\" data-e-type=\"widget\" data-widget_type=\"text-editor.default\">\n\t\t\t\t<div class=\"elementor-widget-container\">\n\t\t\t\t\t\t\t\t\t<div><b>Berge, Wiesen und W\u00e4lder\u00a0<\/b>ist Bestandteil des [r]evolution\u00e4ren, interaktiven und immersiven Ausstellungskonzepts<br \/><b><i>You are here:@<span style=\"color: #da0001;\">\/\/\/<\/span>cloud.cuckoo.land<\/i><\/b>,das auf hochaufl\u00f6senden Fotografien in Gr\u00f6\u00dfen bis 4&#215;6 Metern mit eigenen Soundscapes basiert.<\/div><div>\u00a0<\/div><div>F\u00fcr Ausstellungen nutzen wir 3d Audio Kopfh\u00f6rertechnik, die interaktiv dem jeweiligen Standort des Betrachters im Ausstellungsraum und seiner Blickrichtung entsprechend, die jeweilige Soundscape auf seinen Kopfh\u00f6rer streamt. Zus\u00e4tzlich k\u00f6nnen wir die Kl\u00e4nge auch k\u00f6rperlich sp\u00fcrbar machen.<\/div><div>\u00a0<\/div><div>Wie einer unserer Soundscapes, orchestriert von einem Standbild wirkt, zeigt folgendes Beispiel.<\/div>\t\t\t\t\t\t\t\t<\/div>\n\t\t\t\t<\/div>\n\t\t\t\t<div class=\"elementor-element elementor-element-4f17496 elementor-widget elementor-widget-video\" data-id=\"4f17496\" data-element_type=\"widget\" data-e-type=\"widget\" data-settings=\"{&quot;video_type&quot;:&quot;vimeo&quot;,&quot;start&quot;:0,&quot;yt_privacy&quot;:&quot;yes&quot;}\" data-widget_type=\"video.default\">\n\t\t\t\t<div class=\"elementor-widget-container\">\n\t\t\t\t\t\t\t<div class=\"elementor-wrapper elementor-open-inline\">\n\t\t\t <div class=\"brlbs-cmpnt-container brlbs-cmpnt-content-blocker\" data-borlabs-cookie-content-blocker-id=\"vimeo-content-blocker\" data-borlabs-cookie-content=\"PGlmcmFtZSBjbGFzcz0iZWxlbWVudG9yLXZpZGVvLWlmcmFtZSIgYWxsb3dmdWxsc2NyZWVuIGFsbG93PSJjbGlwYm9hcmQtd3JpdGUiIHRpdGxlPSJ2aW1lbyBWaWRlby1TcGllbGVyIiBzcmM9Imh0dHBzOi8vcGxheWVyLnZpbWVvLmNvbS92aWRlby8xMTM5MDc2NTE0P2NvbG9yJmFtcDthdXRvcGF1c2U9MCZhbXA7ZG50PXRydWUmYW1wO2xvb3A9MCZhbXA7bXV0ZWQ9MCZhbXA7dGl0bGU9MCZhbXA7cG9ydHJhaXQ9MCZhbXA7YnlsaW5lPTAjdD0iPjwvaWZyYW1lPg==\"><div class=\"brlbs-cmpnt-cb-preset-c brlbs-cmpnt-cb-vimeo\"> <div class=\"brlbs-cmpnt-cb-thumbnail\" style=\"background-image: url('https:\/\/www.julian-kirschler.com\/wp-content\/uploads\/borlabs-cookie\/1\/vimeo_1139076514.jpg')\"><\/div> <div class=\"brlbs-cmpnt-cb-main\"> <div class=\"brlbs-cmpnt-cb-play-button\"><\/div> <div class=\"brlbs-cmpnt-cb-content\"> <p class=\"brlbs-cmpnt-cb-description\">Sie sehen gerade einen Platzhalterinhalt von <strong>Vimeo<\/strong>. Um auf den eigentlichen Inhalt zuzugreifen, klicken Sie auf die Schaltfl\u00e4che unten. Bitte beachten Sie, dass dabei Daten an Drittanbieter weitergegeben werden.<\/p> <a class=\"brlbs-cmpnt-cb-provider-toggle\" href=\"#\" data-borlabs-cookie-show-provider-information role=\"button\">Mehr Informationen<\/a> <\/div> <div class=\"brlbs-cmpnt-cb-buttons\"> <a class=\"brlbs-cmpnt-cb-btn\" href=\"#\" data-borlabs-cookie-unblock role=\"button\">Inhalt entsperren<\/a> <a class=\"brlbs-cmpnt-cb-btn\" href=\"#\" data-borlabs-cookie-accept-service role=\"button\" style=\"display: inherit\">Erforderlichen Service akzeptieren und Inhalte entsperren<\/a> <\/div> <\/div> <\/div><\/div>\t\t<\/div>\n\t\t\t\t\t\t<\/div>\n\t\t\t\t<\/div>\n\t\t\t\t<div class=\"elementor-element elementor-element-a3142ce elementor-widget elementor-widget-text-editor\" data-id=\"a3142ce\" data-element_type=\"widget\" data-e-type=\"widget\" data-widget_type=\"text-editor.default\">\n\t\t\t\t<div class=\"elementor-widget-container\">\n\t\t\t\t\t\t\t\t\t<p>K\u00f6nigsee, Berchtesgadener Land, Juli 2019<br>Musikproduktion:&nbsp;Stefan Kling, Dobel<\/p>\t\t\t\t\t\t\t\t<\/div>\n\t\t\t\t<\/div>\n\t\t\t\t<\/div>\n\t\t\t\t\t<\/div>\n\t\t\t\t<\/div>\n\t\t\t\t<\/div>\n\t\t","protected":false},"excerpt":{"rendered":"<p>Berge, Wiesen und W\u00e4lder\u00a0ist Bestandteil des [r]evolution\u00e4ren, interaktiven und immersiven AusstellungskonzeptsYou are here:@\/\/\/cloud.cuckoo.land,das auf hochaufl\u00f6senden Fotografien in Gr\u00f6\u00dfen bis 4&#215;6 Metern mit eigenen Soundscapes basiert.\u00a0F\u00fcr Ausstellungen nutzen wir 3d Audio Kopfh\u00f6rertechnik, die interaktiv dem jeweiligen Standort des Betrachters im Ausstellungsraum und seiner Blickrichtung entsprechend, die jeweilige Soundscape auf seinen Kopfh\u00f6rer streamt. Zus\u00e4tzlich k\u00f6nnen wir die [&hellip;]<\/p>\n","protected":false},"author":1,"featured_media":0,"parent":0,"menu_order":0,"comment_status":"closed","ping_status":"closed","template":"","meta":{"footnotes":""},"class_list":["post-1209","page","type-page","status-publish","hentry"],"yoast_head":"<!-- This site is optimized with the Yoast SEO plugin v27.5 - https:\/\/yoast.com\/product\/yoast-seo-wordpress\/ -->\n<title>Bild &amp; Sound - Berge, Wiesen &amp; W\u00e4lder - Julian Kirschler<\/title>\n<meta name=\"description\" content=\"F\u00fcr Ausstellungen nutzen wir 3d Audio Kopfh\u00f6rertechnik, die interaktiv dem jeweiligen Standort des Betrachters im Ausstellungsraum und...\" \/>\n<meta name=\"robots\" content=\"index, follow, max-snippet:-1, max-image-preview:large, max-video-preview:-1\" \/>\n<link rel=\"canonical\" href=\"https:\/\/www.julian-kirschler.com\/it\/bild-sound-berge-wiesen-waelder\/\" \/>\n<meta property=\"og:locale\" content=\"it_IT\" \/>\n<meta property=\"og:type\" content=\"article\" \/>\n<meta property=\"og:title\" content=\"Bild &amp; Sound - Berge, Wiesen &amp; W\u00e4lder - Julian Kirschler\" \/>\n<meta property=\"og:description\" content=\"F\u00fcr Ausstellungen nutzen wir 3d Audio Kopfh\u00f6rertechnik, die interaktiv dem jeweiligen Standort des Betrachters im Ausstellungsraum und...\" \/>\n<meta property=\"og:url\" content=\"https:\/\/www.julian-kirschler.com\/it\/bild-sound-berge-wiesen-waelder\/\" \/>\n<meta property=\"og:site_name\" content=\"Julian Kirschler\" \/>\n<meta property=\"article:modified_time\" content=\"2025-11-21T21:37:16+00:00\" \/>\n<meta name=\"twitter:card\" content=\"summary_large_image\" \/>\n<meta name=\"twitter:label1\" content=\"Tempo di lettura stimato\" \/>\n\t<meta name=\"twitter:data1\" content=\"1 minuto\" \/>\n<script type=\"application\/ld+json\" class=\"yoast-schema-graph\">{\"@context\":\"https:\\\/\\\/schema.org\",\"@graph\":[{\"@type\":\"WebPage\",\"@id\":\"https:\\\/\\\/www.julian-kirschler.com\\\/bild-sound-berge-wiesen-waelder\\\/\",\"url\":\"https:\\\/\\\/www.julian-kirschler.com\\\/bild-sound-berge-wiesen-waelder\\\/\",\"name\":\"Bild & Sound - Berge, Wiesen & W\u00e4lder - Julian Kirschler\",\"isPartOf\":{\"@id\":\"https:\\\/\\\/www.julian-kirschler.com\\\/#website\"},\"datePublished\":\"2022-02-11T18:23:05+00:00\",\"dateModified\":\"2025-11-21T21:37:16+00:00\",\"description\":\"F\u00fcr Ausstellungen nutzen wir 3d Audio Kopfh\u00f6rertechnik, die interaktiv dem jeweiligen Standort des Betrachters im Ausstellungsraum und...\",\"breadcrumb\":{\"@id\":\"https:\\\/\\\/www.julian-kirschler.com\\\/bild-sound-berge-wiesen-waelder\\\/#breadcrumb\"},\"inLanguage\":\"it-IT\",\"potentialAction\":[{\"@type\":\"ReadAction\",\"target\":[\"https:\\\/\\\/www.julian-kirschler.com\\\/bild-sound-berge-wiesen-waelder\\\/\"]}]},{\"@type\":\"BreadcrumbList\",\"@id\":\"https:\\\/\\\/www.julian-kirschler.com\\\/bild-sound-berge-wiesen-waelder\\\/#breadcrumb\",\"itemListElement\":[{\"@type\":\"ListItem\",\"position\":1,\"name\":\"Home\",\"item\":\"https:\\\/\\\/www.julian-kirschler.com\\\/\"},{\"@type\":\"ListItem\",\"position\":2,\"name\":\"Bild &#038; Sound &#8211; Berge, Wiesen &#038; W\u00e4lder\"}]},{\"@type\":\"WebSite\",\"@id\":\"https:\\\/\\\/www.julian-kirschler.com\\\/#website\",\"url\":\"https:\\\/\\\/www.julian-kirschler.com\\\/\",\"name\":\"Julian Kirschler\",\"description\":\"\",\"publisher\":{\"@id\":\"https:\\\/\\\/www.julian-kirschler.com\\\/#organization\"},\"potentialAction\":[{\"@type\":\"SearchAction\",\"target\":{\"@type\":\"EntryPoint\",\"urlTemplate\":\"https:\\\/\\\/www.julian-kirschler.com\\\/?s={search_term_string}\"},\"query-input\":{\"@type\":\"PropertyValueSpecification\",\"valueRequired\":true,\"valueName\":\"search_term_string\"}}],\"inLanguage\":\"it-IT\"},{\"@type\":\"Organization\",\"@id\":\"https:\\\/\\\/www.julian-kirschler.com\\\/#organization\",\"name\":\"Julian Kirschler\",\"url\":\"https:\\\/\\\/www.julian-kirschler.com\\\/\",\"logo\":{\"@type\":\"ImageObject\",\"inLanguage\":\"it-IT\",\"@id\":\"https:\\\/\\\/www.julian-kirschler.com\\\/#\\\/schema\\\/logo\\\/image\\\/\",\"url\":\"https:\\\/\\\/www.julian-kirschler.com\\\/wp-content\\\/uploads\\\/2022\\\/02\\\/cropped-Bildschirmfoto-2022-02-09-um-21.35.57.png\",\"contentUrl\":\"https:\\\/\\\/www.julian-kirschler.com\\\/wp-content\\\/uploads\\\/2022\\\/02\\\/cropped-Bildschirmfoto-2022-02-09-um-21.35.57.png\",\"width\":776,\"height\":104,\"caption\":\"Julian Kirschler\"},\"image\":{\"@id\":\"https:\\\/\\\/www.julian-kirschler.com\\\/#\\\/schema\\\/logo\\\/image\\\/\"}}]}<\/script>\n<!-- \/ Yoast SEO plugin. -->","yoast_head_json":{"title":"Immagine e suono - Montagne, prati e foreste - Julian Kirschler","description":"Per le mostre, utilizziamo la tecnologia delle cuffie audio 3D che si adatta in modo interattivo alla posizione dello spettatore nello spazio espositivo e...","robots":{"index":"index","follow":"follow","max-snippet":"max-snippet:-1","max-image-preview":"max-image-preview:large","max-video-preview":"max-video-preview:-1"},"canonical":"https:\/\/www.julian-kirschler.com\/it\/bild-sound-berge-wiesen-waelder\/","og_locale":"it_IT","og_type":"article","og_title":"Bild & Sound - Berge, Wiesen & W\u00e4lder - Julian Kirschler","og_description":"F\u00fcr Ausstellungen nutzen wir 3d Audio Kopfh\u00f6rertechnik, die interaktiv dem jeweiligen Standort des Betrachters im Ausstellungsraum und...","og_url":"https:\/\/www.julian-kirschler.com\/it\/bild-sound-berge-wiesen-waelder\/","og_site_name":"Julian Kirschler","article_modified_time":"2025-11-21T21:37:16+00:00","twitter_card":"summary_large_image","twitter_misc":{"Tempo di lettura stimato":"1 minuto"},"schema":{"@context":"https:\/\/schema.org","@graph":[{"@type":"WebPage","@id":"https:\/\/www.julian-kirschler.com\/bild-sound-berge-wiesen-waelder\/","url":"https:\/\/www.julian-kirschler.com\/bild-sound-berge-wiesen-waelder\/","name":"Immagine e suono - Montagne, prati e foreste - Julian Kirschler","isPartOf":{"@id":"https:\/\/www.julian-kirschler.com\/#website"},"datePublished":"2022-02-11T18:23:05+00:00","dateModified":"2025-11-21T21:37:16+00:00","description":"Per le mostre, utilizziamo la tecnologia delle cuffie audio 3D che si adatta in modo interattivo alla posizione dello spettatore nello spazio espositivo e...","breadcrumb":{"@id":"https:\/\/www.julian-kirschler.com\/bild-sound-berge-wiesen-waelder\/#breadcrumb"},"inLanguage":"it-IT","potentialAction":[{"@type":"ReadAction","target":["https:\/\/www.julian-kirschler.com\/bild-sound-berge-wiesen-waelder\/"]}]},{"@type":"BreadcrumbList","@id":"https:\/\/www.julian-kirschler.com\/bild-sound-berge-wiesen-waelder\/#breadcrumb","itemListElement":[{"@type":"ListItem","position":1,"name":"Home","item":"https:\/\/www.julian-kirschler.com\/"},{"@type":"ListItem","position":2,"name":"Bild &#038; Sound &#8211; Berge, Wiesen &#038; W\u00e4lder"}]},{"@type":"WebSite","@id":"https:\/\/www.julian-kirschler.com\/#website","url":"https:\/\/www.julian-kirschler.com\/","name":"Julian Kirschler","description":"","publisher":{"@id":"https:\/\/www.julian-kirschler.com\/#organization"},"potentialAction":[{"@type":"SearchAction","target":{"@type":"EntryPoint","urlTemplate":"https:\/\/www.julian-kirschler.com\/?s={search_term_string}"},"query-input":{"@type":"PropertyValueSpecification","valueRequired":true,"valueName":"search_term_string"}}],"inLanguage":"it-IT"},{"@type":"Organization","@id":"https:\/\/www.julian-kirschler.com\/#organization","name":"Julian Kirschler","url":"https:\/\/www.julian-kirschler.com\/","logo":{"@type":"ImageObject","inLanguage":"it-IT","@id":"https:\/\/www.julian-kirschler.com\/#\/schema\/logo\/image\/","url":"https:\/\/www.julian-kirschler.com\/wp-content\/uploads\/2022\/02\/cropped-Bildschirmfoto-2022-02-09-um-21.35.57.png","contentUrl":"https:\/\/www.julian-kirschler.com\/wp-content\/uploads\/2022\/02\/cropped-Bildschirmfoto-2022-02-09-um-21.35.57.png","width":776,"height":104,"caption":"Julian Kirschler"},"image":{"@id":"https:\/\/www.julian-kirschler.com\/#\/schema\/logo\/image\/"}}]}},"_links":{"self":[{"href":"https:\/\/www.julian-kirschler.com\/it\/wp-json\/wp\/v2\/pages\/1209","targetHints":{"allow":["GET"]}}],"collection":[{"href":"https:\/\/www.julian-kirschler.com\/it\/wp-json\/wp\/v2\/pages"}],"about":[{"href":"https:\/\/www.julian-kirschler.com\/it\/wp-json\/wp\/v2\/types\/page"}],"author":[{"embeddable":true,"href":"https:\/\/www.julian-kirschler.com\/it\/wp-json\/wp\/v2\/users\/1"}],"replies":[{"embeddable":true,"href":"https:\/\/www.julian-kirschler.com\/it\/wp-json\/wp\/v2\/comments?post=1209"}],"version-history":[{"count":0,"href":"https:\/\/www.julian-kirschler.com\/it\/wp-json\/wp\/v2\/pages\/1209\/revisions"}],"wp:attachment":[{"href":"https:\/\/www.julian-kirschler.com\/it\/wp-json\/wp\/v2\/media?parent=1209"}],"curies":[{"name":"wp","href":"https:\/\/api.w.org\/{rel}","templated":true}]}}