{"id":3565,"date":"2024-06-29T02:47:28","date_gmt":"2024-06-29T00:47:28","guid":{"rendered":"https:\/\/www.julian-kirschler.com\/?page_id=3565"},"modified":"2026-02-14T10:54:20","modified_gmt":"2026-02-14T09:54:20","slug":"werkstext-familienname-beeinflussen-weinen","status":"publish","type":"page","link":"https:\/\/www.julian-kirschler.com\/fr\/werkstext-familienname-beeinflussen-weinen\/","title":{"rendered":"Texte de l'\u0153uvre : FAMILIENNAME.BEEINFLUSSEN.WEINEN"},"content":{"rendered":"<div data-elementor-type=\"wp-page\" data-elementor-id=\"3565\" class=\"elementor elementor-3565\" data-elementor-post-type=\"page\">\n\t\t\t\t\t\t<section data-particle_enable=\"false\" data-particle-mobile-disabled=\"false\" class=\"elementor-section elementor-top-section elementor-element elementor-element-1813e50 elementor-section-boxed elementor-section-height-default elementor-section-height-default\" data-id=\"1813e50\" data-element_type=\"section\" data-e-type=\"section\">\n\t\t\t\t\t\t<div class=\"elementor-container elementor-column-gap-default\">\n\t\t\t\t\t<div class=\"elementor-column elementor-col-100 elementor-top-column elementor-element elementor-element-cf057fc\" data-id=\"cf057fc\" data-element_type=\"column\" data-e-type=\"column\">\n\t\t\t<div class=\"elementor-widget-wrap elementor-element-populated\">\n\t\t\t\t\t\t<div class=\"elementor-element elementor-element-07e6d67 elementor-widget elementor-widget-heading\" data-id=\"07e6d67\" data-element_type=\"widget\" data-e-type=\"widget\" data-widget_type=\"heading.default\">\n\t\t\t\t<div class=\"elementor-widget-container\">\n\t\t\t\t\t<h2 class=\"elementor-heading-title elementor-size-default\">NOM.DE.FAMILLE.INFLUENCE.PLEURER<\/h2>\t\t\t\t<\/div>\n\t\t\t\t<\/div>\n\t\t\t\t<div class=\"elementor-element elementor-element-5f4bfbf elementor-widget elementor-widget-text-editor\" data-id=\"5f4bfbf\" data-element_type=\"widget\" data-e-type=\"widget\" data-widget_type=\"text-editor.default\">\n\t\t\t\t<div class=\"elementor-widget-container\">\n\t\t\t\t\t\t\t\t\t<p><span class=\"s2\">La photographie provient<\/span><span class=\"s2\">t<\/span><span class=\"s2\"> de la <\/span><span class=\"s4\">High Noon<\/span><span class=\"s2\">-pour laquelle l'artiste a utilis\u00e9 des lieux d\u00e9serts pendant le lockdown. <\/span><span class=\"s2\">dans plusieurs grandes villes europ\u00e9ennes<\/span><span class=\"s2\"> et l'a ensuite trait\u00e9e avec un \u201avirus d'image\u2019. D<\/span><span class=\"s2\">comme image<\/span><span class=\"s2\"> montre<\/span><span class=\"s2\">t<\/span><span class=\"s2\"> le <\/span><span class=\"s4\">National <\/span><span class=\"s4\">Monument aux noms de l'Holocauste<\/span><span class=\"s2\"> \u00e0 Amsterdam, sur laquelle sont grav\u00e9s les noms des victimes n\u00e9erlandaises de l'Holocauste. Comme pour toutes les photos de la s\u00e9rie, le titre <\/span><span class=\"s5\">\u00e0 l'aide du syst\u00e8me What3Words, qui utilise un algorithme pour g\u00e9n\u00e9rer des adresses de trois mots au lieu des coordonn\u00e9es GPS habituelles. Si l'on s'approche de la<\/span><span class=\"s5\">m image<\/span><span class=\"s5\">, On entend une voix de femme qui lit les noms des victimes en n\u00e9erlandais.<\/span><\/p>\t\t\t\t\t\t\t\t<\/div>\n\t\t\t\t<\/div>\n\t\t\t\t\t<\/div>\n\t\t<\/div>\n\t\t\t\t\t<\/div>\n\t\t<\/section>\n\t\t\t\t<\/div>","protected":false},"excerpt":{"rendered":"<p>FAMILIENNAME.BEEINFLUSSEN.WEINEN Die Fotografie stammt aus der High Noon-Serie, f\u00fcr die der K\u00fcnstler w\u00e4hrend des Lockdowns menschenleere Orte in verschiedenen europ\u00e4ischen Gro\u00dfst\u00e4dten aufgenommen und anschlie\u00dfend mit einem \u201aBildvirus\u2019 bearbeitet hat. Das Bild zeigt das Nationaal Holocaust Namenmonument in Amsterdam, auf dem die Namen der niederl\u00e4ndischen Opfer des Holocaust eingraviert sind. Wie bei allen Aufnahmen der Serie [&hellip;]<\/p>\n","protected":false},"author":1,"featured_media":0,"parent":0,"menu_order":0,"comment_status":"closed","ping_status":"closed","template":"","meta":{"footnotes":""},"class_list":["post-3565","page","type-page","status-publish","hentry"],"yoast_head":"<!-- This site is optimized with the Yoast SEO plugin v27.3 - https:\/\/yoast.com\/product\/yoast-seo-wordpress\/ -->\n<title>Werkstext: FAMILIENNAME.BEEINFLUSSEN.WEINEN - Julian Kirschler<\/title>\n<meta name=\"robots\" content=\"index, follow, max-snippet:-1, max-image-preview:large, max-video-preview:-1\" \/>\n<link rel=\"canonical\" href=\"https:\/\/www.julian-kirschler.com\/fr\/werkstext-familienname-beeinflussen-weinen\/\" \/>\n<meta property=\"og:locale\" content=\"fr_FR\" \/>\n<meta property=\"og:type\" content=\"article\" \/>\n<meta property=\"og:title\" content=\"Werkstext: FAMILIENNAME.BEEINFLUSSEN.WEINEN - Julian Kirschler\" \/>\n<meta property=\"og:description\" content=\"FAMILIENNAME.BEEINFLUSSEN.WEINEN Die Fotografie stammt aus der High Noon-Serie, f\u00fcr die der K\u00fcnstler w\u00e4hrend des Lockdowns menschenleere Orte in verschiedenen europ\u00e4ischen Gro\u00dfst\u00e4dten aufgenommen und anschlie\u00dfend mit einem \u201aBildvirus\u2019 bearbeitet hat. Das Bild zeigt das Nationaal Holocaust Namenmonument in Amsterdam, auf dem die Namen der niederl\u00e4ndischen Opfer des Holocaust eingraviert sind. Wie bei allen Aufnahmen der Serie [&hellip;]\" \/>\n<meta property=\"og:url\" content=\"https:\/\/www.julian-kirschler.com\/fr\/werkstext-familienname-beeinflussen-weinen\/\" \/>\n<meta property=\"og:site_name\" content=\"Julian Kirschler\" \/>\n<meta property=\"article:modified_time\" content=\"2026-02-14T09:54:20+00:00\" \/>\n<meta name=\"twitter:card\" content=\"summary_large_image\" \/>\n<meta name=\"twitter:label1\" content=\"Dur\u00e9e de lecture estim\u00e9e\" \/>\n\t<meta name=\"twitter:data1\" content=\"1 minute\" \/>\n<script type=\"application\/ld+json\" class=\"yoast-schema-graph\">{\"@context\":\"https:\\\/\\\/schema.org\",\"@graph\":[{\"@type\":\"WebPage\",\"@id\":\"https:\\\/\\\/www.julian-kirschler.com\\\/werkstext-familienname-beeinflussen-weinen\\\/\",\"url\":\"https:\\\/\\\/www.julian-kirschler.com\\\/werkstext-familienname-beeinflussen-weinen\\\/\",\"name\":\"Werkstext: FAMILIENNAME.BEEINFLUSSEN.WEINEN - Julian Kirschler\",\"isPartOf\":{\"@id\":\"https:\\\/\\\/www.julian-kirschler.com\\\/#website\"},\"datePublished\":\"2024-06-29T00:47:28+00:00\",\"dateModified\":\"2026-02-14T09:54:20+00:00\",\"breadcrumb\":{\"@id\":\"https:\\\/\\\/www.julian-kirschler.com\\\/werkstext-familienname-beeinflussen-weinen\\\/#breadcrumb\"},\"inLanguage\":\"fr-FR\",\"potentialAction\":[{\"@type\":\"ReadAction\",\"target\":[\"https:\\\/\\\/www.julian-kirschler.com\\\/werkstext-familienname-beeinflussen-weinen\\\/\"]}]},{\"@type\":\"BreadcrumbList\",\"@id\":\"https:\\\/\\\/www.julian-kirschler.com\\\/werkstext-familienname-beeinflussen-weinen\\\/#breadcrumb\",\"itemListElement\":[{\"@type\":\"ListItem\",\"position\":1,\"name\":\"Home\",\"item\":\"https:\\\/\\\/www.julian-kirschler.com\\\/\"},{\"@type\":\"ListItem\",\"position\":2,\"name\":\"Werkstext: FAMILIENNAME.BEEINFLUSSEN.WEINEN\"}]},{\"@type\":\"WebSite\",\"@id\":\"https:\\\/\\\/www.julian-kirschler.com\\\/#website\",\"url\":\"https:\\\/\\\/www.julian-kirschler.com\\\/\",\"name\":\"Julian Kirschler\",\"description\":\"\",\"publisher\":{\"@id\":\"https:\\\/\\\/www.julian-kirschler.com\\\/#organization\"},\"potentialAction\":[{\"@type\":\"SearchAction\",\"target\":{\"@type\":\"EntryPoint\",\"urlTemplate\":\"https:\\\/\\\/www.julian-kirschler.com\\\/?s={search_term_string}\"},\"query-input\":{\"@type\":\"PropertyValueSpecification\",\"valueRequired\":true,\"valueName\":\"search_term_string\"}}],\"inLanguage\":\"fr-FR\"},{\"@type\":\"Organization\",\"@id\":\"https:\\\/\\\/www.julian-kirschler.com\\\/#organization\",\"name\":\"Julian Kirschler\",\"url\":\"https:\\\/\\\/www.julian-kirschler.com\\\/\",\"logo\":{\"@type\":\"ImageObject\",\"inLanguage\":\"fr-FR\",\"@id\":\"https:\\\/\\\/www.julian-kirschler.com\\\/#\\\/schema\\\/logo\\\/image\\\/\",\"url\":\"https:\\\/\\\/www.julian-kirschler.com\\\/wp-content\\\/uploads\\\/2022\\\/02\\\/cropped-Bildschirmfoto-2022-02-09-um-21.35.57.png\",\"contentUrl\":\"https:\\\/\\\/www.julian-kirschler.com\\\/wp-content\\\/uploads\\\/2022\\\/02\\\/cropped-Bildschirmfoto-2022-02-09-um-21.35.57.png\",\"width\":776,\"height\":104,\"caption\":\"Julian Kirschler\"},\"image\":{\"@id\":\"https:\\\/\\\/www.julian-kirschler.com\\\/#\\\/schema\\\/logo\\\/image\\\/\"}}]}<\/script>\n<!-- \/ Yoast SEO plugin. -->","yoast_head_json":{"title":"Texte de l'\u0153uvre : FAMILIENNAME.BEEINFLUSSEN.WEINEN - Julian Kirschler","robots":{"index":"index","follow":"follow","max-snippet":"max-snippet:-1","max-image-preview":"max-image-preview:large","max-video-preview":"max-video-preview:-1"},"canonical":"https:\/\/www.julian-kirschler.com\/fr\/werkstext-familienname-beeinflussen-weinen\/","og_locale":"fr_FR","og_type":"article","og_title":"Werkstext: FAMILIENNAME.BEEINFLUSSEN.WEINEN - Julian Kirschler","og_description":"FAMILIENNAME.BEEINFLUSSEN.WEINEN Die Fotografie stammt aus der High Noon-Serie, f\u00fcr die der K\u00fcnstler w\u00e4hrend des Lockdowns menschenleere Orte in verschiedenen europ\u00e4ischen Gro\u00dfst\u00e4dten aufgenommen und anschlie\u00dfend mit einem \u201aBildvirus\u2019 bearbeitet hat. Das Bild zeigt das Nationaal Holocaust Namenmonument in Amsterdam, auf dem die Namen der niederl\u00e4ndischen Opfer des Holocaust eingraviert sind. Wie bei allen Aufnahmen der Serie [&hellip;]","og_url":"https:\/\/www.julian-kirschler.com\/fr\/werkstext-familienname-beeinflussen-weinen\/","og_site_name":"Julian Kirschler","article_modified_time":"2026-02-14T09:54:20+00:00","twitter_card":"summary_large_image","twitter_misc":{"Dur\u00e9e de lecture estim\u00e9e":"1 minute"},"schema":{"@context":"https:\/\/schema.org","@graph":[{"@type":"WebPage","@id":"https:\/\/www.julian-kirschler.com\/werkstext-familienname-beeinflussen-weinen\/","url":"https:\/\/www.julian-kirschler.com\/werkstext-familienname-beeinflussen-weinen\/","name":"Texte de l'\u0153uvre : FAMILIENNAME.BEEINFLUSSEN.WEINEN - Julian Kirschler","isPartOf":{"@id":"https:\/\/www.julian-kirschler.com\/#website"},"datePublished":"2024-06-29T00:47:28+00:00","dateModified":"2026-02-14T09:54:20+00:00","breadcrumb":{"@id":"https:\/\/www.julian-kirschler.com\/werkstext-familienname-beeinflussen-weinen\/#breadcrumb"},"inLanguage":"fr-FR","potentialAction":[{"@type":"ReadAction","target":["https:\/\/www.julian-kirschler.com\/werkstext-familienname-beeinflussen-weinen\/"]}]},{"@type":"BreadcrumbList","@id":"https:\/\/www.julian-kirschler.com\/werkstext-familienname-beeinflussen-weinen\/#breadcrumb","itemListElement":[{"@type":"ListItem","position":1,"name":"Home","item":"https:\/\/www.julian-kirschler.com\/"},{"@type":"ListItem","position":2,"name":"Werkstext: FAMILIENNAME.BEEINFLUSSEN.WEINEN"}]},{"@type":"WebSite","@id":"https:\/\/www.julian-kirschler.com\/#website","url":"https:\/\/www.julian-kirschler.com\/","name":"Julian Kirschler","description":"","publisher":{"@id":"https:\/\/www.julian-kirschler.com\/#organization"},"potentialAction":[{"@type":"SearchAction","target":{"@type":"EntryPoint","urlTemplate":"https:\/\/www.julian-kirschler.com\/?s={search_term_string}"},"query-input":{"@type":"PropertyValueSpecification","valueRequired":true,"valueName":"search_term_string"}}],"inLanguage":"fr-FR"},{"@type":"Organization","@id":"https:\/\/www.julian-kirschler.com\/#organization","name":"Julian Kirschler","url":"https:\/\/www.julian-kirschler.com\/","logo":{"@type":"ImageObject","inLanguage":"fr-FR","@id":"https:\/\/www.julian-kirschler.com\/#\/schema\/logo\/image\/","url":"https:\/\/www.julian-kirschler.com\/wp-content\/uploads\/2022\/02\/cropped-Bildschirmfoto-2022-02-09-um-21.35.57.png","contentUrl":"https:\/\/www.julian-kirschler.com\/wp-content\/uploads\/2022\/02\/cropped-Bildschirmfoto-2022-02-09-um-21.35.57.png","width":776,"height":104,"caption":"Julian Kirschler"},"image":{"@id":"https:\/\/www.julian-kirschler.com\/#\/schema\/logo\/image\/"}}]}},"_links":{"self":[{"href":"https:\/\/www.julian-kirschler.com\/fr\/wp-json\/wp\/v2\/pages\/3565","targetHints":{"allow":["GET"]}}],"collection":[{"href":"https:\/\/www.julian-kirschler.com\/fr\/wp-json\/wp\/v2\/pages"}],"about":[{"href":"https:\/\/www.julian-kirschler.com\/fr\/wp-json\/wp\/v2\/types\/page"}],"author":[{"embeddable":true,"href":"https:\/\/www.julian-kirschler.com\/fr\/wp-json\/wp\/v2\/users\/1"}],"replies":[{"embeddable":true,"href":"https:\/\/www.julian-kirschler.com\/fr\/wp-json\/wp\/v2\/comments?post=3565"}],"version-history":[{"count":0,"href":"https:\/\/www.julian-kirschler.com\/fr\/wp-json\/wp\/v2\/pages\/3565\/revisions"}],"wp:attachment":[{"href":"https:\/\/www.julian-kirschler.com\/fr\/wp-json\/wp\/v2\/media?parent=3565"}],"curies":[{"name":"wp","href":"https:\/\/api.w.org\/{rel}","templated":true}]}}