{"id":3535,"date":"2024-06-29T02:29:58","date_gmt":"2024-06-29T00:29:58","guid":{"rendered":"https:\/\/www.julian-kirschler.com\/?page_id=3535"},"modified":"2026-02-13T23:22:28","modified_gmt":"2026-02-13T22:22:28","slug":"werkstext-der-tisch-i","status":"publish","type":"page","link":"https:\/\/www.julian-kirschler.com\/fr\/werkstext-der-tisch-i\/","title":{"rendered":"Texte de l'\u0153uvre : LA TABLE I"},"content":{"rendered":"<div data-elementor-type=\"wp-page\" data-elementor-id=\"3535\" class=\"elementor elementor-3535\" data-elementor-post-type=\"page\">\n\t\t\t\t\t\t<section data-particle_enable=\"false\" data-particle-mobile-disabled=\"false\" class=\"elementor-section elementor-top-section elementor-element elementor-element-1813e50 elementor-section-boxed elementor-section-height-default elementor-section-height-default\" data-id=\"1813e50\" data-element_type=\"section\" data-e-type=\"section\">\n\t\t\t\t\t\t<div class=\"elementor-container elementor-column-gap-default\">\n\t\t\t\t\t<div class=\"elementor-column elementor-col-100 elementor-top-column elementor-element elementor-element-cf057fc\" data-id=\"cf057fc\" data-element_type=\"column\" data-e-type=\"column\">\n\t\t\t<div class=\"elementor-widget-wrap elementor-element-populated\">\n\t\t\t\t\t\t<div class=\"elementor-element elementor-element-07e6d67 elementor-widget elementor-widget-heading\" data-id=\"07e6d67\" data-element_type=\"widget\" data-e-type=\"widget\" data-widget_type=\"heading.default\">\n\t\t\t\t<div class=\"elementor-widget-container\">\n\t\t\t\t\t<h2 class=\"elementor-heading-title elementor-size-default\">LA TABLE I<\/h2>\t\t\t\t<\/div>\n\t\t\t\t<\/div>\n\t\t\t\t<div class=\"elementor-element elementor-element-5f4bfbf elementor-widget elementor-widget-text-editor\" data-id=\"5f4bfbf\" data-element_type=\"widget\" data-e-type=\"widget\" data-widget_type=\"text-editor.default\">\n\t\t\t\t<div class=\"elementor-widget-container\">\n\t\t\t\t\t\t\t\t\t<div class=\"page\" title=\"Page 1\"><div class=\"layoutArea\"><div class=\"column\"><div class=\"page\" title=\"Page 1\"><div class=\"layoutArea\"><div class=\"column\"><div class=\"page\" title=\"Page 1\"><div class=\"layoutArea\"><div class=\"column\"><p>La maquette \u00e0 l'\u00e9chelle 1:3 est une version modifi\u00e9e de l'imposante table sur laquelle le pr\u00e9sident russe Vladimir Poutine recevait les invit\u00e9s d'\u00c9tat au d\u00e9but de l'ann\u00e9e 2022. Au lieu des imposantes estrades sur lesquelles tr\u00f4ne l'original en ch\u00eane, le plateau de la table de la maquette repose sur trois pieds qui ressemblent aux \u00e9tages finaux des fus\u00e9es russes. Au lieu de nobles incrustations, le plateau de table de l'adaptation est encadr\u00e9 de feuilles d'or.  Dans les motifs floraux du dessus de la table sont cach\u00e9s des chars et des obusiers qui pointent loin de Poutine. L'ensemble est compl\u00e9t\u00e9 par deux chaises plac\u00e9es aux extr\u00e9mit\u00e9s de la table et l\u00e9g\u00e8rement \u00e9cart\u00e9es.<\/p><\/div><\/div><\/div><\/div><\/div><\/div><\/div><\/div><\/div>\t\t\t\t\t\t\t\t<\/div>\n\t\t\t\t<\/div>\n\t\t\t\t\t<\/div>\n\t\t<\/div>\n\t\t\t\t\t<\/div>\n\t\t<\/section>\n\t\t\t\t<\/div>","protected":false},"excerpt":{"rendered":"<p>DER TISCH I Das Modell im Ma\u00dfstab 1:3 ist eine modifizierte Version des gewaltigen Tisches, an dem der russische Pr\u00e4sident Wladimir Putin Anfang 2022 Staatsg\u00e4ste empfing. Statt der m\u00e4chtigen Podeste, auf denen das Original aus Eiche thront, ruht die Tischplatte des Modells auf drei F\u00fc\u00dfen, die den Endstufen von russischen Raketen \u00e4hneln. Anstelle edler Intarsien [&hellip;]<\/p>\n","protected":false},"author":1,"featured_media":0,"parent":0,"menu_order":0,"comment_status":"closed","ping_status":"closed","template":"","meta":{"footnotes":""},"class_list":["post-3535","page","type-page","status-publish","hentry"],"yoast_head":"<!-- This site is optimized with the Yoast SEO plugin v27.5 - https:\/\/yoast.com\/product\/yoast-seo-wordpress\/ -->\n<title>Werkstext: DER TISCH I - Julian Kirschler<\/title>\n<meta name=\"robots\" content=\"index, follow, max-snippet:-1, max-image-preview:large, max-video-preview:-1\" \/>\n<link rel=\"canonical\" href=\"https:\/\/www.julian-kirschler.com\/fr\/werkstext-der-tisch-i\/\" \/>\n<meta property=\"og:locale\" content=\"fr_FR\" \/>\n<meta property=\"og:type\" content=\"article\" \/>\n<meta property=\"og:title\" content=\"Werkstext: DER TISCH I - Julian Kirschler\" \/>\n<meta property=\"og:description\" content=\"DER TISCH I Das Modell im Ma\u00dfstab 1:3 ist eine modifizierte Version des gewaltigen Tisches, an dem der russische Pr\u00e4sident Wladimir Putin Anfang 2022 Staatsg\u00e4ste empfing. Statt der m\u00e4chtigen Podeste, auf denen das Original aus Eiche thront, ruht die Tischplatte des Modells auf drei F\u00fc\u00dfen, die den Endstufen von russischen Raketen \u00e4hneln. Anstelle edler Intarsien [&hellip;]\" \/>\n<meta property=\"og:url\" content=\"https:\/\/www.julian-kirschler.com\/fr\/werkstext-der-tisch-i\/\" \/>\n<meta property=\"og:site_name\" content=\"Julian Kirschler\" \/>\n<meta property=\"article:modified_time\" content=\"2026-02-13T22:22:28+00:00\" \/>\n<meta name=\"twitter:card\" content=\"summary_large_image\" \/>\n<meta name=\"twitter:label1\" content=\"Dur\u00e9e de lecture estim\u00e9e\" \/>\n\t<meta name=\"twitter:data1\" content=\"1 minute\" \/>\n<script type=\"application\/ld+json\" class=\"yoast-schema-graph\">{\"@context\":\"https:\\\/\\\/schema.org\",\"@graph\":[{\"@type\":\"WebPage\",\"@id\":\"https:\\\/\\\/www.julian-kirschler.com\\\/werkstext-der-tisch-i\\\/\",\"url\":\"https:\\\/\\\/www.julian-kirschler.com\\\/werkstext-der-tisch-i\\\/\",\"name\":\"Werkstext: DER TISCH I - Julian Kirschler\",\"isPartOf\":{\"@id\":\"https:\\\/\\\/www.julian-kirschler.com\\\/#website\"},\"datePublished\":\"2024-06-29T00:29:58+00:00\",\"dateModified\":\"2026-02-13T22:22:28+00:00\",\"breadcrumb\":{\"@id\":\"https:\\\/\\\/www.julian-kirschler.com\\\/werkstext-der-tisch-i\\\/#breadcrumb\"},\"inLanguage\":\"fr-FR\",\"potentialAction\":[{\"@type\":\"ReadAction\",\"target\":[\"https:\\\/\\\/www.julian-kirschler.com\\\/werkstext-der-tisch-i\\\/\"]}]},{\"@type\":\"BreadcrumbList\",\"@id\":\"https:\\\/\\\/www.julian-kirschler.com\\\/werkstext-der-tisch-i\\\/#breadcrumb\",\"itemListElement\":[{\"@type\":\"ListItem\",\"position\":1,\"name\":\"Home\",\"item\":\"https:\\\/\\\/www.julian-kirschler.com\\\/\"},{\"@type\":\"ListItem\",\"position\":2,\"name\":\"Werkstext: DER TISCH I\"}]},{\"@type\":\"WebSite\",\"@id\":\"https:\\\/\\\/www.julian-kirschler.com\\\/#website\",\"url\":\"https:\\\/\\\/www.julian-kirschler.com\\\/\",\"name\":\"Julian Kirschler\",\"description\":\"\",\"publisher\":{\"@id\":\"https:\\\/\\\/www.julian-kirschler.com\\\/#organization\"},\"potentialAction\":[{\"@type\":\"SearchAction\",\"target\":{\"@type\":\"EntryPoint\",\"urlTemplate\":\"https:\\\/\\\/www.julian-kirschler.com\\\/?s={search_term_string}\"},\"query-input\":{\"@type\":\"PropertyValueSpecification\",\"valueRequired\":true,\"valueName\":\"search_term_string\"}}],\"inLanguage\":\"fr-FR\"},{\"@type\":\"Organization\",\"@id\":\"https:\\\/\\\/www.julian-kirschler.com\\\/#organization\",\"name\":\"Julian Kirschler\",\"url\":\"https:\\\/\\\/www.julian-kirschler.com\\\/\",\"logo\":{\"@type\":\"ImageObject\",\"inLanguage\":\"fr-FR\",\"@id\":\"https:\\\/\\\/www.julian-kirschler.com\\\/#\\\/schema\\\/logo\\\/image\\\/\",\"url\":\"https:\\\/\\\/www.julian-kirschler.com\\\/wp-content\\\/uploads\\\/2022\\\/02\\\/cropped-Bildschirmfoto-2022-02-09-um-21.35.57.png\",\"contentUrl\":\"https:\\\/\\\/www.julian-kirschler.com\\\/wp-content\\\/uploads\\\/2022\\\/02\\\/cropped-Bildschirmfoto-2022-02-09-um-21.35.57.png\",\"width\":776,\"height\":104,\"caption\":\"Julian Kirschler\"},\"image\":{\"@id\":\"https:\\\/\\\/www.julian-kirschler.com\\\/#\\\/schema\\\/logo\\\/image\\\/\"}}]}<\/script>\n<!-- \/ Yoast SEO plugin. -->","yoast_head_json":{"title":"Texte de l'\u0153uvre : LA TABLE I - Julian Kirschler","robots":{"index":"index","follow":"follow","max-snippet":"max-snippet:-1","max-image-preview":"max-image-preview:large","max-video-preview":"max-video-preview:-1"},"canonical":"https:\/\/www.julian-kirschler.com\/fr\/werkstext-der-tisch-i\/","og_locale":"fr_FR","og_type":"article","og_title":"Werkstext: DER TISCH I - Julian Kirschler","og_description":"DER TISCH I Das Modell im Ma\u00dfstab 1:3 ist eine modifizierte Version des gewaltigen Tisches, an dem der russische Pr\u00e4sident Wladimir Putin Anfang 2022 Staatsg\u00e4ste empfing. Statt der m\u00e4chtigen Podeste, auf denen das Original aus Eiche thront, ruht die Tischplatte des Modells auf drei F\u00fc\u00dfen, die den Endstufen von russischen Raketen \u00e4hneln. Anstelle edler Intarsien [&hellip;]","og_url":"https:\/\/www.julian-kirschler.com\/fr\/werkstext-der-tisch-i\/","og_site_name":"Julian Kirschler","article_modified_time":"2026-02-13T22:22:28+00:00","twitter_card":"summary_large_image","twitter_misc":{"Dur\u00e9e de lecture estim\u00e9e":"1 minute"},"schema":{"@context":"https:\/\/schema.org","@graph":[{"@type":"WebPage","@id":"https:\/\/www.julian-kirschler.com\/werkstext-der-tisch-i\/","url":"https:\/\/www.julian-kirschler.com\/werkstext-der-tisch-i\/","name":"Texte de l'\u0153uvre : LA TABLE I - Julian Kirschler","isPartOf":{"@id":"https:\/\/www.julian-kirschler.com\/#website"},"datePublished":"2024-06-29T00:29:58+00:00","dateModified":"2026-02-13T22:22:28+00:00","breadcrumb":{"@id":"https:\/\/www.julian-kirschler.com\/werkstext-der-tisch-i\/#breadcrumb"},"inLanguage":"fr-FR","potentialAction":[{"@type":"ReadAction","target":["https:\/\/www.julian-kirschler.com\/werkstext-der-tisch-i\/"]}]},{"@type":"BreadcrumbList","@id":"https:\/\/www.julian-kirschler.com\/werkstext-der-tisch-i\/#breadcrumb","itemListElement":[{"@type":"ListItem","position":1,"name":"Home","item":"https:\/\/www.julian-kirschler.com\/"},{"@type":"ListItem","position":2,"name":"Werkstext: DER TISCH I"}]},{"@type":"WebSite","@id":"https:\/\/www.julian-kirschler.com\/#website","url":"https:\/\/www.julian-kirschler.com\/","name":"Julian Kirschler","description":"","publisher":{"@id":"https:\/\/www.julian-kirschler.com\/#organization"},"potentialAction":[{"@type":"SearchAction","target":{"@type":"EntryPoint","urlTemplate":"https:\/\/www.julian-kirschler.com\/?s={search_term_string}"},"query-input":{"@type":"PropertyValueSpecification","valueRequired":true,"valueName":"search_term_string"}}],"inLanguage":"fr-FR"},{"@type":"Organization","@id":"https:\/\/www.julian-kirschler.com\/#organization","name":"Julian Kirschler","url":"https:\/\/www.julian-kirschler.com\/","logo":{"@type":"ImageObject","inLanguage":"fr-FR","@id":"https:\/\/www.julian-kirschler.com\/#\/schema\/logo\/image\/","url":"https:\/\/www.julian-kirschler.com\/wp-content\/uploads\/2022\/02\/cropped-Bildschirmfoto-2022-02-09-um-21.35.57.png","contentUrl":"https:\/\/www.julian-kirschler.com\/wp-content\/uploads\/2022\/02\/cropped-Bildschirmfoto-2022-02-09-um-21.35.57.png","width":776,"height":104,"caption":"Julian Kirschler"},"image":{"@id":"https:\/\/www.julian-kirschler.com\/#\/schema\/logo\/image\/"}}]}},"_links":{"self":[{"href":"https:\/\/www.julian-kirschler.com\/fr\/wp-json\/wp\/v2\/pages\/3535","targetHints":{"allow":["GET"]}}],"collection":[{"href":"https:\/\/www.julian-kirschler.com\/fr\/wp-json\/wp\/v2\/pages"}],"about":[{"href":"https:\/\/www.julian-kirschler.com\/fr\/wp-json\/wp\/v2\/types\/page"}],"author":[{"embeddable":true,"href":"https:\/\/www.julian-kirschler.com\/fr\/wp-json\/wp\/v2\/users\/1"}],"replies":[{"embeddable":true,"href":"https:\/\/www.julian-kirschler.com\/fr\/wp-json\/wp\/v2\/comments?post=3535"}],"version-history":[{"count":0,"href":"https:\/\/www.julian-kirschler.com\/fr\/wp-json\/wp\/v2\/pages\/3535\/revisions"}],"wp:attachment":[{"href":"https:\/\/www.julian-kirschler.com\/fr\/wp-json\/wp\/v2\/media?parent=3535"}],"curies":[{"name":"wp","href":"https:\/\/api.w.org\/{rel}","templated":true}]}}