{"id":3534,"date":"2024-06-29T02:28:48","date_gmt":"2024-06-29T00:28:48","guid":{"rendered":"https:\/\/www.julian-kirschler.com\/?page_id=3534"},"modified":"2026-02-13T23:21:32","modified_gmt":"2026-02-13T22:21:32","slug":"werkstext-biedermann-ist-der-brandstifter","status":"publish","type":"page","link":"https:\/\/www.julian-kirschler.com\/fr\/werkstext-biedermann-ist-der-brandstifter\/","title":{"rendered":"Texte de l'\u0153uvre : BIEDERMANN EST L'INCENDIEUR"},"content":{"rendered":"<div data-elementor-type=\"wp-page\" data-elementor-id=\"3534\" class=\"elementor elementor-3534\" data-elementor-post-type=\"page\">\n\t\t\t\t\t\t<section data-particle_enable=\"false\" data-particle-mobile-disabled=\"false\" class=\"elementor-section elementor-top-section elementor-element elementor-element-1813e50 elementor-section-boxed elementor-section-height-default elementor-section-height-default\" data-id=\"1813e50\" data-element_type=\"section\" data-e-type=\"section\">\n\t\t\t\t\t\t<div class=\"elementor-container elementor-column-gap-default\">\n\t\t\t\t\t<div class=\"elementor-column elementor-col-100 elementor-top-column elementor-element elementor-element-cf057fc\" data-id=\"cf057fc\" data-element_type=\"column\" data-e-type=\"column\">\n\t\t\t<div class=\"elementor-widget-wrap elementor-element-populated\">\n\t\t\t\t\t\t<div class=\"elementor-element elementor-element-07e6d67 elementor-widget elementor-widget-heading\" data-id=\"07e6d67\" data-element_type=\"widget\" data-e-type=\"widget\" data-widget_type=\"heading.default\">\n\t\t\t\t<div class=\"elementor-widget-container\">\n\t\t\t\t\t<h2 class=\"elementor-heading-title elementor-size-default\">BIEDERMANN EST LE PYROMANE<\/h2>\t\t\t\t<\/div>\n\t\t\t\t<\/div>\n\t\t\t\t<div class=\"elementor-element elementor-element-5f4bfbf elementor-widget elementor-widget-text-editor\" data-id=\"5f4bfbf\" data-element_type=\"widget\" data-e-type=\"widget\" data-widget_type=\"text-editor.default\">\n\t\t\t\t<div class=\"elementor-widget-container\">\n\t\t\t\t\t\t\t\t\t<div class=\"page\" title=\"Page 1\"><div class=\"layoutArea\"><div class=\"column\"><div class=\"page\" title=\"Page 1\"><div class=\"layoutArea\"><div class=\"column\"><p class=\"s5 translation-block\"><span class=\"s4\">Sur un smartphone g\u00e9ant, plusieurs<\/span><span class=\"s4\">personnes<\/span><span class=\"s4\">chattent<\/span><span class=\"s4\">.<\/span><span class=\"s4\">Ce qui semble anodin se r\u00e9v\u00e8le \u00eatre, \u00e0 y regarder de plus pr\u00e8s<\/span> <span class=\"s4\">la mort de la soci\u00e9t\u00e9 pluraliste.<\/span><\/p><p class=\"s5 translation-block\"><span class=\"s4\">Pour illustrer ce ph\u00e9nom\u00e8ne quotidien dans l'utilisation des m\u00e9dias sociaux, d<\/span><span class=\"s4\">les posts <\/span><span class=\"s4\">et la musique ont \u00e9t\u00e9 exag\u00e9r\u00e9s et mis en sc\u00e8ne sp\u00e9cialement pour le travail<\/span><span class=\"s4\">.<\/span><\/p><\/div><\/div><\/div><\/div><\/div><\/div>\t\t\t\t\t\t\t\t<\/div>\n\t\t\t\t<\/div>\n\t\t\t\t\t<\/div>\n\t\t<\/div>\n\t\t\t\t\t<\/div>\n\t\t<\/section>\n\t\t\t\t<\/div>","protected":false},"excerpt":{"rendered":"<p>BIEDERMANN EST L'INCENDIE Plusieurs personnes discutent sur un smartphone g\u00e9ant. En y regardant de plus pr\u00e8s, ce qui semble inoffensif se r\u00e9v\u00e8le \u00eatre la mort de la soci\u00e9t\u00e9 pluraliste. Pour illustrer ce ph\u00e9nom\u00e8ne quotidien dans l'utilisation des m\u00e9dias sociaux, les messages et la musique ont \u00e9t\u00e9 exag\u00e9r\u00e9s et mis en sc\u00e8ne sp\u00e9cialement pour le travail.<\/p>","protected":false},"author":1,"featured_media":0,"parent":0,"menu_order":0,"comment_status":"closed","ping_status":"closed","template":"","meta":{"footnotes":""},"class_list":["post-3534","page","type-page","status-publish","hentry"],"yoast_head":"<!-- This site is optimized with the Yoast SEO plugin v27.5 - https:\/\/yoast.com\/product\/yoast-seo-wordpress\/ -->\n<title>Werkstext: BIEDERMANN IST DER BRANDSTIFTER - Julian Kirschler<\/title>\n<meta name=\"robots\" content=\"index, follow, max-snippet:-1, max-image-preview:large, max-video-preview:-1\" \/>\n<link rel=\"canonical\" href=\"https:\/\/www.julian-kirschler.com\/fr\/werkstext-biedermann-ist-der-brandstifter\/\" \/>\n<meta property=\"og:locale\" content=\"fr_FR\" \/>\n<meta property=\"og:type\" content=\"article\" \/>\n<meta property=\"og:title\" content=\"Werkstext: BIEDERMANN IST DER BRANDSTIFTER - Julian Kirschler\" \/>\n<meta property=\"og:description\" content=\"BIEDERMANN IST DER BRANDSTIFTER Auf einem riesigen Smartphone chatten mehrere Personen. Das anscheinend Harmlose entpuppt sich bei genauerem Hinsehen als Tod der pluralistischen Gesellschaft. Um dieses allt\u00e4gliche Ph\u00e4nomen in der Nutzung sozialer Medien zur verdeutlichen, wurden die Posts und die Musik \u00fcberzeichnet dargestellt und eigens f\u00fcr die Arbeit inszeniert.\" \/>\n<meta property=\"og:url\" content=\"https:\/\/www.julian-kirschler.com\/fr\/werkstext-biedermann-ist-der-brandstifter\/\" \/>\n<meta property=\"og:site_name\" content=\"Julian Kirschler\" \/>\n<meta property=\"article:modified_time\" content=\"2026-02-13T22:21:32+00:00\" \/>\n<meta name=\"twitter:card\" content=\"summary_large_image\" \/>\n<meta name=\"twitter:label1\" content=\"Dur\u00e9e de lecture estim\u00e9e\" \/>\n\t<meta name=\"twitter:data1\" content=\"1 minute\" \/>\n<script type=\"application\/ld+json\" class=\"yoast-schema-graph\">{\"@context\":\"https:\\\/\\\/schema.org\",\"@graph\":[{\"@type\":\"WebPage\",\"@id\":\"https:\\\/\\\/www.julian-kirschler.com\\\/werkstext-biedermann-ist-der-brandstifter\\\/\",\"url\":\"https:\\\/\\\/www.julian-kirschler.com\\\/werkstext-biedermann-ist-der-brandstifter\\\/\",\"name\":\"Werkstext: BIEDERMANN IST DER BRANDSTIFTER - Julian Kirschler\",\"isPartOf\":{\"@id\":\"https:\\\/\\\/www.julian-kirschler.com\\\/#website\"},\"datePublished\":\"2024-06-29T00:28:48+00:00\",\"dateModified\":\"2026-02-13T22:21:32+00:00\",\"breadcrumb\":{\"@id\":\"https:\\\/\\\/www.julian-kirschler.com\\\/werkstext-biedermann-ist-der-brandstifter\\\/#breadcrumb\"},\"inLanguage\":\"fr-FR\",\"potentialAction\":[{\"@type\":\"ReadAction\",\"target\":[\"https:\\\/\\\/www.julian-kirschler.com\\\/werkstext-biedermann-ist-der-brandstifter\\\/\"]}]},{\"@type\":\"BreadcrumbList\",\"@id\":\"https:\\\/\\\/www.julian-kirschler.com\\\/werkstext-biedermann-ist-der-brandstifter\\\/#breadcrumb\",\"itemListElement\":[{\"@type\":\"ListItem\",\"position\":1,\"name\":\"Home\",\"item\":\"https:\\\/\\\/www.julian-kirschler.com\\\/\"},{\"@type\":\"ListItem\",\"position\":2,\"name\":\"Werkstext: BIEDERMANN IST DER BRANDSTIFTER\"}]},{\"@type\":\"WebSite\",\"@id\":\"https:\\\/\\\/www.julian-kirschler.com\\\/#website\",\"url\":\"https:\\\/\\\/www.julian-kirschler.com\\\/\",\"name\":\"Julian Kirschler\",\"description\":\"\",\"publisher\":{\"@id\":\"https:\\\/\\\/www.julian-kirschler.com\\\/#organization\"},\"potentialAction\":[{\"@type\":\"SearchAction\",\"target\":{\"@type\":\"EntryPoint\",\"urlTemplate\":\"https:\\\/\\\/www.julian-kirschler.com\\\/?s={search_term_string}\"},\"query-input\":{\"@type\":\"PropertyValueSpecification\",\"valueRequired\":true,\"valueName\":\"search_term_string\"}}],\"inLanguage\":\"fr-FR\"},{\"@type\":\"Organization\",\"@id\":\"https:\\\/\\\/www.julian-kirschler.com\\\/#organization\",\"name\":\"Julian Kirschler\",\"url\":\"https:\\\/\\\/www.julian-kirschler.com\\\/\",\"logo\":{\"@type\":\"ImageObject\",\"inLanguage\":\"fr-FR\",\"@id\":\"https:\\\/\\\/www.julian-kirschler.com\\\/#\\\/schema\\\/logo\\\/image\\\/\",\"url\":\"https:\\\/\\\/www.julian-kirschler.com\\\/wp-content\\\/uploads\\\/2022\\\/02\\\/cropped-Bildschirmfoto-2022-02-09-um-21.35.57.png\",\"contentUrl\":\"https:\\\/\\\/www.julian-kirschler.com\\\/wp-content\\\/uploads\\\/2022\\\/02\\\/cropped-Bildschirmfoto-2022-02-09-um-21.35.57.png\",\"width\":776,\"height\":104,\"caption\":\"Julian Kirschler\"},\"image\":{\"@id\":\"https:\\\/\\\/www.julian-kirschler.com\\\/#\\\/schema\\\/logo\\\/image\\\/\"}}]}<\/script>\n<!-- \/ Yoast SEO plugin. -->","yoast_head_json":{"title":"Texte de l'\u0153uvre : BIEDERMANN IST DER BRANDSTIFTER - Julian Kirschler","robots":{"index":"index","follow":"follow","max-snippet":"max-snippet:-1","max-image-preview":"max-image-preview:large","max-video-preview":"max-video-preview:-1"},"canonical":"https:\/\/www.julian-kirschler.com\/fr\/werkstext-biedermann-ist-der-brandstifter\/","og_locale":"fr_FR","og_type":"article","og_title":"Werkstext: BIEDERMANN IST DER BRANDSTIFTER - Julian Kirschler","og_description":"BIEDERMANN IST DER BRANDSTIFTER Auf einem riesigen Smartphone chatten mehrere Personen. Das anscheinend Harmlose entpuppt sich bei genauerem Hinsehen als Tod der pluralistischen Gesellschaft. Um dieses allt\u00e4gliche Ph\u00e4nomen in der Nutzung sozialer Medien zur verdeutlichen, wurden die Posts und die Musik \u00fcberzeichnet dargestellt und eigens f\u00fcr die Arbeit inszeniert.","og_url":"https:\/\/www.julian-kirschler.com\/fr\/werkstext-biedermann-ist-der-brandstifter\/","og_site_name":"Julian Kirschler","article_modified_time":"2026-02-13T22:21:32+00:00","twitter_card":"summary_large_image","twitter_misc":{"Dur\u00e9e de lecture estim\u00e9e":"1 minute"},"schema":{"@context":"https:\/\/schema.org","@graph":[{"@type":"WebPage","@id":"https:\/\/www.julian-kirschler.com\/werkstext-biedermann-ist-der-brandstifter\/","url":"https:\/\/www.julian-kirschler.com\/werkstext-biedermann-ist-der-brandstifter\/","name":"Texte de l'\u0153uvre : BIEDERMANN IST DER BRANDSTIFTER - Julian Kirschler","isPartOf":{"@id":"https:\/\/www.julian-kirschler.com\/#website"},"datePublished":"2024-06-29T00:28:48+00:00","dateModified":"2026-02-13T22:21:32+00:00","breadcrumb":{"@id":"https:\/\/www.julian-kirschler.com\/werkstext-biedermann-ist-der-brandstifter\/#breadcrumb"},"inLanguage":"fr-FR","potentialAction":[{"@type":"ReadAction","target":["https:\/\/www.julian-kirschler.com\/werkstext-biedermann-ist-der-brandstifter\/"]}]},{"@type":"BreadcrumbList","@id":"https:\/\/www.julian-kirschler.com\/werkstext-biedermann-ist-der-brandstifter\/#breadcrumb","itemListElement":[{"@type":"ListItem","position":1,"name":"Home","item":"https:\/\/www.julian-kirschler.com\/"},{"@type":"ListItem","position":2,"name":"Werkstext: BIEDERMANN IST DER BRANDSTIFTER"}]},{"@type":"WebSite","@id":"https:\/\/www.julian-kirschler.com\/#website","url":"https:\/\/www.julian-kirschler.com\/","name":"Julian Kirschler","description":"","publisher":{"@id":"https:\/\/www.julian-kirschler.com\/#organization"},"potentialAction":[{"@type":"SearchAction","target":{"@type":"EntryPoint","urlTemplate":"https:\/\/www.julian-kirschler.com\/?s={search_term_string}"},"query-input":{"@type":"PropertyValueSpecification","valueRequired":true,"valueName":"search_term_string"}}],"inLanguage":"fr-FR"},{"@type":"Organization","@id":"https:\/\/www.julian-kirschler.com\/#organization","name":"Julian Kirschler","url":"https:\/\/www.julian-kirschler.com\/","logo":{"@type":"ImageObject","inLanguage":"fr-FR","@id":"https:\/\/www.julian-kirschler.com\/#\/schema\/logo\/image\/","url":"https:\/\/www.julian-kirschler.com\/wp-content\/uploads\/2022\/02\/cropped-Bildschirmfoto-2022-02-09-um-21.35.57.png","contentUrl":"https:\/\/www.julian-kirschler.com\/wp-content\/uploads\/2022\/02\/cropped-Bildschirmfoto-2022-02-09-um-21.35.57.png","width":776,"height":104,"caption":"Julian Kirschler"},"image":{"@id":"https:\/\/www.julian-kirschler.com\/#\/schema\/logo\/image\/"}}]}},"_links":{"self":[{"href":"https:\/\/www.julian-kirschler.com\/fr\/wp-json\/wp\/v2\/pages\/3534","targetHints":{"allow":["GET"]}}],"collection":[{"href":"https:\/\/www.julian-kirschler.com\/fr\/wp-json\/wp\/v2\/pages"}],"about":[{"href":"https:\/\/www.julian-kirschler.com\/fr\/wp-json\/wp\/v2\/types\/page"}],"author":[{"embeddable":true,"href":"https:\/\/www.julian-kirschler.com\/fr\/wp-json\/wp\/v2\/users\/1"}],"replies":[{"embeddable":true,"href":"https:\/\/www.julian-kirschler.com\/fr\/wp-json\/wp\/v2\/comments?post=3534"}],"version-history":[{"count":0,"href":"https:\/\/www.julian-kirschler.com\/fr\/wp-json\/wp\/v2\/pages\/3534\/revisions"}],"wp:attachment":[{"href":"https:\/\/www.julian-kirschler.com\/fr\/wp-json\/wp\/v2\/media?parent=3534"}],"curies":[{"name":"wp","href":"https:\/\/api.w.org\/{rel}","templated":true}]}}