{"id":2999,"date":"2024-04-07T03:58:07","date_gmt":"2024-04-07T01:58:07","guid":{"rendered":"https:\/\/www.julian-kirschler.com\/?page_id=2999"},"modified":"2025-07-21T00:37:58","modified_gmt":"2025-07-20T22:37:58","slug":"widerrufsrecht","status":"publish","type":"page","link":"https:\/\/www.julian-kirschler.com\/fr\/widerrufsrecht\/","title":{"rendered":"Droit de r\u00e9tractation"},"content":{"rendered":"<div data-elementor-type=\"wp-page\" data-elementor-id=\"2999\" class=\"elementor elementor-2999\" data-elementor-post-type=\"page\">\n\t\t\t\t\t\t<section data-particle_enable=\"false\" data-particle-mobile-disabled=\"false\" class=\"elementor-section elementor-top-section elementor-element elementor-element-39889a4 elementor-section-boxed elementor-section-height-default elementor-section-height-default\" data-id=\"39889a4\" data-element_type=\"section\" data-e-type=\"section\">\n\t\t\t\t\t\t<div class=\"elementor-container elementor-column-gap-default\">\n\t\t\t\t\t<div class=\"elementor-column elementor-col-100 elementor-top-column elementor-element elementor-element-91dccc3\" data-id=\"91dccc3\" data-element_type=\"column\" data-e-type=\"column\">\n\t\t\t<div class=\"elementor-widget-wrap elementor-element-populated\">\n\t\t\t\t\t\t<div class=\"elementor-element elementor-element-a3910a8 elementor-widget elementor-widget-html\" data-id=\"a3910a8\" data-element_type=\"widget\" data-e-type=\"widget\" data-widget_type=\"html.default\">\n\t\t\t\t<div class=\"elementor-widget-container\">\n\t\t\t\t\t<h1>Droit de r\u00e9tractation pour les consommateurs<\/h1>\n\n<p><strong>Consommateurs<\/strong> est toute personne physique qui conclut un acte juridique \u00e0 des fins qui, pour l'essentiel, ne peuvent \u00eatre imput\u00e9es ni \u00e0 son activit\u00e9 commerciale ni \u00e0 son activit\u00e9 professionnelle ind\u00e9pendante (\u00a7 13 BGB).<\/p>\n\n<h2>Information sur le droit de r\u00e9tractation<\/h2>\n\n<h3>Droit de r\u00e9tractation<\/h3>\n<p>Tu as le droit de te r\u00e9tracter de ce contrat dans un d\u00e9lai de 14 jours sans donner de raison.<\/p>\n\n<p>Le d\u00e9lai de r\u00e9tractation est de 14 jours \u00e0 compter de la date,<\/p>\n<ul>\n  <li>le jour o\u00f9 toi ou un tiers autre que le transporteur et d\u00e9sign\u00e9 par toi a pris possession des marchandises, si tu as command\u00e9 des marchandises, ou<\/li>\n  <li>\u00e0 laquelle toi ou un tiers d\u00e9sign\u00e9 par toi, qui n'est pas le transporteur, a pris possession de la derni\u00e8re marchandise, si tu as command\u00e9 plusieurs marchandises dans le cadre d'une commande unique, ou<\/li>\n  <li>le jour o\u00f9 toi ou un tiers autre que le transporteur et d\u00e9sign\u00e9 par toi a pris possession du dernier envoi partiel ou de la derni\u00e8re pi\u00e8ce, si les marchandises ont \u00e9t\u00e9 livr\u00e9es en plusieurs envois partiels ou pi\u00e8ces.<\/li>\n<\/ul>\n\n<p>Pour exercer ton droit de r\u00e9tractation, tu dois nous contacter (Julian Kirschler, c\/o Postflex #5210, Emsdettener Stra\u00dfe 10, 48268 Greven, Allemagne, e-mail : <a href=\"mailto:info@julian-kirschler.com\">info@julian-kirschler.com<\/a>) au moyen d'une d\u00e9claration claire (par exemple, par e-mail ou par courrier) de ta d\u00e9cision de te r\u00e9tracter du pr\u00e9sent contrat. Tu peux utiliser \u00e0 cet effet le mod\u00e8le de formulaire de r\u00e9tractation ci-dessous, qui n'est toutefois pas obligatoire.<\/p>\n\n<p>Pour que le d\u00e9lai de r\u00e9tractation soit respect\u00e9, il suffit que tu envoies la communication relative \u00e0 l'exercice du droit de r\u00e9tractation avant l'expiration du d\u00e9lai.<\/p>\n\n<h3>Cons\u00e9quences de la r\u00e9vocation<\/h3>\n<p>Si tu te r\u00e9tractes du pr\u00e9sent contrat, nous te rembourserons tous les paiements que nous avons re\u00e7us de toi, y compris les frais de livraison (\u00e0 l'exception des frais suppl\u00e9mentaires r\u00e9sultant d'un mode de livraison autre que le mode de livraison standard que nous proposons), sans d\u00e9lai et au plus tard dans les 14 jours \u00e0 compter de la date \u00e0 laquelle nous avons re\u00e7u la communication de ta r\u00e9tractation.<\/p>\n\n<p>Pour le remboursement, nous utilisons le m\u00eame moyen de paiement que celui que tu as utilis\u00e9 pour la transaction initiale, sauf accord contraire explicite. En aucun cas, des frais ne te seront factur\u00e9s pour ce remboursement.<\/p>\n\n<p>Nous pouvons refuser le remboursement jusqu'\u00e0 ce que nous ayons r\u00e9cup\u00e9r\u00e9 les marchandises ou que tu aies fourni la preuve que tu as renvoy\u00e9 les marchandises, la date retenue \u00e9tant la plus proche.<\/p>\n\n<p>Tu dois nous renvoyer ou nous remettre les marchandises sans d\u00e9lai et, en tout \u00e9tat de cause, au plus tard dans les 14 jours suivant la date \u00e0 laquelle tu nous as inform\u00e9s de ta r\u00e9tractation. Le d\u00e9lai est respect\u00e9 si tu renvoies les marchandises avant l'expiration du d\u00e9lai de 14 jours.<\/p>\n\n<p>Les frais directs de renvoi des marchandises sont \u00e0 ta charge. Pour les \u0153uvres d'art qui ne peuvent pas \u00eatre envoy\u00e9es par colis (par ex. les grands formats encadr\u00e9s), nous organisons l'enl\u00e8vement - les frais y aff\u00e9rents sont convenus individuellement dans le cadre du processus de r\u00e9tractation.<\/p>\n\n<p>Tu ne dois assumer la responsabilit\u00e9 d'une \u00e9ventuelle perte de valeur de la marchandise que si cette perte de valeur est due \u00e0 une manipulation de la marchandise qui n'\u00e9tait pas n\u00e9cessaire pour en v\u00e9rifier la nature, les caract\u00e9ristiques et le fonctionnement.<\/p>\n\n<h2>Exclusion ou extinction pr\u00e9matur\u00e9e du droit de r\u00e9tractation<\/h2>\n<p>Le droit de r\u00e9tractation ne s'applique pas aux contrats de fourniture de biens,<\/p>\n<ul>\n  <li>qui ne sont pas pr\u00e9fabriqu\u00e9s et pour la fabrication desquels un choix individuel ou une d\u00e9termination par le consommateur sont d\u00e9terminants ou<\/li>\n  <li>qui sont clairement adapt\u00e9s aux besoins personnels du consommateur.<\/li>\n<\/ul>\n<p>Cela concerne en particulier les \u0153uvres d'art produites sur commande, par exemple les impressions photographiques limit\u00e9es dans certains formats ou les versions avec encadrement individuel.<\/p>\n\n<h2>Mod\u00e8le de formulaire de r\u00e9tractation<\/h2>\n\n<p>(Si tu souhaites te r\u00e9tracter, remplis ce formulaire et renvoie-le).<\/p>\n\n<pre>\n\u00c0 :\nJulian Kirschler\nc\/o Postflex #5210\nRue d'Emsdetten 10\n48268 Greven\nAllemagne\nCourrier \u00e9lectronique : info@julian-kirschler.com\n\nPar la pr\u00e9sente, je r\u00e9voque le contrat que j'ai conclu pour l'achat des marchandises suivantes :\n\n____________________________________________________\n\nCommand\u00e9 le : _______________ \/ re\u00e7u le : _______________\n\nNom du\/des consommateur(s) : _______________________________\n\nAdresse du\/des consommateur(s) : ___________________________\n\nSignature (uniquement en cas de communication sur papier) :\n\nDate : _______________\n<\/pre>\n\t\t\t\t<\/div>\n\t\t\t\t<\/div>\n\t\t\t\t\t<\/div>\n\t\t<\/div>\n\t\t\t\t\t<\/div>\n\t\t<\/section>\n\t\t\t\t<\/div>","protected":false},"excerpt":{"rendered":"<p>Widerrufsrecht f\u00fcr Verbraucher Verbraucher ist jede nat\u00fcrliche Person, die ein Rechtsgesch\u00e4ft zu Zwecken abschlie\u00dft, die \u00fcberwiegend weder ihrer gewerblichen noch ihrer selbstst\u00e4ndigen beruflichen T\u00e4tigkeit zugerechnet werden k\u00f6nnen (\u00a7 13 BGB). Widerrufsbelehrung Widerrufsrecht Du hast das Recht, binnen 14 Tagen ohne Angabe von Gr\u00fcnden diesen Vertrag zu widerrufen. Die Widerrufsfrist betr\u00e4gt 14 Tage ab dem Tag, [&hellip;]<\/p>\n","protected":false},"author":1,"featured_media":0,"parent":0,"menu_order":0,"comment_status":"closed","ping_status":"closed","template":"","meta":{"footnotes":""},"class_list":["post-2999","page","type-page","status-publish","hentry"],"yoast_head":"<!-- This site is optimized with the Yoast SEO plugin v27.5 - https:\/\/yoast.com\/product\/yoast-seo-wordpress\/ -->\n<title>Widerrufsrecht - Julian Kirschler<\/title>\n<meta name=\"robots\" content=\"index, follow, max-snippet:-1, max-image-preview:large, max-video-preview:-1\" \/>\n<link rel=\"canonical\" href=\"https:\/\/www.julian-kirschler.com\/fr\/widerrufsrecht\/\" \/>\n<meta property=\"og:locale\" content=\"fr_FR\" \/>\n<meta property=\"og:type\" content=\"article\" \/>\n<meta property=\"og:title\" content=\"Widerrufsrecht - Julian Kirschler\" \/>\n<meta property=\"og:description\" content=\"Widerrufsrecht f\u00fcr Verbraucher Verbraucher ist jede nat\u00fcrliche Person, die ein Rechtsgesch\u00e4ft zu Zwecken abschlie\u00dft, die \u00fcberwiegend weder ihrer gewerblichen noch ihrer selbstst\u00e4ndigen beruflichen T\u00e4tigkeit zugerechnet werden k\u00f6nnen (\u00a7 13 BGB). Widerrufsbelehrung Widerrufsrecht Du hast das Recht, binnen 14 Tagen ohne Angabe von Gr\u00fcnden diesen Vertrag zu widerrufen. Die Widerrufsfrist betr\u00e4gt 14 Tage ab dem Tag, [&hellip;]\" \/>\n<meta property=\"og:url\" content=\"https:\/\/www.julian-kirschler.com\/fr\/widerrufsrecht\/\" \/>\n<meta property=\"og:site_name\" content=\"Julian Kirschler\" \/>\n<meta property=\"article:modified_time\" content=\"2025-07-20T22:37:58+00:00\" \/>\n<meta name=\"twitter:card\" content=\"summary_large_image\" \/>\n<meta name=\"twitter:label1\" content=\"Dur\u00e9e de lecture estim\u00e9e\" \/>\n\t<meta name=\"twitter:data1\" content=\"3 minutes\" \/>\n<script type=\"application\/ld+json\" class=\"yoast-schema-graph\">{\"@context\":\"https:\\\/\\\/schema.org\",\"@graph\":[{\"@type\":\"WebPage\",\"@id\":\"https:\\\/\\\/www.julian-kirschler.com\\\/widerrufsrecht\\\/\",\"url\":\"https:\\\/\\\/www.julian-kirschler.com\\\/widerrufsrecht\\\/\",\"name\":\"Widerrufsrecht - Julian Kirschler\",\"isPartOf\":{\"@id\":\"https:\\\/\\\/www.julian-kirschler.com\\\/#website\"},\"datePublished\":\"2024-04-07T01:58:07+00:00\",\"dateModified\":\"2025-07-20T22:37:58+00:00\",\"breadcrumb\":{\"@id\":\"https:\\\/\\\/www.julian-kirschler.com\\\/widerrufsrecht\\\/#breadcrumb\"},\"inLanguage\":\"fr-FR\",\"potentialAction\":[{\"@type\":\"ReadAction\",\"target\":[\"https:\\\/\\\/www.julian-kirschler.com\\\/widerrufsrecht\\\/\"]}]},{\"@type\":\"BreadcrumbList\",\"@id\":\"https:\\\/\\\/www.julian-kirschler.com\\\/widerrufsrecht\\\/#breadcrumb\",\"itemListElement\":[{\"@type\":\"ListItem\",\"position\":1,\"name\":\"Home\",\"item\":\"https:\\\/\\\/www.julian-kirschler.com\\\/\"},{\"@type\":\"ListItem\",\"position\":2,\"name\":\"Widerrufsrecht\"}]},{\"@type\":\"WebSite\",\"@id\":\"https:\\\/\\\/www.julian-kirschler.com\\\/#website\",\"url\":\"https:\\\/\\\/www.julian-kirschler.com\\\/\",\"name\":\"Julian Kirschler\",\"description\":\"\",\"publisher\":{\"@id\":\"https:\\\/\\\/www.julian-kirschler.com\\\/#organization\"},\"potentialAction\":[{\"@type\":\"SearchAction\",\"target\":{\"@type\":\"EntryPoint\",\"urlTemplate\":\"https:\\\/\\\/www.julian-kirschler.com\\\/?s={search_term_string}\"},\"query-input\":{\"@type\":\"PropertyValueSpecification\",\"valueRequired\":true,\"valueName\":\"search_term_string\"}}],\"inLanguage\":\"fr-FR\"},{\"@type\":\"Organization\",\"@id\":\"https:\\\/\\\/www.julian-kirschler.com\\\/#organization\",\"name\":\"Julian Kirschler\",\"url\":\"https:\\\/\\\/www.julian-kirschler.com\\\/\",\"logo\":{\"@type\":\"ImageObject\",\"inLanguage\":\"fr-FR\",\"@id\":\"https:\\\/\\\/www.julian-kirschler.com\\\/#\\\/schema\\\/logo\\\/image\\\/\",\"url\":\"https:\\\/\\\/www.julian-kirschler.com\\\/wp-content\\\/uploads\\\/2022\\\/02\\\/cropped-Bildschirmfoto-2022-02-09-um-21.35.57.png\",\"contentUrl\":\"https:\\\/\\\/www.julian-kirschler.com\\\/wp-content\\\/uploads\\\/2022\\\/02\\\/cropped-Bildschirmfoto-2022-02-09-um-21.35.57.png\",\"width\":776,\"height\":104,\"caption\":\"Julian Kirschler\"},\"image\":{\"@id\":\"https:\\\/\\\/www.julian-kirschler.com\\\/#\\\/schema\\\/logo\\\/image\\\/\"}}]}<\/script>\n<!-- \/ Yoast SEO plugin. -->","yoast_head_json":{"title":"Droit de r\u00e9tractation - Julian Kirschler","robots":{"index":"index","follow":"follow","max-snippet":"max-snippet:-1","max-image-preview":"max-image-preview:large","max-video-preview":"max-video-preview:-1"},"canonical":"https:\/\/www.julian-kirschler.com\/fr\/widerrufsrecht\/","og_locale":"fr_FR","og_type":"article","og_title":"Widerrufsrecht - Julian Kirschler","og_description":"Widerrufsrecht f\u00fcr Verbraucher Verbraucher ist jede nat\u00fcrliche Person, die ein Rechtsgesch\u00e4ft zu Zwecken abschlie\u00dft, die \u00fcberwiegend weder ihrer gewerblichen noch ihrer selbstst\u00e4ndigen beruflichen T\u00e4tigkeit zugerechnet werden k\u00f6nnen (\u00a7 13 BGB). Widerrufsbelehrung Widerrufsrecht Du hast das Recht, binnen 14 Tagen ohne Angabe von Gr\u00fcnden diesen Vertrag zu widerrufen. Die Widerrufsfrist betr\u00e4gt 14 Tage ab dem Tag, [&hellip;]","og_url":"https:\/\/www.julian-kirschler.com\/fr\/widerrufsrecht\/","og_site_name":"Julian Kirschler","article_modified_time":"2025-07-20T22:37:58+00:00","twitter_card":"summary_large_image","twitter_misc":{"Dur\u00e9e de lecture estim\u00e9e":"3 minutes"},"schema":{"@context":"https:\/\/schema.org","@graph":[{"@type":"WebPage","@id":"https:\/\/www.julian-kirschler.com\/widerrufsrecht\/","url":"https:\/\/www.julian-kirschler.com\/widerrufsrecht\/","name":"Droit de r\u00e9tractation - Julian Kirschler","isPartOf":{"@id":"https:\/\/www.julian-kirschler.com\/#website"},"datePublished":"2024-04-07T01:58:07+00:00","dateModified":"2025-07-20T22:37:58+00:00","breadcrumb":{"@id":"https:\/\/www.julian-kirschler.com\/widerrufsrecht\/#breadcrumb"},"inLanguage":"fr-FR","potentialAction":[{"@type":"ReadAction","target":["https:\/\/www.julian-kirschler.com\/widerrufsrecht\/"]}]},{"@type":"BreadcrumbList","@id":"https:\/\/www.julian-kirschler.com\/widerrufsrecht\/#breadcrumb","itemListElement":[{"@type":"ListItem","position":1,"name":"Home","item":"https:\/\/www.julian-kirschler.com\/"},{"@type":"ListItem","position":2,"name":"Widerrufsrecht"}]},{"@type":"WebSite","@id":"https:\/\/www.julian-kirschler.com\/#website","url":"https:\/\/www.julian-kirschler.com\/","name":"Julian Kirschler","description":"","publisher":{"@id":"https:\/\/www.julian-kirschler.com\/#organization"},"potentialAction":[{"@type":"SearchAction","target":{"@type":"EntryPoint","urlTemplate":"https:\/\/www.julian-kirschler.com\/?s={search_term_string}"},"query-input":{"@type":"PropertyValueSpecification","valueRequired":true,"valueName":"search_term_string"}}],"inLanguage":"fr-FR"},{"@type":"Organization","@id":"https:\/\/www.julian-kirschler.com\/#organization","name":"Julian Kirschler","url":"https:\/\/www.julian-kirschler.com\/","logo":{"@type":"ImageObject","inLanguage":"fr-FR","@id":"https:\/\/www.julian-kirschler.com\/#\/schema\/logo\/image\/","url":"https:\/\/www.julian-kirschler.com\/wp-content\/uploads\/2022\/02\/cropped-Bildschirmfoto-2022-02-09-um-21.35.57.png","contentUrl":"https:\/\/www.julian-kirschler.com\/wp-content\/uploads\/2022\/02\/cropped-Bildschirmfoto-2022-02-09-um-21.35.57.png","width":776,"height":104,"caption":"Julian Kirschler"},"image":{"@id":"https:\/\/www.julian-kirschler.com\/#\/schema\/logo\/image\/"}}]}},"_links":{"self":[{"href":"https:\/\/www.julian-kirschler.com\/fr\/wp-json\/wp\/v2\/pages\/2999","targetHints":{"allow":["GET"]}}],"collection":[{"href":"https:\/\/www.julian-kirschler.com\/fr\/wp-json\/wp\/v2\/pages"}],"about":[{"href":"https:\/\/www.julian-kirschler.com\/fr\/wp-json\/wp\/v2\/types\/page"}],"author":[{"embeddable":true,"href":"https:\/\/www.julian-kirschler.com\/fr\/wp-json\/wp\/v2\/users\/1"}],"replies":[{"embeddable":true,"href":"https:\/\/www.julian-kirschler.com\/fr\/wp-json\/wp\/v2\/comments?post=2999"}],"version-history":[{"count":0,"href":"https:\/\/www.julian-kirschler.com\/fr\/wp-json\/wp\/v2\/pages\/2999\/revisions"}],"wp:attachment":[{"href":"https:\/\/www.julian-kirschler.com\/fr\/wp-json\/wp\/v2\/media?parent=2999"}],"curies":[{"name":"wp","href":"https:\/\/api.w.org\/{rel}","templated":true}]}}