{"id":2992,"date":"2024-04-07T03:35:24","date_gmt":"2024-04-07T01:35:24","guid":{"rendered":"https:\/\/www.julian-kirschler.com\/?page_id=2992"},"modified":"2025-07-21T00:43:25","modified_gmt":"2025-07-20T22:43:25","slug":"agbs-und-kundeninformationen","status":"publish","type":"page","link":"https:\/\/www.julian-kirschler.com\/fr\/agbs-und-kundeninformationen\/","title":{"rendered":"Conditions g\u00e9n\u00e9rales et informations aux clients"},"content":{"rendered":"<div data-elementor-type=\"wp-page\" data-elementor-id=\"2992\" class=\"elementor elementor-2992\" data-elementor-post-type=\"page\">\n\t\t\t\t\t\t<section data-particle_enable=\"false\" data-particle-mobile-disabled=\"false\" class=\"elementor-section elementor-top-section elementor-element elementor-element-2291529 elementor-section-boxed elementor-section-height-default elementor-section-height-default\" data-id=\"2291529\" data-element_type=\"section\" data-e-type=\"section\">\n\t\t\t\t\t\t<div class=\"elementor-container elementor-column-gap-default\">\n\t\t\t\t\t<div class=\"elementor-column elementor-col-100 elementor-top-column elementor-element elementor-element-02af8d6\" data-id=\"02af8d6\" data-element_type=\"column\" data-e-type=\"column\">\n\t\t\t<div class=\"elementor-widget-wrap elementor-element-populated\">\n\t\t\t\t\t\t<div class=\"elementor-element elementor-element-1dec6f3 elementor-widget elementor-widget-html\" data-id=\"1dec6f3\" data-element_type=\"widget\" data-e-type=\"widget\" data-widget_type=\"html.default\">\n\t\t\t\t<div class=\"elementor-widget-container\">\n\t\t\t\t\t<h1>Conditions g\u00e9n\u00e9rales de vente et informations aux clients<\/h1>\n\n<h2>I. Conditions g\u00e9n\u00e9rales de vente<\/h2>\n\n<h3>\u00a7 1 Dispositions de base<\/h3>\n<p>(1) Les conditions g\u00e9n\u00e9rales de vente suivantes s'appliquent \u00e0 tous les contrats que tu conclus avec nous en tant que fournisseur (Julian Kirschler) via le site Internet <a href=\"https:\/\/www.julian-kirschler.com\/fr\/\">www.julian-kirschler.com<\/a> de l'entreprise. Les conditions divergentes du client ne s'appliquent que si nous avons express\u00e9ment accept\u00e9 leur validit\u00e9.<\/p>\n<p>(2) Le consommateur, au sens des pr\u00e9sentes CGV, est toute personne physique qui conclut un acte juridique \u00e0 des fins qui, pour l'essentiel, ne peuvent \u00eatre imput\u00e9es ni \u00e0 son activit\u00e9 commerciale ni \u00e0 son activit\u00e9 professionnelle ind\u00e9pendante. L'entrepreneur est toute personne physique ou morale ou soci\u00e9t\u00e9 de personnes ayant la capacit\u00e9 juridique qui, lors de la conclusion d'un acte juridique, agit dans l'exercice de son activit\u00e9 professionnelle commerciale ou ind\u00e9pendante.<\/p>\n\n<h3>\u00a7 2 Formation du contrat<\/h3>\n<p>(1) La pr\u00e9sentation des produits dans notre boutique en ligne constitue une offre ferme de conclusion d'un contrat de vente.<\/p>\n<p>(2) Le contrat est conclu par le biais du syst\u00e8me de panier d'achat en ligne int\u00e9gr\u00e9. Tu places les produits souhait\u00e9s dans le panier, tu suis le processus de commande \u00e9lectronique et tu passes \u00e0 la fin une commande juridiquement contraignante en cliquant sur le bouton correspondant (\"commande avec obligation de paiement\", \"acheter maintenant\" ou similaire).<\/p>\n<p>(3) Avant d'envoyer la commande, tu peux v\u00e9rifier encore une fois toutes les donn\u00e9es et les modifier si n\u00e9cessaire. Le contrat est conclu d\u00e8s que tu envoies la commande.<\/p>\n<p>(4) Apr\u00e8s avoir pass\u00e9 ta commande, tu re\u00e7ois une confirmation automatique par e-mail. Cette confirmation documente la r\u00e9ception de ta commande, mais ne constitue pas encore une acceptation du contrat. L'acceptation du contrat se fait par e-mail s\u00e9par\u00e9 avec confirmation d'exp\u00e9dition ou livraison de la marchandise.<\/p>\n\n<h3>\u00a7 3 Licence d'utilisation pour les contenus num\u00e9riques<\/h3>\n<p>Si des contenus num\u00e9riques sont propos\u00e9s, tu re\u00e7ois une licence d'utilisation simple et non transf\u00e9rable conform\u00e9ment aux dispositions indiqu\u00e9es dans l'offre correspondante. Tous les contenus sont soumis aux droits d'auteur.<\/p>\n\n<h3>\u00a7 4 Modes et conditions de paiement<\/h3>\n<p>(1) Les modes de paiement disponibles (par ex. PayPal, Klarna, Stripe, Amazon Pay) sont mentionn\u00e9s dans le processus de commande ainsi que dans la rubrique \"Paiement &amp; exp\u00e9dition\".<\/p>\n<p>(2) Les conditions et les directives de protection des donn\u00e9es respectives des prestataires de services de paiement choisis s'appliquent.<\/p>\n<p>(3) Les droits \u00e0 paiement sont imm\u00e9diatement exigibles, sauf indication contraire dans le processus de commande.<\/p>\n\n<h3>\u00a7 5 R\u00e9serve de propri\u00e9t\u00e9<\/h3>\n<p>La marchandise reste notre propri\u00e9t\u00e9 jusqu'\u00e0 son paiement int\u00e9gral.<\/p>\n\n<h3>\u00a7 6 Livraison &amp; exp\u00e9dition<\/h3>\n<p>(1) Les conditions de livraison, les d\u00e9lais de livraison ainsi que les frais d'exp\u00e9dition sont indiqu\u00e9s sur notre site Internet sous \"Paiement &amp; exp\u00e9dition\".<\/p>\n<p>(2) Les livraisons dans des pays non membres de l'UE peuvent \u00eatre soumises \u00e0 des droits de douane, des taxes ou des frais suppl\u00e9mentaires que tu dois supporter en tant qu'acheteur.<\/p>\n\n<h3>\u00a7 7 Droit de r\u00e9tractation<\/h3>\n<p>Les consommateurs disposent en principe d'un droit de r\u00e9tractation l\u00e9gal. Tu trouveras les d\u00e9tails dans la <a href=\"\/fr\/widerruf\/\">Information sur le droit de r\u00e9tractation<\/a>.<\/p>\n<p>Le droit de r\u00e9tractation peut \u00eatre exclu pour les \u0153uvres personnalis\u00e9es ou produites sur commande (par exemple, l'art photographique sign\u00e9, encadr\u00e9 ou limit\u00e9), dans la mesure o\u00f9 la loi le permet.<\/p>\n\n<h3>\u00a7 8 Garantie<\/h3>\n<p>Les droits l\u00e9gaux en mati\u00e8re de responsabilit\u00e9 pour les d\u00e9fauts s'appliquent.<\/p>\n<p>Veuillez v\u00e9rifier la marchandise d\u00e8s sa r\u00e9ception. Veuillez nous communiquer rapidement tout d\u00e9faut apparent - sans que cela ne constitue une condition pr\u00e9alable \u00e0 vos droits.<\/p>\n\n<h3>\u00a7 9 R\u00e8glement des litiges \/ Plateforme OS<\/h3>\n<p>La Commission europ\u00e9enne met \u00e0 disposition une plateforme de r\u00e8glement en ligne des litiges (RLL) : <a href=\"https:\/\/ec.europa.eu\/odr\" target=\"_blank\">https:\/\/ec.europa.eu\/odr<\/a><\/p>\n<p>Nous ne sommes pas tenus de participer \u00e0 une proc\u00e9dure de r\u00e8glement des litiges devant un organisme de conciliation des consommateurs et ne sommes pas dispos\u00e9s \u00e0 le faire.<\/p>\n\n<h3>\u00a7 10 Choix de la loi<\/h3>\n<p>Le droit applicable est celui de la R\u00e9publique f\u00e9d\u00e9rale d'Allemagne, \u00e0 l'exclusion de la Convention des Nations Unies sur les contrats de vente internationale de marchandises. Pour les consommateurs, ce choix de droit ne s'applique que dans la mesure o\u00f9 la protection accord\u00e9e dans le pays de r\u00e9sidence n'est pas retir\u00e9e par des dispositions imp\u00e9ratives.<\/p>\n\n<h2>II. informations sur les clients<\/h2>\n\n<h3>1. informations sur le fournisseur<\/h3>\n<p>Julian Kirschler<br>\nc\/o Postflex #5210<br>\n10, rue d'Emsdetten<br>\n48268 Greven<br>\nAllemagne<br>\nT\u00e9l\u00e9phone : +49 170 2998885<br>\nCourrier \u00e9lectronique : <a href=\"mailto:info@julian-kirschler.com\">info@julian-kirschler.com<\/a><\/p>\n\n<h3>2. langue du contrat &amp; conservation du contrat<\/h3>\n<p>La langue du contrat est l'allemand.<\/p>\n<p>Le texte complet du contrat n'est pas sauvegard\u00e9 durablement. Avant d'envoyer ta commande, tu peux sauvegarder le texte du contrat en utilisant la fonction d'impression de ton navigateur. Apr\u00e8s r\u00e9ception de la commande, nous t'envoyons une confirmation de commande par e-mail avec toutes les donn\u00e9es pertinentes.<\/p>\n\n<h3>3. informations sur la conclusion du contrat<\/h3>\n<p>Le contrat est conclu conform\u00e9ment au \u00a7 2 de nos conditions g\u00e9n\u00e9rales de vente.<\/p>\n\n<h3>4. caract\u00e9ristiques essentielles du produit<\/h3>\n<p>Les caract\u00e9ristiques essentielles de la marchandise sont indiqu\u00e9es dans la description de chaque produit dans la boutique en ligne.<\/p>\n\n<h3>5. prix et frais d'envoi<\/h3>\n<p>Tous les prix sont des prix globaux incluant la TVA l\u00e9gale. Les frais d'exp\u00e9dition sont indiqu\u00e9s s\u00e9par\u00e9ment et sont \u00e0 la charge de l'acheteur, sauf si une livraison sans frais d'exp\u00e9dition est propos\u00e9e.<\/p>\n<p>Les livraisons en dehors de l'UE peuvent entra\u00eener des frais suppl\u00e9mentaires (par exemple des droits de douane ou des taxes) qui sont \u00e0 ta charge en tant qu'acheteur.<\/p>\n\n<h3>6e livraison<\/h3>\n<p>La livraison est effectu\u00e9e \u00e0 l'adresse que tu as indiqu\u00e9e, sauf accord contraire. Tu trouveras de plus amples informations sous \"Paiement &amp; exp\u00e9dition\".<\/p>\n<p>Pour les consommateurs, le transfert des risques n'a lieu qu'au moment de la remise de la marchandise. Pour les entrepreneurs, le transfert des risques a lieu au moment de la remise \u00e0 l'entreprise d'exp\u00e9dition.<\/p>\n\n<h3>7. garantie<\/h3>\n<p>Les r\u00e8gles de garantie l\u00e9gales s'appliquent conform\u00e9ment au \u00a7 8 des pr\u00e9sentes CGV.<\/p>\n\t\t\t\t<\/div>\n\t\t\t\t<\/div>\n\t\t\t\t\t<\/div>\n\t\t<\/div>\n\t\t\t\t\t<\/div>\n\t\t<\/section>\n\t\t\t\t<\/div>","protected":false},"excerpt":{"rendered":"<p>Allgemeine Gesch\u00e4ftsbedingungen und Kundeninformationen I. Allgemeine Gesch\u00e4ftsbedingungen \u00a7 1 Grundlegende Bestimmungen (1) Die nachstehenden Gesch\u00e4ftsbedingungen gelten f\u00fcr alle Vertr\u00e4ge, die du mit uns als Anbieter (Julian Kirschler) \u00fcber die Internetseite www.julian-kirschler.com abschlie\u00dft. Abweichende Bedingungen des Kunden finden nur Anwendung, wenn wir ihrer Geltung ausdr\u00fccklich zugestimmt haben. (2) Verbraucher im Sinne dieser AGB ist jede nat\u00fcrliche [&hellip;]<\/p>\n","protected":false},"author":1,"featured_media":0,"parent":0,"menu_order":0,"comment_status":"closed","ping_status":"closed","template":"","meta":{"footnotes":""},"class_list":["post-2992","page","type-page","status-publish","hentry"],"yoast_head":"<!-- This site is optimized with the Yoast SEO plugin v27.5 - https:\/\/yoast.com\/product\/yoast-seo-wordpress\/ -->\n<title>AGB\u2019s und Kundeninformationen - Julian Kirschler<\/title>\n<meta name=\"robots\" content=\"noindex, nofollow\" \/>\n<meta property=\"og:locale\" content=\"fr_FR\" \/>\n<meta property=\"og:type\" content=\"article\" \/>\n<meta property=\"og:title\" content=\"AGB\u2019s und Kundeninformationen - Julian Kirschler\" \/>\n<meta property=\"og:description\" content=\"Allgemeine Gesch\u00e4ftsbedingungen und Kundeninformationen I. Allgemeine Gesch\u00e4ftsbedingungen \u00a7 1 Grundlegende Bestimmungen (1) Die nachstehenden Gesch\u00e4ftsbedingungen gelten f\u00fcr alle Vertr\u00e4ge, die du mit uns als Anbieter (Julian Kirschler) \u00fcber die Internetseite www.julian-kirschler.com abschlie\u00dft. Abweichende Bedingungen des Kunden finden nur Anwendung, wenn wir ihrer Geltung ausdr\u00fccklich zugestimmt haben. (2) Verbraucher im Sinne dieser AGB ist jede nat\u00fcrliche [&hellip;]\" \/>\n<meta property=\"og:url\" content=\"https:\/\/www.julian-kirschler.com\/fr\/agbs-und-kundeninformationen\/\" \/>\n<meta property=\"og:site_name\" content=\"Julian Kirschler\" \/>\n<meta property=\"article:modified_time\" content=\"2025-07-20T22:43:25+00:00\" \/>\n<meta name=\"twitter:card\" content=\"summary_large_image\" \/>\n<meta name=\"twitter:label1\" content=\"Dur\u00e9e de lecture estim\u00e9e\" \/>\n\t<meta name=\"twitter:data1\" content=\"4 minutes\" \/>\n<script type=\"application\/ld+json\" class=\"yoast-schema-graph\">{\"@context\":\"https:\\\/\\\/schema.org\",\"@graph\":[{\"@type\":\"WebPage\",\"@id\":\"https:\\\/\\\/www.julian-kirschler.com\\\/agbs-und-kundeninformationen\\\/\",\"url\":\"https:\\\/\\\/www.julian-kirschler.com\\\/agbs-und-kundeninformationen\\\/\",\"name\":\"AGB\u2019s und Kundeninformationen - Julian Kirschler\",\"isPartOf\":{\"@id\":\"https:\\\/\\\/www.julian-kirschler.com\\\/#website\"},\"datePublished\":\"2024-04-07T01:35:24+00:00\",\"dateModified\":\"2025-07-20T22:43:25+00:00\",\"breadcrumb\":{\"@id\":\"https:\\\/\\\/www.julian-kirschler.com\\\/agbs-und-kundeninformationen\\\/#breadcrumb\"},\"inLanguage\":\"fr-FR\",\"potentialAction\":[{\"@type\":\"ReadAction\",\"target\":[\"https:\\\/\\\/www.julian-kirschler.com\\\/agbs-und-kundeninformationen\\\/\"]}]},{\"@type\":\"BreadcrumbList\",\"@id\":\"https:\\\/\\\/www.julian-kirschler.com\\\/agbs-und-kundeninformationen\\\/#breadcrumb\",\"itemListElement\":[{\"@type\":\"ListItem\",\"position\":1,\"name\":\"Home\",\"item\":\"https:\\\/\\\/www.julian-kirschler.com\\\/\"},{\"@type\":\"ListItem\",\"position\":2,\"name\":\"AGB\u2019s und Kundeninformationen\"}]},{\"@type\":\"WebSite\",\"@id\":\"https:\\\/\\\/www.julian-kirschler.com\\\/#website\",\"url\":\"https:\\\/\\\/www.julian-kirschler.com\\\/\",\"name\":\"Julian Kirschler\",\"description\":\"\",\"publisher\":{\"@id\":\"https:\\\/\\\/www.julian-kirschler.com\\\/#organization\"},\"potentialAction\":[{\"@type\":\"SearchAction\",\"target\":{\"@type\":\"EntryPoint\",\"urlTemplate\":\"https:\\\/\\\/www.julian-kirschler.com\\\/?s={search_term_string}\"},\"query-input\":{\"@type\":\"PropertyValueSpecification\",\"valueRequired\":true,\"valueName\":\"search_term_string\"}}],\"inLanguage\":\"fr-FR\"},{\"@type\":\"Organization\",\"@id\":\"https:\\\/\\\/www.julian-kirschler.com\\\/#organization\",\"name\":\"Julian Kirschler\",\"url\":\"https:\\\/\\\/www.julian-kirschler.com\\\/\",\"logo\":{\"@type\":\"ImageObject\",\"inLanguage\":\"fr-FR\",\"@id\":\"https:\\\/\\\/www.julian-kirschler.com\\\/#\\\/schema\\\/logo\\\/image\\\/\",\"url\":\"https:\\\/\\\/www.julian-kirschler.com\\\/wp-content\\\/uploads\\\/2022\\\/02\\\/cropped-Bildschirmfoto-2022-02-09-um-21.35.57.png\",\"contentUrl\":\"https:\\\/\\\/www.julian-kirschler.com\\\/wp-content\\\/uploads\\\/2022\\\/02\\\/cropped-Bildschirmfoto-2022-02-09-um-21.35.57.png\",\"width\":776,\"height\":104,\"caption\":\"Julian Kirschler\"},\"image\":{\"@id\":\"https:\\\/\\\/www.julian-kirschler.com\\\/#\\\/schema\\\/logo\\\/image\\\/\"}}]}<\/script>\n<!-- \/ Yoast SEO plugin. -->","yoast_head_json":{"title":"CGV et informations clients - Julian Kirschler","robots":{"index":"noindex","follow":"nofollow"},"og_locale":"fr_FR","og_type":"article","og_title":"AGB\u2019s und Kundeninformationen - Julian Kirschler","og_description":"Allgemeine Gesch\u00e4ftsbedingungen und Kundeninformationen I. Allgemeine Gesch\u00e4ftsbedingungen \u00a7 1 Grundlegende Bestimmungen (1) Die nachstehenden Gesch\u00e4ftsbedingungen gelten f\u00fcr alle Vertr\u00e4ge, die du mit uns als Anbieter (Julian Kirschler) \u00fcber die Internetseite www.julian-kirschler.com abschlie\u00dft. Abweichende Bedingungen des Kunden finden nur Anwendung, wenn wir ihrer Geltung ausdr\u00fccklich zugestimmt haben. (2) Verbraucher im Sinne dieser AGB ist jede nat\u00fcrliche [&hellip;]","og_url":"https:\/\/www.julian-kirschler.com\/fr\/agbs-und-kundeninformationen\/","og_site_name":"Julian Kirschler","article_modified_time":"2025-07-20T22:43:25+00:00","twitter_card":"summary_large_image","twitter_misc":{"Dur\u00e9e de lecture estim\u00e9e":"4 minutes"},"schema":{"@context":"https:\/\/schema.org","@graph":[{"@type":"WebPage","@id":"https:\/\/www.julian-kirschler.com\/agbs-und-kundeninformationen\/","url":"https:\/\/www.julian-kirschler.com\/agbs-und-kundeninformationen\/","name":"CGV et informations clients - Julian Kirschler","isPartOf":{"@id":"https:\/\/www.julian-kirschler.com\/#website"},"datePublished":"2024-04-07T01:35:24+00:00","dateModified":"2025-07-20T22:43:25+00:00","breadcrumb":{"@id":"https:\/\/www.julian-kirschler.com\/agbs-und-kundeninformationen\/#breadcrumb"},"inLanguage":"fr-FR","potentialAction":[{"@type":"ReadAction","target":["https:\/\/www.julian-kirschler.com\/agbs-und-kundeninformationen\/"]}]},{"@type":"BreadcrumbList","@id":"https:\/\/www.julian-kirschler.com\/agbs-und-kundeninformationen\/#breadcrumb","itemListElement":[{"@type":"ListItem","position":1,"name":"Home","item":"https:\/\/www.julian-kirschler.com\/"},{"@type":"ListItem","position":2,"name":"AGB\u2019s und Kundeninformationen"}]},{"@type":"WebSite","@id":"https:\/\/www.julian-kirschler.com\/#website","url":"https:\/\/www.julian-kirschler.com\/","name":"Julian Kirschler","description":"","publisher":{"@id":"https:\/\/www.julian-kirschler.com\/#organization"},"potentialAction":[{"@type":"SearchAction","target":{"@type":"EntryPoint","urlTemplate":"https:\/\/www.julian-kirschler.com\/?s={search_term_string}"},"query-input":{"@type":"PropertyValueSpecification","valueRequired":true,"valueName":"search_term_string"}}],"inLanguage":"fr-FR"},{"@type":"Organization","@id":"https:\/\/www.julian-kirschler.com\/#organization","name":"Julian Kirschler","url":"https:\/\/www.julian-kirschler.com\/","logo":{"@type":"ImageObject","inLanguage":"fr-FR","@id":"https:\/\/www.julian-kirschler.com\/#\/schema\/logo\/image\/","url":"https:\/\/www.julian-kirschler.com\/wp-content\/uploads\/2022\/02\/cropped-Bildschirmfoto-2022-02-09-um-21.35.57.png","contentUrl":"https:\/\/www.julian-kirschler.com\/wp-content\/uploads\/2022\/02\/cropped-Bildschirmfoto-2022-02-09-um-21.35.57.png","width":776,"height":104,"caption":"Julian Kirschler"},"image":{"@id":"https:\/\/www.julian-kirschler.com\/#\/schema\/logo\/image\/"}}]}},"_links":{"self":[{"href":"https:\/\/www.julian-kirschler.com\/fr\/wp-json\/wp\/v2\/pages\/2992","targetHints":{"allow":["GET"]}}],"collection":[{"href":"https:\/\/www.julian-kirschler.com\/fr\/wp-json\/wp\/v2\/pages"}],"about":[{"href":"https:\/\/www.julian-kirschler.com\/fr\/wp-json\/wp\/v2\/types\/page"}],"author":[{"embeddable":true,"href":"https:\/\/www.julian-kirschler.com\/fr\/wp-json\/wp\/v2\/users\/1"}],"replies":[{"embeddable":true,"href":"https:\/\/www.julian-kirschler.com\/fr\/wp-json\/wp\/v2\/comments?post=2992"}],"version-history":[{"count":0,"href":"https:\/\/www.julian-kirschler.com\/fr\/wp-json\/wp\/v2\/pages\/2992\/revisions"}],"wp:attachment":[{"href":"https:\/\/www.julian-kirschler.com\/fr\/wp-json\/wp\/v2\/media?parent=2992"}],"curies":[{"name":"wp","href":"https:\/\/api.w.org\/{rel}","templated":true}]}}