{"id":216,"date":"2022-02-10T00:55:22","date_gmt":"2022-02-09T23:55:22","guid":{"rendered":"https:\/\/julian-kirschler.com\/?page_id=216"},"modified":"2025-11-21T22:36:27","modified_gmt":"2025-11-21T21:36:27","slug":"foto-serien-berge-wiesen-waelder","status":"publish","type":"page","link":"https:\/\/www.julian-kirschler.com\/fr\/foto-serien-berge-wiesen-waelder\/","title":{"rendered":"S\u00e9rie de photos Montagnes, prairies &amp; for\u00eats"},"content":{"rendered":"<div data-elementor-type=\"wp-page\" data-elementor-id=\"216\" class=\"elementor elementor-216\" data-elementor-post-type=\"page\">\n\t\t\t\t<div data-particle_enable=\"false\" data-particle-mobile-disabled=\"false\" class=\"elementor-element elementor-element-02c247f e-flex e-con-boxed e-con e-parent\" data-id=\"02c247f\" data-element_type=\"container\" data-e-type=\"container\">\n\t\t\t\t\t<div class=\"e-con-inner\">\n\t\t<div data-particle_enable=\"false\" data-particle-mobile-disabled=\"false\" class=\"elementor-element elementor-element-069efb4 e-con-full e-flex e-con e-child\" data-id=\"069efb4\" data-element_type=\"container\" data-e-type=\"container\">\n\t\t\t\t<div class=\"elementor-element elementor-element-412bbe9 elementor-widget elementor-widget-heading\" data-id=\"412bbe9\" data-element_type=\"widget\" data-e-type=\"widget\" data-widget_type=\"heading.default\">\n\t\t\t\t<div class=\"elementor-widget-container\">\n\t\t\t\t\t<h2 class=\"elementor-heading-title elementor-size-default\">S\u00e9rie de photos<br>Montagnes Prairies &amp; for\u00eats<\/h2>\t\t\t\t<\/div>\n\t\t\t\t<\/div>\n\t\t\t\t<div class=\"elementor-element elementor-element-179ceb6 elementor-widget elementor-widget-text-editor\" data-id=\"179ceb6\" data-element_type=\"widget\" data-e-type=\"widget\" data-widget_type=\"text-editor.default\">\n\t\t\t\t<div class=\"elementor-widget-container\">\n\t\t\t\t\t\t\t\t\t<div class=\"page\" title=\"Page 8\"><div class=\"section\"><div class=\"layoutArea\"><div class=\"column\"><div class=\"page\" title=\"Page 5\"><div class=\"section\"><div class=\"layoutArea\"><div class=\"column\"><div class=\"page\" title=\"Page 7\"><div class=\"section\"><div class=\"layoutArea\"><div class=\"column\"><p>Paysages grand format r\u00e9alis\u00e9s depuis janvier 2019 en Allemagne, Angleterre, France, Islande, Autriche et Suisse<\/p><p>Les photographies couleur grand format du cycle Montagnes, prairies et for\u00eats du photographe conceptuel Julian Kirschler montrent d'abord exactement ce que le titre indique : des photos de la nature. Mais dans leur exaltation num\u00e9rique par l'artiste, ces paysages revisitent des topo\u00ef \u00e0 connotation romantique : Le langage visuel de Kirschler d\u00e9poussi\u00e8re l'acc\u00e8s \u00e0 la patrie, \u00e0 la localisation, \u00e0 l'int\u00e9riorit\u00e9. Et visualise en m\u00eame temps le fait d'\u00eatre en route : Dans l'instant fluide et fuyant d'un FLOWshot, comme le photographe appelle sa photographie de paysage en position de mouvement. Et dont il fonde la perspective famili\u00e8re sur des souvenirs d'enfance universels : \"C'est le m\u00eame point de vue que lorsque nous regardions le paysage d\u00e9filer devant les vitres vibrantes des voitures, des bus ou des trains\".<\/p><p>Evelyn Pschak von Rebay<\/p><\/div><\/div><\/div><\/div><\/div><\/div><\/div><\/div><\/div><\/div><\/div><\/div>\t\t\t\t\t\t\t\t<\/div>\n\t\t\t\t<\/div>\n\t\t\t\t<div class=\"elementor-element elementor-element-5a12b54 elementor-align-right elementor-widget elementor-widget-button\" data-id=\"5a12b54\" data-element_type=\"widget\" data-e-type=\"widget\" data-widget_type=\"button.default\">\n\t\t\t\t<div class=\"elementor-widget-container\">\n\t\t\t\t\t\t\t\t\t<div class=\"elementor-button-wrapper\">\n\t\t\t\t\t<a class=\"elementor-button elementor-button-link elementor-size-sm\" href=\"https:\/\/www.julian-kirschler.com\/fr\/berge-wiesen-waelder-galerie\/\">\n\t\t\t\t\t\t<span class=\"elementor-button-content-wrapper\">\n\t\t\t\t\t\t<span class=\"elementor-button-icon\">\n\t\t\t\t<i aria-hidden=\"true\" class=\"fas fa-arrow-right\"><\/i>\t\t\t<\/span>\n\t\t\t\t\t\t\t\t\t<span class=\"elementor-button-text\">Galerie d'images de montagnes, prairies et for\u00eats<\/span>\n\t\t\t\t\t<\/span>\n\t\t\t\t\t<\/a>\n\t\t\t\t<\/div>\n\t\t\t\t\t\t\t\t<\/div>\n\t\t\t\t<\/div>\n\t\t\t\t<\/div>\n\t\t\t\t\t<\/div>\n\t\t\t\t<\/div>\n\t\t\t\t<\/div>","protected":false},"excerpt":{"rendered":"<p>Foto-SerieBerge Wiesen &amp; W\u00e4lder Seit Januar 2019 in Deutschland, England, Frankreich, Island, O\u0308sterreich und der Schweiz realisierte gro\u00dfformatige Landschaftsaufnahmen Die gro\u00dfformatigen Farbfotografien aus dem Zyklus Berge, Wiesen und Wa\u0308lder des konzeptionellen Fotografen Julian Kirschler zeigen zuna\u0308chst genau das, was der Titel besagt: Naturaufnahmen. In ihrer digitalen U\u0308berho\u0308hung durch den Ku\u0308nstler jedoch greifen diese Landschaften romantisch [&hellip;]<\/p>\n","protected":false},"author":1,"featured_media":0,"parent":0,"menu_order":0,"comment_status":"closed","ping_status":"closed","template":"","meta":{"footnotes":""},"class_list":["post-216","page","type-page","status-publish","hentry"],"yoast_head":"<!-- This site is optimized with the Yoast SEO plugin v27.5 - https:\/\/yoast.com\/product\/yoast-seo-wordpress\/ -->\n<title>Foto-Serie Berge, Wiesen &amp; W\u00e4lder - Julian Kirschler<\/title>\n<meta name=\"description\" content=\"Seit Januar 2019 in Deutschland, England, Frankreich, Island, \u00d6sterreich und der Schweiz realisierte gro\u00dfformatige Landschaftsaufnahmen....\" \/>\n<meta name=\"robots\" content=\"index, follow, max-snippet:-1, max-image-preview:large, max-video-preview:-1\" \/>\n<link rel=\"canonical\" href=\"https:\/\/www.julian-kirschler.com\/fr\/foto-serien-berge-wiesen-waelder\/\" \/>\n<meta property=\"og:locale\" content=\"fr_FR\" \/>\n<meta property=\"og:type\" content=\"article\" \/>\n<meta property=\"og:title\" content=\"Foto-Serie Berge, Wiesen &amp; W\u00e4lder - Julian Kirschler\" \/>\n<meta property=\"og:description\" content=\"Seit Januar 2019 in Deutschland, England, Frankreich, Island, \u00d6sterreich und der Schweiz realisierte gro\u00dfformatige Landschaftsaufnahmen....\" \/>\n<meta property=\"og:url\" content=\"https:\/\/www.julian-kirschler.com\/fr\/foto-serien-berge-wiesen-waelder\/\" \/>\n<meta property=\"og:site_name\" content=\"Julian Kirschler\" \/>\n<meta property=\"article:modified_time\" content=\"2025-11-21T21:36:27+00:00\" \/>\n<meta name=\"twitter:card\" content=\"summary_large_image\" \/>\n<meta name=\"twitter:label1\" content=\"Dur\u00e9e de lecture estim\u00e9e\" \/>\n\t<meta name=\"twitter:data1\" content=\"1 minute\" \/>\n<script type=\"application\/ld+json\" class=\"yoast-schema-graph\">{\"@context\":\"https:\\\/\\\/schema.org\",\"@graph\":[{\"@type\":\"WebPage\",\"@id\":\"https:\\\/\\\/www.julian-kirschler.com\\\/foto-serien-berge-wiesen-waelder\\\/\",\"url\":\"https:\\\/\\\/www.julian-kirschler.com\\\/foto-serien-berge-wiesen-waelder\\\/\",\"name\":\"Foto-Serie Berge, Wiesen & W\u00e4lder - Julian Kirschler\",\"isPartOf\":{\"@id\":\"https:\\\/\\\/www.julian-kirschler.com\\\/#website\"},\"datePublished\":\"2022-02-09T23:55:22+00:00\",\"dateModified\":\"2025-11-21T21:36:27+00:00\",\"description\":\"Seit Januar 2019 in Deutschland, England, Frankreich, Island, \u00d6sterreich und der Schweiz realisierte gro\u00dfformatige Landschaftsaufnahmen....\",\"breadcrumb\":{\"@id\":\"https:\\\/\\\/www.julian-kirschler.com\\\/foto-serien-berge-wiesen-waelder\\\/#breadcrumb\"},\"inLanguage\":\"fr-FR\",\"potentialAction\":[{\"@type\":\"ReadAction\",\"target\":[\"https:\\\/\\\/www.julian-kirschler.com\\\/foto-serien-berge-wiesen-waelder\\\/\"]}]},{\"@type\":\"BreadcrumbList\",\"@id\":\"https:\\\/\\\/www.julian-kirschler.com\\\/foto-serien-berge-wiesen-waelder\\\/#breadcrumb\",\"itemListElement\":[{\"@type\":\"ListItem\",\"position\":1,\"name\":\"Home\",\"item\":\"https:\\\/\\\/www.julian-kirschler.com\\\/\"},{\"@type\":\"ListItem\",\"position\":2,\"name\":\"Foto-Serie Berge, Wiesen &#038; W\u00e4lder\"}]},{\"@type\":\"WebSite\",\"@id\":\"https:\\\/\\\/www.julian-kirschler.com\\\/#website\",\"url\":\"https:\\\/\\\/www.julian-kirschler.com\\\/\",\"name\":\"Julian Kirschler\",\"description\":\"\",\"publisher\":{\"@id\":\"https:\\\/\\\/www.julian-kirschler.com\\\/#organization\"},\"potentialAction\":[{\"@type\":\"SearchAction\",\"target\":{\"@type\":\"EntryPoint\",\"urlTemplate\":\"https:\\\/\\\/www.julian-kirschler.com\\\/?s={search_term_string}\"},\"query-input\":{\"@type\":\"PropertyValueSpecification\",\"valueRequired\":true,\"valueName\":\"search_term_string\"}}],\"inLanguage\":\"fr-FR\"},{\"@type\":\"Organization\",\"@id\":\"https:\\\/\\\/www.julian-kirschler.com\\\/#organization\",\"name\":\"Julian Kirschler\",\"url\":\"https:\\\/\\\/www.julian-kirschler.com\\\/\",\"logo\":{\"@type\":\"ImageObject\",\"inLanguage\":\"fr-FR\",\"@id\":\"https:\\\/\\\/www.julian-kirschler.com\\\/#\\\/schema\\\/logo\\\/image\\\/\",\"url\":\"https:\\\/\\\/www.julian-kirschler.com\\\/wp-content\\\/uploads\\\/2022\\\/02\\\/cropped-Bildschirmfoto-2022-02-09-um-21.35.57.png\",\"contentUrl\":\"https:\\\/\\\/www.julian-kirschler.com\\\/wp-content\\\/uploads\\\/2022\\\/02\\\/cropped-Bildschirmfoto-2022-02-09-um-21.35.57.png\",\"width\":776,\"height\":104,\"caption\":\"Julian Kirschler\"},\"image\":{\"@id\":\"https:\\\/\\\/www.julian-kirschler.com\\\/#\\\/schema\\\/logo\\\/image\\\/\"}}]}<\/script>\n<!-- \/ Yoast SEO plugin. -->","yoast_head_json":{"title":"S\u00e9rie de photos \"Montagnes, prairies &amp; for\u00eats\" - Julian Kirschler","description":"Paysages grand format r\u00e9alis\u00e9s depuis janvier 2019 en Allemagne, Angleterre, France, Islande, Autriche et Suisse....","robots":{"index":"index","follow":"follow","max-snippet":"max-snippet:-1","max-image-preview":"max-image-preview:large","max-video-preview":"max-video-preview:-1"},"canonical":"https:\/\/www.julian-kirschler.com\/fr\/foto-serien-berge-wiesen-waelder\/","og_locale":"fr_FR","og_type":"article","og_title":"Foto-Serie Berge, Wiesen & W\u00e4lder - Julian Kirschler","og_description":"Seit Januar 2019 in Deutschland, England, Frankreich, Island, \u00d6sterreich und der Schweiz realisierte gro\u00dfformatige Landschaftsaufnahmen....","og_url":"https:\/\/www.julian-kirschler.com\/fr\/foto-serien-berge-wiesen-waelder\/","og_site_name":"Julian Kirschler","article_modified_time":"2025-11-21T21:36:27+00:00","twitter_card":"summary_large_image","twitter_misc":{"Dur\u00e9e de lecture estim\u00e9e":"1 minute"},"schema":{"@context":"https:\/\/schema.org","@graph":[{"@type":"WebPage","@id":"https:\/\/www.julian-kirschler.com\/foto-serien-berge-wiesen-waelder\/","url":"https:\/\/www.julian-kirschler.com\/foto-serien-berge-wiesen-waelder\/","name":"S\u00e9rie de photos \"Montagnes, prairies &amp; for\u00eats\" - Julian Kirschler","isPartOf":{"@id":"https:\/\/www.julian-kirschler.com\/#website"},"datePublished":"2022-02-09T23:55:22+00:00","dateModified":"2025-11-21T21:36:27+00:00","description":"Paysages grand format r\u00e9alis\u00e9s depuis janvier 2019 en Allemagne, Angleterre, France, Islande, Autriche et Suisse....","breadcrumb":{"@id":"https:\/\/www.julian-kirschler.com\/foto-serien-berge-wiesen-waelder\/#breadcrumb"},"inLanguage":"fr-FR","potentialAction":[{"@type":"ReadAction","target":["https:\/\/www.julian-kirschler.com\/foto-serien-berge-wiesen-waelder\/"]}]},{"@type":"BreadcrumbList","@id":"https:\/\/www.julian-kirschler.com\/foto-serien-berge-wiesen-waelder\/#breadcrumb","itemListElement":[{"@type":"ListItem","position":1,"name":"Home","item":"https:\/\/www.julian-kirschler.com\/"},{"@type":"ListItem","position":2,"name":"Foto-Serie Berge, Wiesen &#038; W\u00e4lder"}]},{"@type":"WebSite","@id":"https:\/\/www.julian-kirschler.com\/#website","url":"https:\/\/www.julian-kirschler.com\/","name":"Julian Kirschler","description":"","publisher":{"@id":"https:\/\/www.julian-kirschler.com\/#organization"},"potentialAction":[{"@type":"SearchAction","target":{"@type":"EntryPoint","urlTemplate":"https:\/\/www.julian-kirschler.com\/?s={search_term_string}"},"query-input":{"@type":"PropertyValueSpecification","valueRequired":true,"valueName":"search_term_string"}}],"inLanguage":"fr-FR"},{"@type":"Organization","@id":"https:\/\/www.julian-kirschler.com\/#organization","name":"Julian Kirschler","url":"https:\/\/www.julian-kirschler.com\/","logo":{"@type":"ImageObject","inLanguage":"fr-FR","@id":"https:\/\/www.julian-kirschler.com\/#\/schema\/logo\/image\/","url":"https:\/\/www.julian-kirschler.com\/wp-content\/uploads\/2022\/02\/cropped-Bildschirmfoto-2022-02-09-um-21.35.57.png","contentUrl":"https:\/\/www.julian-kirschler.com\/wp-content\/uploads\/2022\/02\/cropped-Bildschirmfoto-2022-02-09-um-21.35.57.png","width":776,"height":104,"caption":"Julian Kirschler"},"image":{"@id":"https:\/\/www.julian-kirschler.com\/#\/schema\/logo\/image\/"}}]}},"_links":{"self":[{"href":"https:\/\/www.julian-kirschler.com\/fr\/wp-json\/wp\/v2\/pages\/216","targetHints":{"allow":["GET"]}}],"collection":[{"href":"https:\/\/www.julian-kirschler.com\/fr\/wp-json\/wp\/v2\/pages"}],"about":[{"href":"https:\/\/www.julian-kirschler.com\/fr\/wp-json\/wp\/v2\/types\/page"}],"author":[{"embeddable":true,"href":"https:\/\/www.julian-kirschler.com\/fr\/wp-json\/wp\/v2\/users\/1"}],"replies":[{"embeddable":true,"href":"https:\/\/www.julian-kirschler.com\/fr\/wp-json\/wp\/v2\/comments?post=216"}],"version-history":[{"count":0,"href":"https:\/\/www.julian-kirschler.com\/fr\/wp-json\/wp\/v2\/pages\/216\/revisions"}],"wp:attachment":[{"href":"https:\/\/www.julian-kirschler.com\/fr\/wp-json\/wp\/v2\/media?parent=216"}],"curies":[{"name":"wp","href":"https:\/\/api.w.org\/{rel}","templated":true}]}}