{"id":214,"date":"2022-02-10T00:54:03","date_gmt":"2022-02-09T23:54:03","guid":{"rendered":"https:\/\/julian-kirschler.com\/?page_id=214"},"modified":"2025-11-21T22:37:56","modified_gmt":"2025-11-21T21:37:56","slug":"foto-serien-high-noon","status":"publish","type":"page","link":"https:\/\/www.julian-kirschler.com\/fr\/foto-serien-high-noon\/","title":{"rendered":"S\u00e9rie de photos HIGH NOON"},"content":{"rendered":"<div data-elementor-type=\"wp-page\" data-elementor-id=\"214\" class=\"elementor elementor-214\" data-elementor-post-type=\"page\">\n\t\t\t\t<div data-particle_enable=\"false\" data-particle-mobile-disabled=\"false\" class=\"elementor-element elementor-element-f6dbe2d e-flex e-con-boxed e-con e-parent\" data-id=\"f6dbe2d\" data-element_type=\"container\" data-e-type=\"container\">\n\t\t\t\t\t<div class=\"e-con-inner\">\n\t\t<div data-particle_enable=\"false\" data-particle-mobile-disabled=\"false\" class=\"elementor-element elementor-element-c944279 e-con-full e-flex e-con e-child\" data-id=\"c944279\" data-element_type=\"container\" data-e-type=\"container\">\n\t\t\t\t<div class=\"elementor-element elementor-element-5ba4ccc elementor-widget elementor-widget-heading\" data-id=\"5ba4ccc\" data-element_type=\"widget\" data-e-type=\"widget\" data-widget_type=\"heading.default\">\n\t\t\t\t<div class=\"elementor-widget-container\">\n\t\t\t\t\t<h2 class=\"elementor-heading-title elementor-size-default\">S\u00e9rie de photos<br>High Noon<\/h2>\t\t\t\t<\/div>\n\t\t\t\t<\/div>\n\t\t\t\t<div class=\"elementor-element elementor-element-954b8b6 elementor-widget elementor-widget-text-editor\" data-id=\"954b8b6\" data-element_type=\"widget\" data-e-type=\"widget\" data-widget_type=\"text-editor.default\">\n\t\t\t\t<div class=\"elementor-widget-container\">\n\t\t\t\t\t\t\t\t\t<div class=\"page\" title=\"Page 8\"><div class=\"section\"><div class=\"layoutArea\"><div class=\"column\"><div class=\"page\" title=\"Page 5\"><div class=\"section\"><div class=\"layoutArea\"><div class=\"column\"><div class=\"\"><p>Un \u201eparc d'attractions\u201c color\u00e9 \u00e0 l'ext\u00e9rieur de Berlin. Un man\u00e8ge pour enfants qui fait des tours en solitaire devant l'h\u00f4tel de luxe Savoy \u00e0 Florence, l'avenue Gran Via \u00e0 Madrid, photographi\u00e9e debout au milieu des masses de neige agglom\u00e9r\u00e9es, le hall d'enregistrement du terminal 5 de l'a\u00e9roport HEATHROW de Londres - sans aucun passager ni personnel au sol.<\/p><p>Les paysages urbains dystopiques de l'\u00e9poque de la pand\u00e9mie du photographe et artiste Julian Kirschler montrent des villes europ\u00e9ennes tr\u00e8s anim\u00e9es en temps normal - mais ici sans personne. Julian Kirschler travaille depuis mars 2020 sur ce groupe d'\u0153uvres comprenant plus de 300 prises de vue. D\u00e9but 2022, de nouveaux travaux de Paris et d'Amsterdam sont venus s'y ajouter. En 2025, une nouvelle coop\u00e9ration avec un photographe new-yorkais \u00e9largit pour la premi\u00e8re fois le groupe d'\u0153uvres \u00e0 des motifs de New York.<\/p><\/div><\/div><\/div><\/div><\/div><\/div><\/div><\/div><\/div>\t\t\t\t\t\t\t\t<\/div>\n\t\t\t\t<\/div>\n\t\t\t\t<div class=\"elementor-element elementor-element-9e2e880 elementor-align-right elementor-widget elementor-widget-button\" data-id=\"9e2e880\" data-element_type=\"widget\" data-e-type=\"widget\" data-widget_type=\"button.default\">\n\t\t\t\t<div class=\"elementor-widget-container\">\n\t\t\t\t\t\t\t\t\t<div class=\"elementor-button-wrapper\">\n\t\t\t\t\t<a class=\"elementor-button elementor-button-link elementor-size-sm\" href=\"https:\/\/www.julian-kirschler.com\/fr\/high-noon-galerie\/\">\n\t\t\t\t\t\t<span class=\"elementor-button-content-wrapper\">\n\t\t\t\t\t\t<span class=\"elementor-button-icon\">\n\t\t\t\t<i aria-hidden=\"true\" class=\"fas fa-arrow-right\"><\/i>\t\t\t<\/span>\n\t\t\t\t\t\t\t\t\t<span class=\"elementor-button-text\">Vers la galerie de photos High Noon<\/span>\n\t\t\t\t\t<\/span>\n\t\t\t\t\t<\/a>\n\t\t\t\t<\/div>\n\t\t\t\t\t\t\t\t<\/div>\n\t\t\t\t<\/div>\n\t\t\t\t<\/div>\n\t\t\t\t\t<\/div>\n\t\t\t\t<\/div>\n\t\t\t\t<section data-particle_enable=\"false\" data-particle-mobile-disabled=\"false\" class=\"elementor-section elementor-top-section elementor-element elementor-element-4095621 elementor-section-boxed elementor-section-height-default elementor-section-height-default\" data-id=\"4095621\" data-element_type=\"section\" data-e-type=\"section\">\n\t\t\t\t\t\t<div class=\"elementor-container elementor-column-gap-default\">\n\t\t\t\t\t<div class=\"elementor-column elementor-col-100 elementor-top-column elementor-element elementor-element-a897905\" data-id=\"a897905\" data-element_type=\"column\" data-e-type=\"column\">\n\t\t\t<div class=\"elementor-widget-wrap elementor-element-populated\">\n\t\t\t\t\t\t<div class=\"elementor-element elementor-element-3980197 elementor-widget elementor-widget-spacer\" data-id=\"3980197\" data-element_type=\"widget\" data-e-type=\"widget\" data-widget_type=\"spacer.default\">\n\t\t\t\t<div class=\"elementor-widget-container\">\n\t\t\t\t\t\t\t<div class=\"elementor-spacer\">\n\t\t\t<div class=\"elementor-spacer-inner\"><\/div>\n\t\t<\/div>\n\t\t\t\t\t\t<\/div>\n\t\t\t\t<\/div>\n\t\t\t\t\t<\/div>\n\t\t<\/div>\n\t\t\t\t\t<\/div>\n\t\t<\/section>\n\t\t\t\t<\/div>","protected":false},"excerpt":{"rendered":"<p>Foto-SerieHigh Noon Ein buntes \u201eSpa\u00dfbad\u201c au\u00dferhalb von Berlin.\u00a0Ein Kinderkarussell, das einsam seine Runden dreht, vor dem Luxus-Hotel Savoy in Florenz, die Prachtavenue Gran Via in Madrid,\u00a0inmitten der zusammengeschobenen Schneemassen stehend fotografiert\u00a0, die Check-in-Halle des Terminal 5 des Londoner Flughafens HEATHROW &#8211; ganz ohne Passagiere und Bodenpersonal. Die dystopischen Stadtlandschaften aus der Pandemiezeit des Fotografen und [&hellip;]<\/p>\n","protected":false},"author":1,"featured_media":0,"parent":0,"menu_order":0,"comment_status":"closed","ping_status":"closed","template":"","meta":{"footnotes":""},"class_list":["post-214","page","type-page","status-publish","hentry"],"yoast_head":"<!-- This site is optimized with the Yoast SEO plugin v27.5 - https:\/\/yoast.com\/product\/yoast-seo-wordpress\/ -->\n<title>Foto-Serie HIGH NOON - Julian Kirschler<\/title>\n<meta name=\"description\" content=\"Ein buntes \u201eSpa\u00dfbad\u201c au\u00dferhalb von Berlin. Ein Kinderkarussell, das einsam seine Runden dreht, vor dem Luxus-Hotel Savoy in Florenz...\" \/>\n<meta name=\"robots\" content=\"index, follow, max-snippet:-1, max-image-preview:large, max-video-preview:-1\" \/>\n<link rel=\"canonical\" href=\"https:\/\/www.julian-kirschler.com\/fr\/foto-serien-high-noon\/\" \/>\n<meta property=\"og:locale\" content=\"fr_FR\" \/>\n<meta property=\"og:type\" content=\"article\" \/>\n<meta property=\"og:title\" content=\"Foto-Serie HIGH NOON - Julian Kirschler\" \/>\n<meta property=\"og:description\" content=\"Ein buntes \u201eSpa\u00dfbad\u201c au\u00dferhalb von Berlin. Ein Kinderkarussell, das einsam seine Runden dreht, vor dem Luxus-Hotel Savoy in Florenz...\" \/>\n<meta property=\"og:url\" content=\"https:\/\/www.julian-kirschler.com\/fr\/foto-serien-high-noon\/\" \/>\n<meta property=\"og:site_name\" content=\"Julian Kirschler\" \/>\n<meta property=\"article:modified_time\" content=\"2025-11-21T21:37:56+00:00\" \/>\n<meta name=\"twitter:card\" content=\"summary_large_image\" \/>\n<meta name=\"twitter:label1\" content=\"Dur\u00e9e de lecture estim\u00e9e\" \/>\n\t<meta name=\"twitter:data1\" content=\"1 minute\" \/>\n<script type=\"application\/ld+json\" class=\"yoast-schema-graph\">{\"@context\":\"https:\\\/\\\/schema.org\",\"@graph\":[{\"@type\":\"WebPage\",\"@id\":\"https:\\\/\\\/www.julian-kirschler.com\\\/foto-serien-high-noon\\\/\",\"url\":\"https:\\\/\\\/www.julian-kirschler.com\\\/foto-serien-high-noon\\\/\",\"name\":\"Foto-Serie HIGH NOON - Julian Kirschler\",\"isPartOf\":{\"@id\":\"https:\\\/\\\/www.julian-kirschler.com\\\/#website\"},\"datePublished\":\"2022-02-09T23:54:03+00:00\",\"dateModified\":\"2025-11-21T21:37:56+00:00\",\"description\":\"Ein buntes \u201eSpa\u00dfbad\u201c au\u00dferhalb von Berlin. Ein Kinderkarussell, das einsam seine Runden dreht, vor dem Luxus-Hotel Savoy in Florenz...\",\"breadcrumb\":{\"@id\":\"https:\\\/\\\/www.julian-kirschler.com\\\/foto-serien-high-noon\\\/#breadcrumb\"},\"inLanguage\":\"fr-FR\",\"potentialAction\":[{\"@type\":\"ReadAction\",\"target\":[\"https:\\\/\\\/www.julian-kirschler.com\\\/foto-serien-high-noon\\\/\"]}]},{\"@type\":\"BreadcrumbList\",\"@id\":\"https:\\\/\\\/www.julian-kirschler.com\\\/foto-serien-high-noon\\\/#breadcrumb\",\"itemListElement\":[{\"@type\":\"ListItem\",\"position\":1,\"name\":\"Home\",\"item\":\"https:\\\/\\\/www.julian-kirschler.com\\\/\"},{\"@type\":\"ListItem\",\"position\":2,\"name\":\"Foto-Serie HIGH NOON\"}]},{\"@type\":\"WebSite\",\"@id\":\"https:\\\/\\\/www.julian-kirschler.com\\\/#website\",\"url\":\"https:\\\/\\\/www.julian-kirschler.com\\\/\",\"name\":\"Julian Kirschler\",\"description\":\"\",\"publisher\":{\"@id\":\"https:\\\/\\\/www.julian-kirschler.com\\\/#organization\"},\"potentialAction\":[{\"@type\":\"SearchAction\",\"target\":{\"@type\":\"EntryPoint\",\"urlTemplate\":\"https:\\\/\\\/www.julian-kirschler.com\\\/?s={search_term_string}\"},\"query-input\":{\"@type\":\"PropertyValueSpecification\",\"valueRequired\":true,\"valueName\":\"search_term_string\"}}],\"inLanguage\":\"fr-FR\"},{\"@type\":\"Organization\",\"@id\":\"https:\\\/\\\/www.julian-kirschler.com\\\/#organization\",\"name\":\"Julian Kirschler\",\"url\":\"https:\\\/\\\/www.julian-kirschler.com\\\/\",\"logo\":{\"@type\":\"ImageObject\",\"inLanguage\":\"fr-FR\",\"@id\":\"https:\\\/\\\/www.julian-kirschler.com\\\/#\\\/schema\\\/logo\\\/image\\\/\",\"url\":\"https:\\\/\\\/www.julian-kirschler.com\\\/wp-content\\\/uploads\\\/2022\\\/02\\\/cropped-Bildschirmfoto-2022-02-09-um-21.35.57.png\",\"contentUrl\":\"https:\\\/\\\/www.julian-kirschler.com\\\/wp-content\\\/uploads\\\/2022\\\/02\\\/cropped-Bildschirmfoto-2022-02-09-um-21.35.57.png\",\"width\":776,\"height\":104,\"caption\":\"Julian Kirschler\"},\"image\":{\"@id\":\"https:\\\/\\\/www.julian-kirschler.com\\\/#\\\/schema\\\/logo\\\/image\\\/\"}}]}<\/script>\n<!-- \/ Yoast SEO plugin. -->","yoast_head_json":{"title":"S\u00e9rie de photos HIGH NOON - Julian Kirschler","description":"Un \"parc d'attractions\" color\u00e9 \u00e0 l'ext\u00e9rieur de Berlin. Un man\u00e8ge pour enfants qui fait des tours en solitaire devant l'h\u00f4tel de luxe Savoy \u00e0 Florence...","robots":{"index":"index","follow":"follow","max-snippet":"max-snippet:-1","max-image-preview":"max-image-preview:large","max-video-preview":"max-video-preview:-1"},"canonical":"https:\/\/www.julian-kirschler.com\/fr\/foto-serien-high-noon\/","og_locale":"fr_FR","og_type":"article","og_title":"Foto-Serie HIGH NOON - Julian Kirschler","og_description":"Ein buntes \u201eSpa\u00dfbad\u201c au\u00dferhalb von Berlin. Ein Kinderkarussell, das einsam seine Runden dreht, vor dem Luxus-Hotel Savoy in Florenz...","og_url":"https:\/\/www.julian-kirschler.com\/fr\/foto-serien-high-noon\/","og_site_name":"Julian Kirschler","article_modified_time":"2025-11-21T21:37:56+00:00","twitter_card":"summary_large_image","twitter_misc":{"Dur\u00e9e de lecture estim\u00e9e":"1 minute"},"schema":{"@context":"https:\/\/schema.org","@graph":[{"@type":"WebPage","@id":"https:\/\/www.julian-kirschler.com\/foto-serien-high-noon\/","url":"https:\/\/www.julian-kirschler.com\/foto-serien-high-noon\/","name":"S\u00e9rie de photos HIGH NOON - Julian Kirschler","isPartOf":{"@id":"https:\/\/www.julian-kirschler.com\/#website"},"datePublished":"2022-02-09T23:54:03+00:00","dateModified":"2025-11-21T21:37:56+00:00","description":"Un \"parc d'attractions\" color\u00e9 \u00e0 l'ext\u00e9rieur de Berlin. Un man\u00e8ge pour enfants qui fait des tours en solitaire devant l'h\u00f4tel de luxe Savoy \u00e0 Florence...","breadcrumb":{"@id":"https:\/\/www.julian-kirschler.com\/foto-serien-high-noon\/#breadcrumb"},"inLanguage":"fr-FR","potentialAction":[{"@type":"ReadAction","target":["https:\/\/www.julian-kirschler.com\/foto-serien-high-noon\/"]}]},{"@type":"BreadcrumbList","@id":"https:\/\/www.julian-kirschler.com\/foto-serien-high-noon\/#breadcrumb","itemListElement":[{"@type":"ListItem","position":1,"name":"Home","item":"https:\/\/www.julian-kirschler.com\/"},{"@type":"ListItem","position":2,"name":"Foto-Serie HIGH NOON"}]},{"@type":"WebSite","@id":"https:\/\/www.julian-kirschler.com\/#website","url":"https:\/\/www.julian-kirschler.com\/","name":"Julian Kirschler","description":"","publisher":{"@id":"https:\/\/www.julian-kirschler.com\/#organization"},"potentialAction":[{"@type":"SearchAction","target":{"@type":"EntryPoint","urlTemplate":"https:\/\/www.julian-kirschler.com\/?s={search_term_string}"},"query-input":{"@type":"PropertyValueSpecification","valueRequired":true,"valueName":"search_term_string"}}],"inLanguage":"fr-FR"},{"@type":"Organization","@id":"https:\/\/www.julian-kirschler.com\/#organization","name":"Julian Kirschler","url":"https:\/\/www.julian-kirschler.com\/","logo":{"@type":"ImageObject","inLanguage":"fr-FR","@id":"https:\/\/www.julian-kirschler.com\/#\/schema\/logo\/image\/","url":"https:\/\/www.julian-kirschler.com\/wp-content\/uploads\/2022\/02\/cropped-Bildschirmfoto-2022-02-09-um-21.35.57.png","contentUrl":"https:\/\/www.julian-kirschler.com\/wp-content\/uploads\/2022\/02\/cropped-Bildschirmfoto-2022-02-09-um-21.35.57.png","width":776,"height":104,"caption":"Julian Kirschler"},"image":{"@id":"https:\/\/www.julian-kirschler.com\/#\/schema\/logo\/image\/"}}]}},"_links":{"self":[{"href":"https:\/\/www.julian-kirschler.com\/fr\/wp-json\/wp\/v2\/pages\/214","targetHints":{"allow":["GET"]}}],"collection":[{"href":"https:\/\/www.julian-kirschler.com\/fr\/wp-json\/wp\/v2\/pages"}],"about":[{"href":"https:\/\/www.julian-kirschler.com\/fr\/wp-json\/wp\/v2\/types\/page"}],"author":[{"embeddable":true,"href":"https:\/\/www.julian-kirschler.com\/fr\/wp-json\/wp\/v2\/users\/1"}],"replies":[{"embeddable":true,"href":"https:\/\/www.julian-kirschler.com\/fr\/wp-json\/wp\/v2\/comments?post=214"}],"version-history":[{"count":0,"href":"https:\/\/www.julian-kirschler.com\/fr\/wp-json\/wp\/v2\/pages\/214\/revisions"}],"wp:attachment":[{"href":"https:\/\/www.julian-kirschler.com\/fr\/wp-json\/wp\/v2\/media?parent=214"}],"curies":[{"name":"wp","href":"https:\/\/api.w.org\/{rel}","templated":true}]}}