{"id":4466,"date":"2024-12-11T04:07:42","date_gmt":"2024-12-11T03:07:42","guid":{"rendered":"https:\/\/www.julian-kirschler.com\/?page_id=4466"},"modified":"2024-12-11T04:08:24","modified_gmt":"2024-12-11T03:08:24","slug":"datenschutzerklaerung-fuer-social-media","status":"publish","type":"page","link":"https:\/\/www.julian-kirschler.com\/es\/datenschutzerklaerung-fuer-social-media\/","title":{"rendered":"Pol\u00edtica de privacidad para las redes sociales"},"content":{"rendered":"<div data-elementor-type=\"wp-page\" data-elementor-id=\"4466\" class=\"elementor elementor-4466\" data-elementor-post-type=\"page\">\n\t\t\t\t\t\t<section data-particle_enable=\"false\" data-particle-mobile-disabled=\"false\" class=\"elementor-section elementor-top-section elementor-element elementor-element-96009cf elementor-section-boxed elementor-section-height-default elementor-section-height-default\" data-id=\"96009cf\" data-element_type=\"section\" data-e-type=\"section\">\n\t\t\t\t\t\t<div class=\"elementor-container elementor-column-gap-default\">\n\t\t\t\t\t<div class=\"elementor-column elementor-col-100 elementor-top-column elementor-element elementor-element-37e63b6\" data-id=\"37e63b6\" data-element_type=\"column\" data-e-type=\"column\">\n\t\t\t<div class=\"elementor-widget-wrap elementor-element-populated\">\n\t\t\t\t\t\t<div class=\"elementor-element elementor-element-770c23b elementor-widget elementor-widget-erecht24\" data-id=\"770c23b\" data-element_type=\"widget\" data-e-type=\"widget\" data-widget_type=\"erecht24.default\">\n\t\t\t\t<div class=\"elementor-widget-container\">\n\t\t\t\t\t<div class=\"erecht24-elementor-widget\"><div style=\"word-wrap: break-word;\"><h3>Nuestra presencia en las redes sociales<\/h3> <h4>Esta pol\u00edtica de privacidad se aplica a las siguientes redes sociales<\/h4> <ul>\n<li><a href=\"https:\/\/www.facebook.com\/juliankirschler\" target=\"_blank\" rel=\"noopener noreferrer\">https:\/\/www.facebook.com\/juliankirschler<\/a><\/li>\n<li><a href=\"https:\/\/www.instagram.com\/juliankirschler\/\" target=\"_blank\" rel=\"noopener noreferrer\">https:\/\/www.instagram.com\/juliankirschler\/<\/a><\/li>\n<li><a href=\"https:\/\/www.youtube.com\/@julian.kirschler\" target=\"_blank\" rel=\"noopener noreferrer\">https:\/\/www.youtube.com\/@julian.kirschler<\/a><\/li>\n<li><a href=\"https:\/\/www.tiktok.com\/@julian.kirschler\" target=\"_blank\" rel=\"noopener noreferrer\">https:\/\/www.tiktok.com\/@julian.kirschler<\/a><\/li>\n<\/ul>\n <h4>Tratamiento de datos por las redes sociales<\/h4> <p>Mantenemos perfiles de acceso p\u00fablico en las redes sociales. A continuaci\u00f3n se enumeran las redes sociales que utilizamos.<\/p> <p>Las redes sociales, como Facebook, X, etc., pueden analizar en general de forma exhaustiva su comportamiento como usuario cuando visita su sitio web o un sitio web con contenido de redes sociales integrado (por ejemplo, botones \"Me gusta\" o banners publicitarios). La visita a nuestras redes sociales desencadena numerosas operaciones de tratamiento de datos relevantes para la protecci\u00f3n de datos. En detalle:<\/p> <p>Si ha iniciado sesi\u00f3n en su cuenta de redes sociales y visita nuestras redes sociales, el operador del portal de redes sociales puede asignar esta visita a su cuenta de usuario. Sin embargo, sus datos personales tambi\u00e9n pueden recopilarse si no ha iniciado sesi\u00f3n o no tiene una cuenta en el portal de la red social correspondiente. En este caso, esta recopilaci\u00f3n de datos tiene lugar, por ejemplo, a trav\u00e9s de cookies que se almacenan en su dispositivo final o mediante el registro de su direcci\u00f3n IP.<\/p> <p>Con la ayuda de los datos recogidos de este modo, los operadores de los portales de las redes sociales pueden crear perfiles de usuario en los que se almacenan sus preferencias e intereses. De este modo, se le puede mostrar publicidad basada en sus intereses dentro y fuera de la presencia en la red social correspondiente. Si tiene una cuenta en la red social correspondiente, la publicidad basada en intereses puede mostrarse en todos los dispositivos en los que est\u00e9 o haya estado conectado.<\/p> <p>Tenga en cuenta tambi\u00e9n que no podemos hacer un seguimiento de todas las operaciones de tratamiento en los portales de las redes sociales. En funci\u00f3n del proveedor, los operadores de los portales de las redes sociales pueden llevar a cabo otras operaciones de tratamiento. Para m\u00e1s detalles, consulte las condiciones de uso y las disposiciones de protecci\u00f3n de datos de los respectivos portales de redes sociales.<\/p> <h4>Base jur\u00eddica<\/h4> <p>Nuestra presencia en las redes sociales tiene por objeto garantizar la mayor presencia posible en Internet. Se trata de un inter\u00e9s leg\u00edtimo en el sentido del art\u00edculo 6, apartado 1, letra f del RGPD. Los procesos de an\u00e1lisis iniciados por las redes sociales pueden basarse en diferentes fundamentos jur\u00eddicos, que deben ser especificados por los operadores de las redes sociales (por ejemplo, el consentimiento en el sentido del art. 6, p\u00e1rr. 1 lit. a GDPR).<\/p> <h4>Responsable y reivindicaci\u00f3n de derechos<\/h4> <p>Si visita uno de nuestros portales de medios sociales (por ejemplo, Facebook), somos responsables conjuntamente con el operador de la plataforma de medios sociales de las operaciones de tratamiento de datos desencadenadas durante esta visita. Puede hacer valer sus derechos (informaci\u00f3n, rectificaci\u00f3n, supresi\u00f3n, limitaci\u00f3n del tratamiento, portabilidad de los datos y reclamaci\u00f3n) tanto frente a nosotros como frente al operador del respectivo portal de medios sociales (por ejemplo, frente a Facebook).<\/p> <p>Tenga en cuenta que, a pesar de nuestra responsabilidad conjunta con los operadores de los portales de las redes sociales, no tenemos pleno control sobre las operaciones de tratamiento de datos de dichos portales. Nuestras opciones vienen determinadas en gran medida por la pol\u00edtica empresarial del respectivo proveedor.<\/p> <h4>Periodo de almacenamiento<\/h4> <p>Los datos recogidos directamente por nosotros a trav\u00e9s de la presencia en las redes sociales se eliminar\u00e1n de nuestros sistemas tan pronto como usted nos pida que los eliminemos, revoque su consentimiento para el almacenamiento o deje de ser aplicable la finalidad del almacenamiento de datos. Las cookies almacenadas permanecer\u00e1n en su dispositivo final hasta que usted las elimine. Las disposiciones legales obligatorias, en particular los periodos de conservaci\u00f3n, no se ver\u00e1n afectadas.<\/p> <p>No tenemos ninguna influencia sobre el per\u00edodo de almacenamiento de sus datos que son almacenados por los operadores de las redes sociales para sus propios fines. Para m\u00e1s detalles, p\u00f3ngase en contacto directamente con los operadores de las redes sociales (por ejemplo, en su pol\u00edtica de privacidad, v\u00e9ase m\u00e1s abajo).<\/p> <h4>Sus derechos<\/h4> <p>Tiene derecho a recibir informaci\u00f3n gratuita en cualquier momento sobre el origen, el destinatario y la finalidad de sus datos personales almacenados. Tambi\u00e9n tiene derecho a oponerse, a la portabilidad de los datos y a presentar una reclamaci\u00f3n ante la autoridad de control competente. Adem\u00e1s, puede solicitar la rectificaci\u00f3n, el bloqueo, la supresi\u00f3n y, en determinadas circunstancias, la limitaci\u00f3n del tratamiento de sus datos personales.<\/p> <h4>Las redes sociales en detalle<\/h4>\n<h5>Facebook<\/h5> <p>Tenemos un perfil en Facebook. El proveedor de este servicio es Meta Platforms Ireland Limited, Merrion Road, Dubl\u00edn 4, D04 X2K5, Irlanda (en lo sucesivo, Meta). Seg\u00fan Meta, los datos recogidos tambi\u00e9n se transfieren a EE.UU. y a otros terceros pa\u00edses.<\/p> <p>Hemos suscrito un acuerdo de tratamiento conjunto (Ap\u00e9ndice del Responsable del Tratamiento) con Meta. Este acuerdo especifica de qu\u00e9 operaciones de tratamiento de datos somos responsables nosotros o Meta cuando usted visita nuestra p\u00e1gina de Facebook. Puede consultar este acuerdo en el siguiente enlace: <a href=\"https:\/\/www.facebook.com\/legal\/terms\/page_controller_addendum\" target=\"_blank\" rel=\"noopener noreferrer\">https:\/\/www.facebook.com\/legal\/terms\/page_controller_addendum<\/a>.<\/p> <p><strong>Usted mismo puede personalizar la configuraci\u00f3n de su publicidad en su cuenta de usuario. Para ello, haga clic en el siguiente enlace e inicie sesi\u00f3n:<\/strong> <a href=\"https:\/\/www.facebook.com\/settings?tab=ads\" target=\"_blank\" rel=\"noopener noreferrer\">https:\/\/www.facebook.com\/settings?tab=ads<\/a>.<\/p> <p>La transferencia de datos a Estados Unidos se basa en las cl\u00e1usulas contractuales tipo de la Comisi\u00f3n Europea. Encontrar\u00e1 m\u00e1s informaci\u00f3n aqu\u00ed: <a href=\"https:\/\/www.facebook.com\/legal\/EU_data_transfer_addendum\" target=\"_blank\" rel=\"noopener noreferrer\">https:\/\/www.facebook.com\/legal\/EU_data_transfer_addendum<\/a> y <a href=\"https:\/\/de-de.facebook.com\/help\/566994660333381\" target=\"_blank\" rel=\"noopener noreferrer\">https:\/\/de-de.facebook.com\/help\/566994660333381<\/a>.<\/p> <p>Puedes encontrar m\u00e1s detalles en la pol\u00edtica de privacidad de Facebook: <a href=\"https:\/\/www.facebook.com\/about\/privacy\/\" target=\"_blank\" rel=\"noopener noreferrer\">https:\/\/www.facebook.com\/about\/privacy\/<\/a>.<\/p>\n<p>La empresa est\u00e1 certificada de acuerdo con el \"Marco de Privacidad de Datos UE-EE.UU.\" (DPF). El DPF es un acuerdo entre la Uni\u00f3n Europea y EE.UU. cuyo objetivo es garantizar el cumplimiento de las normas europeas de protecci\u00f3n de datos en el tratamiento de datos en EE.UU.. Toda empresa certificada conforme al DPF se compromete a cumplir estas normas de protecci\u00f3n de datos. Para m\u00e1s informaci\u00f3n, p\u00f3ngase en contacto con el proveedor en el siguiente enlace: <a href=\"https:\/\/www.dataprivacyframework.gov\/participant\/4452\" target=\"_blank\" rel=\"noopener noreferrer\">https:\/\/www.dataprivacyframework.gov\/participant\/4452<\/a><\/p>\n<h5>Instagram<\/h5> <p>Tenemos un perfil en Instagram. El proveedor de este servicio es Meta Platforms Ireland Limited, Merrion Road, Dubl\u00edn 4, D04 X2K5, Irlanda.<\/p> <p>La transferencia de datos a Estados Unidos se basa en las cl\u00e1usulas contractuales tipo de la Comisi\u00f3n Europea. Encontrar\u00e1 m\u00e1s informaci\u00f3n aqu\u00ed: <a href=\"https:\/\/www.facebook.com\/legal\/EU_data_transfer_addendum\" target=\"_blank\" rel=\"noopener noreferrer\">https:\/\/www.facebook.com\/legal\/EU_data_transfer_addendum<\/a> y <a href=\"https:\/\/de-de.facebook.com\/help\/566994660333381\" target=\"_blank\" rel=\"noopener noreferrer\">https:\/\/de-de.facebook.com\/help\/566994660333381<\/a>.<\/p> <p>En la pol\u00edtica de privacidad de Instagram encontrar\u00e1s informaci\u00f3n detallada sobre c\u00f3mo gestionan tus datos personales: <a href=\"https:\/\/privacycenter.instagram.com\/policy\/\" target=\"_blank\" rel=\"noopener noreferrer\">https:\/\/privacycenter.instagram.com\/policy\/<\/a>.<\/p>\n<p>La empresa est\u00e1 certificada de acuerdo con el \"Marco de Privacidad de Datos UE-EE.UU.\" (DPF). El DPF es un acuerdo entre la Uni\u00f3n Europea y EE.UU. cuyo objetivo es garantizar el cumplimiento de las normas europeas de protecci\u00f3n de datos en el tratamiento de datos en EE.UU.. Toda empresa certificada conforme al DPF se compromete a cumplir estas normas de protecci\u00f3n de datos. Para m\u00e1s informaci\u00f3n, p\u00f3ngase en contacto con el proveedor en el siguiente enlace: <a href=\"https:\/\/www.dataprivacyframework.gov\/participant\/4452\" target=\"_blank\" rel=\"noopener noreferrer\">https:\/\/www.dataprivacyframework.gov\/participant\/4452<\/a><\/p>\n<h5>YouTube<\/h5> <p>Tenemos un perfil en YouTube. El proveedor es Google Ireland Limited, Gordon House, Barrow Street, Dubl\u00edn 4, Irlanda. Encontrar\u00e1 m\u00e1s informaci\u00f3n sobre el tratamiento de sus datos personales en la pol\u00edtica de privacidad de YouTube: <a href=\"https:\/\/policies.google.com\/privacy?hl=de\" target=\"_blank\" rel=\"noopener noreferrer\">https:\/\/policies.google.com\/privacy?hl=de<\/a>.<\/p>\n<p>La empresa est\u00e1 certificada de acuerdo con el \"Marco de Privacidad de Datos UE-EE.UU.\" (DPF). El DPF es un acuerdo entre la Uni\u00f3n Europea y EE.UU. cuyo objetivo es garantizar el cumplimiento de las normas europeas de protecci\u00f3n de datos en el tratamiento de datos en EE.UU.. Toda empresa certificada conforme al DPF se compromete a cumplir estas normas de protecci\u00f3n de datos. Para m\u00e1s informaci\u00f3n, p\u00f3ngase en contacto con el proveedor en el siguiente enlace: <a href=\"https:\/\/www.dataprivacyframework.gov\/participant\/5780\" target=\"_blank\" rel=\"noopener noreferrer\">https:\/\/www.dataprivacyframework.gov\/participant\/5780<\/a><\/p>\n<h5>TikTok<\/h5> <p>Tenemos un perfil en TikTok. El proveedor es TikTok Technology Limited, 10 Earlsfort Terrace, Dubl\u00edn, D02 T380, Irlanda. En la pol\u00edtica de privacidad de TikTok encontrar\u00e1 informaci\u00f3n detallada sobre el tratamiento de sus datos personales: <a href=\"https:\/\/www.tiktok.com\/legal\/privacy-policy?lang=de\" target=\"_blank\" rel=\"noopener noreferrer\">https:\/\/www.tiktok.com\/legal\/privacy-policy?lang=de<\/a>.<\/p> <p>La transferencia de datos a terceros pa\u00edses no seguros se basa en las cl\u00e1usulas contractuales tipo de la Comisi\u00f3n Europea. Encontrar\u00e1 m\u00e1s detalles aqu\u00ed: <a href=\"https:\/\/www.tiktok.com\/legal\/privacy-policy?lang=de\" target=\"_blank\" rel=\"noopener noreferrer\">https:\/\/www.tiktok.com\/legal\/privacy-policy?lang=de<\/a>.<\/p><\/div><\/div>\t\t\t\t<\/div>\n\t\t\t\t<\/div>\n\t\t\t\t\t<\/div>\n\t\t<\/div>\n\t\t\t\t\t<\/div>\n\t\t<\/section>\n\t\t\t\t<\/div>","protected":false},"excerpt":{"rendered":"<p>Unsere Social-Media-Auftritte Diese Datenschutzerkl&auml;rung gilt f&uuml;r folgende Social-Media-Auftritte https:\/\/www.facebook.com\/juliankirschler https:\/\/www.instagram.com\/juliankirschler\/ https:\/\/www.youtube.com\/@julian.kirschler https:\/\/www.tiktok.com\/@julian.kirschler Datenverarbeitung durch soziale Netzwerke Wir unterhalten &ouml;ffentlich zug&auml;ngliche Profile in sozialen Netzwerken. Die im Einzelnen von uns genutzten sozialen Netzwerke finden Sie weiter unten. Soziale Netzwerke wie Facebook, X etc. k&ouml;nnen Ihr Nutzerverhalten in der Regel umfassend analysieren, wenn Sie deren Website oder [&hellip;]<\/p>\n","protected":false},"author":1,"featured_media":0,"parent":0,"menu_order":0,"comment_status":"closed","ping_status":"closed","template":"","meta":{"footnotes":""},"class_list":["post-4466","page","type-page","status-publish","hentry"],"yoast_head":"<!-- This site is optimized with the Yoast SEO plugin v27.5 - https:\/\/yoast.com\/product\/yoast-seo-wordpress\/ -->\n<title>Datenschutzerkl\u00e4rung f\u00fcr Social Media - Julian Kirschler<\/title>\n<meta name=\"robots\" content=\"noindex, nofollow\" \/>\n<meta property=\"og:locale\" content=\"es_ES\" \/>\n<meta property=\"og:type\" content=\"article\" \/>\n<meta property=\"og:title\" content=\"Datenschutzerkl\u00e4rung f\u00fcr Social Media - Julian Kirschler\" \/>\n<meta property=\"og:description\" content=\"Unsere Social-Media-Auftritte Diese Datenschutzerkl&auml;rung gilt f&uuml;r folgende Social-Media-Auftritte https:\/\/www.facebook.com\/juliankirschler https:\/\/www.instagram.com\/juliankirschler\/ https:\/\/www.youtube.com\/@julian.kirschler https:\/\/www.tiktok.com\/@julian.kirschler Datenverarbeitung durch soziale Netzwerke Wir unterhalten &ouml;ffentlich zug&auml;ngliche Profile in sozialen Netzwerken. Die im Einzelnen von uns genutzten sozialen Netzwerke finden Sie weiter unten. Soziale Netzwerke wie Facebook, X etc. k&ouml;nnen Ihr Nutzerverhalten in der Regel umfassend analysieren, wenn Sie deren Website oder [&hellip;]\" \/>\n<meta property=\"og:url\" content=\"https:\/\/www.julian-kirschler.com\/es\/datenschutzerklaerung-fuer-social-media\/\" \/>\n<meta property=\"og:site_name\" content=\"Julian Kirschler\" \/>\n<meta property=\"article:modified_time\" content=\"2024-12-11T03:08:24+00:00\" \/>\n<meta name=\"twitter:card\" content=\"summary_large_image\" \/>\n<meta name=\"twitter:label1\" content=\"Tiempo de lectura\" \/>\n\t<meta name=\"twitter:data1\" content=\"60 minutos\" \/>\n<script type=\"application\/ld+json\" class=\"yoast-schema-graph\">{\"@context\":\"https:\\\/\\\/schema.org\",\"@graph\":[{\"@type\":\"WebPage\",\"@id\":\"https:\\\/\\\/www.julian-kirschler.com\\\/datenschutzerklaerung-fuer-social-media\\\/\",\"url\":\"https:\\\/\\\/www.julian-kirschler.com\\\/datenschutzerklaerung-fuer-social-media\\\/\",\"name\":\"Datenschutzerkl\u00e4rung f\u00fcr Social Media - Julian Kirschler\",\"isPartOf\":{\"@id\":\"https:\\\/\\\/www.julian-kirschler.com\\\/#website\"},\"datePublished\":\"2024-12-11T03:07:42+00:00\",\"dateModified\":\"2024-12-11T03:08:24+00:00\",\"breadcrumb\":{\"@id\":\"https:\\\/\\\/www.julian-kirschler.com\\\/datenschutzerklaerung-fuer-social-media\\\/#breadcrumb\"},\"inLanguage\":\"es\",\"potentialAction\":[{\"@type\":\"ReadAction\",\"target\":[\"https:\\\/\\\/www.julian-kirschler.com\\\/datenschutzerklaerung-fuer-social-media\\\/\"]}]},{\"@type\":\"BreadcrumbList\",\"@id\":\"https:\\\/\\\/www.julian-kirschler.com\\\/datenschutzerklaerung-fuer-social-media\\\/#breadcrumb\",\"itemListElement\":[{\"@type\":\"ListItem\",\"position\":1,\"name\":\"Home\",\"item\":\"https:\\\/\\\/www.julian-kirschler.com\\\/\"},{\"@type\":\"ListItem\",\"position\":2,\"name\":\"Datenschutzerkl\u00e4rung f\u00fcr Social Media\"}]},{\"@type\":\"WebSite\",\"@id\":\"https:\\\/\\\/www.julian-kirschler.com\\\/#website\",\"url\":\"https:\\\/\\\/www.julian-kirschler.com\\\/\",\"name\":\"Julian Kirschler\",\"description\":\"\",\"publisher\":{\"@id\":\"https:\\\/\\\/www.julian-kirschler.com\\\/#organization\"},\"potentialAction\":[{\"@type\":\"SearchAction\",\"target\":{\"@type\":\"EntryPoint\",\"urlTemplate\":\"https:\\\/\\\/www.julian-kirschler.com\\\/?s={search_term_string}\"},\"query-input\":{\"@type\":\"PropertyValueSpecification\",\"valueRequired\":true,\"valueName\":\"search_term_string\"}}],\"inLanguage\":\"es\"},{\"@type\":\"Organization\",\"@id\":\"https:\\\/\\\/www.julian-kirschler.com\\\/#organization\",\"name\":\"Julian Kirschler\",\"url\":\"https:\\\/\\\/www.julian-kirschler.com\\\/\",\"logo\":{\"@type\":\"ImageObject\",\"inLanguage\":\"es\",\"@id\":\"https:\\\/\\\/www.julian-kirschler.com\\\/#\\\/schema\\\/logo\\\/image\\\/\",\"url\":\"https:\\\/\\\/www.julian-kirschler.com\\\/wp-content\\\/uploads\\\/2022\\\/02\\\/cropped-Bildschirmfoto-2022-02-09-um-21.35.57.png\",\"contentUrl\":\"https:\\\/\\\/www.julian-kirschler.com\\\/wp-content\\\/uploads\\\/2022\\\/02\\\/cropped-Bildschirmfoto-2022-02-09-um-21.35.57.png\",\"width\":776,\"height\":104,\"caption\":\"Julian Kirschler\"},\"image\":{\"@id\":\"https:\\\/\\\/www.julian-kirschler.com\\\/#\\\/schema\\\/logo\\\/image\\\/\"}}]}<\/script>\n<!-- \/ Yoast SEO plugin. -->","yoast_head_json":{"title":"Pol\u00edtica de privacidad en las redes sociales - Julian Kirschler","robots":{"index":"noindex","follow":"nofollow"},"og_locale":"es_ES","og_type":"article","og_title":"Datenschutzerkl\u00e4rung f\u00fcr Social Media - Julian Kirschler","og_description":"Unsere Social-Media-Auftritte Diese Datenschutzerkl&auml;rung gilt f&uuml;r folgende Social-Media-Auftritte https:\/\/www.facebook.com\/juliankirschler https:\/\/www.instagram.com\/juliankirschler\/ https:\/\/www.youtube.com\/@julian.kirschler https:\/\/www.tiktok.com\/@julian.kirschler Datenverarbeitung durch soziale Netzwerke Wir unterhalten &ouml;ffentlich zug&auml;ngliche Profile in sozialen Netzwerken. Die im Einzelnen von uns genutzten sozialen Netzwerke finden Sie weiter unten. Soziale Netzwerke wie Facebook, X etc. k&ouml;nnen Ihr Nutzerverhalten in der Regel umfassend analysieren, wenn Sie deren Website oder [&hellip;]","og_url":"https:\/\/www.julian-kirschler.com\/es\/datenschutzerklaerung-fuer-social-media\/","og_site_name":"Julian Kirschler","article_modified_time":"2024-12-11T03:08:24+00:00","twitter_card":"summary_large_image","twitter_misc":{"Tiempo de lectura":"60 minutos"},"schema":{"@context":"https:\/\/schema.org","@graph":[{"@type":"WebPage","@id":"https:\/\/www.julian-kirschler.com\/datenschutzerklaerung-fuer-social-media\/","url":"https:\/\/www.julian-kirschler.com\/datenschutzerklaerung-fuer-social-media\/","name":"Pol\u00edtica de privacidad en las redes sociales - Julian Kirschler","isPartOf":{"@id":"https:\/\/www.julian-kirschler.com\/#website"},"datePublished":"2024-12-11T03:07:42+00:00","dateModified":"2024-12-11T03:08:24+00:00","breadcrumb":{"@id":"https:\/\/www.julian-kirschler.com\/datenschutzerklaerung-fuer-social-media\/#breadcrumb"},"inLanguage":"es","potentialAction":[{"@type":"ReadAction","target":["https:\/\/www.julian-kirschler.com\/datenschutzerklaerung-fuer-social-media\/"]}]},{"@type":"BreadcrumbList","@id":"https:\/\/www.julian-kirschler.com\/datenschutzerklaerung-fuer-social-media\/#breadcrumb","itemListElement":[{"@type":"ListItem","position":1,"name":"Home","item":"https:\/\/www.julian-kirschler.com\/"},{"@type":"ListItem","position":2,"name":"Datenschutzerkl\u00e4rung f\u00fcr Social Media"}]},{"@type":"WebSite","@id":"https:\/\/www.julian-kirschler.com\/#website","url":"https:\/\/www.julian-kirschler.com\/","name":"Julian Kirschler","description":"","publisher":{"@id":"https:\/\/www.julian-kirschler.com\/#organization"},"potentialAction":[{"@type":"SearchAction","target":{"@type":"EntryPoint","urlTemplate":"https:\/\/www.julian-kirschler.com\/?s={search_term_string}"},"query-input":{"@type":"PropertyValueSpecification","valueRequired":true,"valueName":"search_term_string"}}],"inLanguage":"es"},{"@type":"Organization","@id":"https:\/\/www.julian-kirschler.com\/#organization","name":"Julian Kirschler","url":"https:\/\/www.julian-kirschler.com\/","logo":{"@type":"ImageObject","inLanguage":"es","@id":"https:\/\/www.julian-kirschler.com\/#\/schema\/logo\/image\/","url":"https:\/\/www.julian-kirschler.com\/wp-content\/uploads\/2022\/02\/cropped-Bildschirmfoto-2022-02-09-um-21.35.57.png","contentUrl":"https:\/\/www.julian-kirschler.com\/wp-content\/uploads\/2022\/02\/cropped-Bildschirmfoto-2022-02-09-um-21.35.57.png","width":776,"height":104,"caption":"Julian Kirschler"},"image":{"@id":"https:\/\/www.julian-kirschler.com\/#\/schema\/logo\/image\/"}}]}},"_links":{"self":[{"href":"https:\/\/www.julian-kirschler.com\/es\/wp-json\/wp\/v2\/pages\/4466","targetHints":{"allow":["GET"]}}],"collection":[{"href":"https:\/\/www.julian-kirschler.com\/es\/wp-json\/wp\/v2\/pages"}],"about":[{"href":"https:\/\/www.julian-kirschler.com\/es\/wp-json\/wp\/v2\/types\/page"}],"author":[{"embeddable":true,"href":"https:\/\/www.julian-kirschler.com\/es\/wp-json\/wp\/v2\/users\/1"}],"replies":[{"embeddable":true,"href":"https:\/\/www.julian-kirschler.com\/es\/wp-json\/wp\/v2\/comments?post=4466"}],"version-history":[{"count":0,"href":"https:\/\/www.julian-kirschler.com\/es\/wp-json\/wp\/v2\/pages\/4466\/revisions"}],"wp:attachment":[{"href":"https:\/\/www.julian-kirschler.com\/es\/wp-json\/wp\/v2\/media?parent=4466"}],"curies":[{"name":"wp","href":"https:\/\/api.w.org\/{rel}","templated":true}]}}