{"id":3586,"date":"2024-06-29T02:58:16","date_gmt":"2024-06-29T00:58:16","guid":{"rendered":"https:\/\/www.julian-kirschler.com\/?page_id=3586"},"modified":"2026-02-13T23:27:18","modified_gmt":"2026-02-13T22:27:18","slug":"werkstext-ohne-titel","status":"publish","type":"page","link":"https:\/\/www.julian-kirschler.com\/es\/werkstext-ohne-titel\/","title":{"rendered":"Texto de la obra: SIN T\u00cdTULO"},"content":{"rendered":"<div data-elementor-type=\"wp-page\" data-elementor-id=\"3586\" class=\"elementor elementor-3586\" data-elementor-post-type=\"page\">\n\t\t\t\t\t\t<section data-particle_enable=\"false\" data-particle-mobile-disabled=\"false\" class=\"elementor-section elementor-top-section elementor-element elementor-element-1813e50 elementor-section-boxed elementor-section-height-default elementor-section-height-default\" data-id=\"1813e50\" data-element_type=\"section\" data-e-type=\"section\">\n\t\t\t\t\t\t<div class=\"elementor-container elementor-column-gap-default\">\n\t\t\t\t\t<div class=\"elementor-column elementor-col-100 elementor-top-column elementor-element elementor-element-cf057fc\" data-id=\"cf057fc\" data-element_type=\"column\" data-e-type=\"column\">\n\t\t\t<div class=\"elementor-widget-wrap elementor-element-populated\">\n\t\t\t\t\t\t<div class=\"elementor-element elementor-element-07e6d67 elementor-widget elementor-widget-heading\" data-id=\"07e6d67\" data-element_type=\"widget\" data-e-type=\"widget\" data-widget_type=\"heading.default\">\n\t\t\t\t<div class=\"elementor-widget-container\">\n\t\t\t\t\t<h2 class=\"elementor-heading-title elementor-size-default\">SIN T\u00cdTULO<\/h2>\t\t\t\t<\/div>\n\t\t\t\t<\/div>\n\t\t\t\t<div class=\"elementor-element elementor-element-5f4bfbf elementor-widget elementor-widget-text-editor\" data-id=\"5f4bfbf\" data-element_type=\"widget\" data-e-type=\"widget\" data-widget_type=\"text-editor.default\">\n\t\t\t\t<div class=\"elementor-widget-container\">\n\t\t\t\t\t\t\t\t\t<div class=\"page\" title=\"P\u00e1gina 3\"><div class=\"layoutArea\"><div class=\"column\"><p class=\"translation-block\"><span class=\"s4\">Mientras el hielo se derrite en las monta\u00f1as, el nivel de las aguas sube en otros lugares. S\u00edmbolos de lo sublime como los gigantes glaciares y lugares de a\u00f1oranza humana como la Plaza de San Marcos de Venecia est\u00e1n amenazados de extinci\u00f3n. La animaci\u00f3n en 3D de dos im\u00e1genes de las series fotogr\u00e1ficas <\/span><span class=\"s6\">Monta\u00f1as, prados y bosques<\/span><span class=\"s4\"> y <\/span><span class=\"s6\">Alto mediod\u00eda<\/span><span class=\"s4\"> condensa todo esto en un memento mori: \u00a1el cambio clim\u00e1tico no espera!<\/p><\/div><\/div><\/div>\t\t\t\t\t\t\t\t<\/div>\n\t\t\t\t<\/div>\n\t\t\t\t\t<\/div>\n\t\t<\/div>\n\t\t\t\t\t<\/div>\n\t\t<\/section>\n\t\t\t\t<\/div>","protected":false},"excerpt":{"rendered":"<p>SIN T\u00cdTULO Mientras el hielo se derrite en las monta\u00f1as, el nivel de las aguas sube en otros lugares. S\u00edmbolos de lo sublime como los gigantes glaciares y lugares de a\u00f1oranza humana como la Plaza de San Marcos de Venecia est\u00e1n amenazados de extinci\u00f3n. La animaci\u00f3n en 3D de dos im\u00e1genes de las series fotogr\u00e1ficas Mountains, Meadows and Forests y High Noon condensa todo esto en un memento mori: \u00a1el cambio clim\u00e1tico no espera!<\/p>","protected":false},"author":1,"featured_media":0,"parent":0,"menu_order":0,"comment_status":"closed","ping_status":"closed","template":"","meta":{"footnotes":""},"class_list":["post-3586","page","type-page","status-publish","hentry"],"yoast_head":"<!-- This site is optimized with the Yoast SEO plugin v27.5 - https:\/\/yoast.com\/product\/yoast-seo-wordpress\/ -->\n<title>Werkstext: OHNE TITEL - Julian Kirschler<\/title>\n<meta name=\"robots\" content=\"index, follow, max-snippet:-1, max-image-preview:large, max-video-preview:-1\" \/>\n<link rel=\"canonical\" href=\"https:\/\/www.julian-kirschler.com\/es\/werkstext-ohne-titel\/\" \/>\n<meta property=\"og:locale\" content=\"es_ES\" \/>\n<meta property=\"og:type\" content=\"article\" \/>\n<meta property=\"og:title\" content=\"Werkstext: OHNE TITEL - Julian Kirschler\" \/>\n<meta property=\"og:description\" content=\"OHNE TITEL W\u00e4hrend in den Bergen das Eis schmilzt, steigen andernorts die Pegel. Sinnbilder des Erhabenen wie die Gletscher-Riesen und menschliche Sehnsuchtsorte wie der Markusplatz in Venedig sind vom Untergang bedroht. Die 3-D Animation zweier Aufnahmen aus den Fotoserien Berge, Wiesen und W\u00e4lder und High Noon verdichtet dies zum Memento Mori: Der Klimawandel wartet nicht!\" \/>\n<meta property=\"og:url\" content=\"https:\/\/www.julian-kirschler.com\/es\/werkstext-ohne-titel\/\" \/>\n<meta property=\"og:site_name\" content=\"Julian Kirschler\" \/>\n<meta property=\"article:modified_time\" content=\"2026-02-13T22:27:18+00:00\" \/>\n<meta name=\"twitter:card\" content=\"summary_large_image\" \/>\n<meta name=\"twitter:label1\" content=\"Tiempo de lectura\" \/>\n\t<meta name=\"twitter:data1\" content=\"1 minuto\" \/>\n<script type=\"application\/ld+json\" class=\"yoast-schema-graph\">{\"@context\":\"https:\\\/\\\/schema.org\",\"@graph\":[{\"@type\":\"WebPage\",\"@id\":\"https:\\\/\\\/www.julian-kirschler.com\\\/werkstext-ohne-titel\\\/\",\"url\":\"https:\\\/\\\/www.julian-kirschler.com\\\/werkstext-ohne-titel\\\/\",\"name\":\"Werkstext: OHNE TITEL - Julian Kirschler\",\"isPartOf\":{\"@id\":\"https:\\\/\\\/www.julian-kirschler.com\\\/#website\"},\"datePublished\":\"2024-06-29T00:58:16+00:00\",\"dateModified\":\"2026-02-13T22:27:18+00:00\",\"breadcrumb\":{\"@id\":\"https:\\\/\\\/www.julian-kirschler.com\\\/werkstext-ohne-titel\\\/#breadcrumb\"},\"inLanguage\":\"es\",\"potentialAction\":[{\"@type\":\"ReadAction\",\"target\":[\"https:\\\/\\\/www.julian-kirschler.com\\\/werkstext-ohne-titel\\\/\"]}]},{\"@type\":\"BreadcrumbList\",\"@id\":\"https:\\\/\\\/www.julian-kirschler.com\\\/werkstext-ohne-titel\\\/#breadcrumb\",\"itemListElement\":[{\"@type\":\"ListItem\",\"position\":1,\"name\":\"Home\",\"item\":\"https:\\\/\\\/www.julian-kirschler.com\\\/\"},{\"@type\":\"ListItem\",\"position\":2,\"name\":\"Werkstext: OHNE TITEL\"}]},{\"@type\":\"WebSite\",\"@id\":\"https:\\\/\\\/www.julian-kirschler.com\\\/#website\",\"url\":\"https:\\\/\\\/www.julian-kirschler.com\\\/\",\"name\":\"Julian Kirschler\",\"description\":\"\",\"publisher\":{\"@id\":\"https:\\\/\\\/www.julian-kirschler.com\\\/#organization\"},\"potentialAction\":[{\"@type\":\"SearchAction\",\"target\":{\"@type\":\"EntryPoint\",\"urlTemplate\":\"https:\\\/\\\/www.julian-kirschler.com\\\/?s={search_term_string}\"},\"query-input\":{\"@type\":\"PropertyValueSpecification\",\"valueRequired\":true,\"valueName\":\"search_term_string\"}}],\"inLanguage\":\"es\"},{\"@type\":\"Organization\",\"@id\":\"https:\\\/\\\/www.julian-kirschler.com\\\/#organization\",\"name\":\"Julian Kirschler\",\"url\":\"https:\\\/\\\/www.julian-kirschler.com\\\/\",\"logo\":{\"@type\":\"ImageObject\",\"inLanguage\":\"es\",\"@id\":\"https:\\\/\\\/www.julian-kirschler.com\\\/#\\\/schema\\\/logo\\\/image\\\/\",\"url\":\"https:\\\/\\\/www.julian-kirschler.com\\\/wp-content\\\/uploads\\\/2022\\\/02\\\/cropped-Bildschirmfoto-2022-02-09-um-21.35.57.png\",\"contentUrl\":\"https:\\\/\\\/www.julian-kirschler.com\\\/wp-content\\\/uploads\\\/2022\\\/02\\\/cropped-Bildschirmfoto-2022-02-09-um-21.35.57.png\",\"width\":776,\"height\":104,\"caption\":\"Julian Kirschler\"},\"image\":{\"@id\":\"https:\\\/\\\/www.julian-kirschler.com\\\/#\\\/schema\\\/logo\\\/image\\\/\"}}]}<\/script>\n<!-- \/ Yoast SEO plugin. -->","yoast_head_json":{"title":"Texto de la obra: OHNE TITEL - Julian Kirschler","robots":{"index":"index","follow":"follow","max-snippet":"max-snippet:-1","max-image-preview":"max-image-preview:large","max-video-preview":"max-video-preview:-1"},"canonical":"https:\/\/www.julian-kirschler.com\/es\/werkstext-ohne-titel\/","og_locale":"es_ES","og_type":"article","og_title":"Werkstext: OHNE TITEL - Julian Kirschler","og_description":"OHNE TITEL W\u00e4hrend in den Bergen das Eis schmilzt, steigen andernorts die Pegel. Sinnbilder des Erhabenen wie die Gletscher-Riesen und menschliche Sehnsuchtsorte wie der Markusplatz in Venedig sind vom Untergang bedroht. Die 3-D Animation zweier Aufnahmen aus den Fotoserien Berge, Wiesen und W\u00e4lder und High Noon verdichtet dies zum Memento Mori: Der Klimawandel wartet nicht!","og_url":"https:\/\/www.julian-kirschler.com\/es\/werkstext-ohne-titel\/","og_site_name":"Julian Kirschler","article_modified_time":"2026-02-13T22:27:18+00:00","twitter_card":"summary_large_image","twitter_misc":{"Tiempo de lectura":"1 minuto"},"schema":{"@context":"https:\/\/schema.org","@graph":[{"@type":"WebPage","@id":"https:\/\/www.julian-kirschler.com\/werkstext-ohne-titel\/","url":"https:\/\/www.julian-kirschler.com\/werkstext-ohne-titel\/","name":"Texto de la obra: OHNE TITEL - Julian Kirschler","isPartOf":{"@id":"https:\/\/www.julian-kirschler.com\/#website"},"datePublished":"2024-06-29T00:58:16+00:00","dateModified":"2026-02-13T22:27:18+00:00","breadcrumb":{"@id":"https:\/\/www.julian-kirschler.com\/werkstext-ohne-titel\/#breadcrumb"},"inLanguage":"es","potentialAction":[{"@type":"ReadAction","target":["https:\/\/www.julian-kirschler.com\/werkstext-ohne-titel\/"]}]},{"@type":"BreadcrumbList","@id":"https:\/\/www.julian-kirschler.com\/werkstext-ohne-titel\/#breadcrumb","itemListElement":[{"@type":"ListItem","position":1,"name":"Home","item":"https:\/\/www.julian-kirschler.com\/"},{"@type":"ListItem","position":2,"name":"Werkstext: OHNE TITEL"}]},{"@type":"WebSite","@id":"https:\/\/www.julian-kirschler.com\/#website","url":"https:\/\/www.julian-kirschler.com\/","name":"Julian Kirschler","description":"","publisher":{"@id":"https:\/\/www.julian-kirschler.com\/#organization"},"potentialAction":[{"@type":"SearchAction","target":{"@type":"EntryPoint","urlTemplate":"https:\/\/www.julian-kirschler.com\/?s={search_term_string}"},"query-input":{"@type":"PropertyValueSpecification","valueRequired":true,"valueName":"search_term_string"}}],"inLanguage":"es"},{"@type":"Organization","@id":"https:\/\/www.julian-kirschler.com\/#organization","name":"Julian Kirschler","url":"https:\/\/www.julian-kirschler.com\/","logo":{"@type":"ImageObject","inLanguage":"es","@id":"https:\/\/www.julian-kirschler.com\/#\/schema\/logo\/image\/","url":"https:\/\/www.julian-kirschler.com\/wp-content\/uploads\/2022\/02\/cropped-Bildschirmfoto-2022-02-09-um-21.35.57.png","contentUrl":"https:\/\/www.julian-kirschler.com\/wp-content\/uploads\/2022\/02\/cropped-Bildschirmfoto-2022-02-09-um-21.35.57.png","width":776,"height":104,"caption":"Julian Kirschler"},"image":{"@id":"https:\/\/www.julian-kirschler.com\/#\/schema\/logo\/image\/"}}]}},"_links":{"self":[{"href":"https:\/\/www.julian-kirschler.com\/es\/wp-json\/wp\/v2\/pages\/3586","targetHints":{"allow":["GET"]}}],"collection":[{"href":"https:\/\/www.julian-kirschler.com\/es\/wp-json\/wp\/v2\/pages"}],"about":[{"href":"https:\/\/www.julian-kirschler.com\/es\/wp-json\/wp\/v2\/types\/page"}],"author":[{"embeddable":true,"href":"https:\/\/www.julian-kirschler.com\/es\/wp-json\/wp\/v2\/users\/1"}],"replies":[{"embeddable":true,"href":"https:\/\/www.julian-kirschler.com\/es\/wp-json\/wp\/v2\/comments?post=3586"}],"version-history":[{"count":0,"href":"https:\/\/www.julian-kirschler.com\/es\/wp-json\/wp\/v2\/pages\/3586\/revisions"}],"wp:attachment":[{"href":"https:\/\/www.julian-kirschler.com\/es\/wp-json\/wp\/v2\/media?parent=3586"}],"curies":[{"name":"wp","href":"https:\/\/api.w.org\/{rel}","templated":true}]}}