{"id":2999,"date":"2024-04-07T03:58:07","date_gmt":"2024-04-07T01:58:07","guid":{"rendered":"https:\/\/www.julian-kirschler.com\/?page_id=2999"},"modified":"2025-07-21T00:37:58","modified_gmt":"2025-07-20T22:37:58","slug":"widerrufsrecht","status":"publish","type":"page","link":"https:\/\/www.julian-kirschler.com\/es\/widerrufsrecht\/","title":{"rendered":"Derecho de anulaci\u00f3n"},"content":{"rendered":"<div data-elementor-type=\"wp-page\" data-elementor-id=\"2999\" class=\"elementor elementor-2999\" data-elementor-post-type=\"page\">\n\t\t\t\t\t\t<section data-particle_enable=\"false\" data-particle-mobile-disabled=\"false\" class=\"elementor-section elementor-top-section elementor-element elementor-element-39889a4 elementor-section-boxed elementor-section-height-default elementor-section-height-default\" data-id=\"39889a4\" data-element_type=\"section\" data-e-type=\"section\">\n\t\t\t\t\t\t<div class=\"elementor-container elementor-column-gap-default\">\n\t\t\t\t\t<div class=\"elementor-column elementor-col-100 elementor-top-column elementor-element elementor-element-91dccc3\" data-id=\"91dccc3\" data-element_type=\"column\" data-e-type=\"column\">\n\t\t\t<div class=\"elementor-widget-wrap elementor-element-populated\">\n\t\t\t\t\t\t<div class=\"elementor-element elementor-element-a3910a8 elementor-widget elementor-widget-html\" data-id=\"a3910a8\" data-element_type=\"widget\" data-e-type=\"widget\" data-widget_type=\"html.default\">\n\t\t\t\t<div class=\"elementor-widget-container\">\n\t\t\t\t\t<h1>Derecho de cancelaci\u00f3n para los consumidores<\/h1>\n\n<p><strong>Consumidores<\/strong> es cualquier persona f\u00edsica que celebre un negocio jur\u00eddico con fines predominantemente ajenos a su actividad comercial, empresarial o profesional (art\u00edculo 13 del BGB).<\/p>\n\n<h2>Pol\u00edtica de anulaci\u00f3n<\/h2>\n\n<h3>Derecho de anulaci\u00f3n<\/h3>\n<p>Tiene derecho a rescindir este contrato en un plazo de 14 d\u00edas sin necesidad de justificaci\u00f3n.<\/p>\n\n<p>El plazo de cancelaci\u00f3n es de 14 d\u00edas a partir de la fecha,<\/p>\n<ul>\n  <li>en la que usted o un tercero nombrado por usted, que no sea el transportista, haya tomado posesi\u00f3n de las mercanc\u00edas si usted ha encargado mercanc\u00edas, o<\/li>\n  <li>en la que usted o un tercero nombrado por usted, que no sea el transportista, tom\u00f3 posesi\u00f3n de la \u00faltima mercanc\u00eda si usted encarg\u00f3 varias mercanc\u00edas como parte de un \u00fanico pedido, o<\/li>\n  <li>en la que usted o un tercero nombrado por usted, que no sea el transportista, tom\u00f3 posesi\u00f3n del \u00faltimo env\u00edo parcial o del \u00faltimo art\u00edculo, si las mercanc\u00edas se entregaron en varios env\u00edos parciales o art\u00edculos.<\/li>\n<\/ul>\n\n<p>Para ejercer el derecho de cancelaci\u00f3n, debe informarnos (Julian Kirschler, c\/o Postflex #5210, Emsdettener Stra\u00dfe 10, 48268 Greven, Alemania, E-Mail: <a href=\"mailto:info@julian-kirschler.com\">info@julian-kirschler.com<\/a>) de su decisi\u00f3n de rescindir el presente contrato mediante una declaraci\u00f3n inequ\u00edvoca (por ejemplo, por correo electr\u00f3nico o carta enviada por correo postal). Puede utilizar el modelo de formulario de desistimiento que figura a continuaci\u00f3n, pero no es obligatorio.<\/p>\n\n<p>Para cumplir el plazo de cancelaci\u00f3n, basta con que env\u00ede su notificaci\u00f3n de ejercicio del derecho de cancelaci\u00f3n antes de que venza el plazo.<\/p>\n\n<h3>Consecuencias de la anulaci\u00f3n<\/h3>\n<p>Si cancela este contrato, le reembolsaremos todos los pagos que hayamos recibido de usted, incluidos los gastos de entrega (con la excepci\u00f3n de los gastos adicionales derivados de un tipo de entrega diferente a la entrega est\u00e1ndar ofrecida por nosotros), inmediatamente y a m\u00e1s tardar en un plazo de 14 d\u00edas a partir del d\u00eda en que recibamos la notificaci\u00f3n de su cancelaci\u00f3n.<\/p>\n\n<p>Para el reembolso, utilizaremos el mismo medio de pago que usted utiliz\u00f3 para la transacci\u00f3n original, salvo que se acuerde expresamente lo contrario. En ning\u00fan caso se le cobrar\u00e1n comisiones por este reembolso.<\/p>\n\n<p>Podemos negarnos a reembolsarle el importe hasta que hayamos recibido los productos o hasta que usted haya presentado una prueba de que ha devuelto los productos, seg\u00fan qu\u00e9 condici\u00f3n se cumpla primero.<\/p>\n\n<p>Debe devolvernos o entregarnos los bienes inmediatamente y, en cualquier caso, en un plazo m\u00e1ximo de 14 d\u00edas a partir del d\u00eda en que nos informe de la cancelaci\u00f3n. El plazo se cumple si nos env\u00eda los bienes antes de que haya expirado el plazo de 14 d\u00edas.<\/p>\n\n<p>Los gastos directos de devoluci\u00f3n correr\u00e1n a su cargo. En el caso de obras de arte que no puedan enviarse por paquete postal (por ejemplo, grandes formatos enmarcados), organizaremos la recogida; los costes correspondientes se acordar\u00e1n individualmente como parte del proceso de cancelaci\u00f3n.<\/p>\n\n<p>S\u00f3lo tiene que pagar la p\u00e9rdida de valor de los bienes si dicha p\u00e9rdida de valor se debe a una manipulaci\u00f3n de los bienes que no era necesaria para comprobar su estado, propiedades y funcionalidad.<\/p>\n\n<h2>Exclusi\u00f3n o expiraci\u00f3n prematura del derecho de cancelaci\u00f3n<\/h2>\n<p>El derecho de cancelaci\u00f3n no se aplica a los contratos de entrega de bienes,<\/p>\n<ul>\n  <li>que no sean prefabricados y para cuya producci\u00f3n sea decisiva una selecci\u00f3n o determinaci\u00f3n individual por parte del consumidor o<\/li>\n  <li>que se adaptan claramente a las necesidades personales del consumidor.<\/li>\n<\/ul>\n<p>Esto se aplica en particular a las obras de arte producidas por encargo, por ejemplo, impresiones fotogr\u00e1ficas de edici\u00f3n limitada en determinados formatos o dise\u00f1os con marcos personalizados.<\/p>\n\n<h2>Modelo de formulario de cancelaci\u00f3n<\/h2>\n\n<p>(Si desea rescindir el contrato, rellene y devuelva este formulario).<\/p>\n\n<pre>\nA:\nJulian Kirschler\nc\/o Postflex #5210\nEmsdettener Stra\u00dfe 10\n48268 Greven\nGreven, Alemania\nCorreo electr\u00f3nico: info@julian-kirschler.com\n\nPor la presente desisto del contrato celebrado por m\u00ed para la compra de los siguientes productos:\n\n____________________________________________________\n\nPedido el: _______________ \/ recibido el: _______________\n\nNombre del consumidor o consumidores: _______________________________\n\nDirecci\u00f3n del consumidor o consumidores: ___________________________\n\nFirma (s\u00f3lo para la notificaci\u00f3n en papel):\n\nFecha _______________\n<\/pre>\n\t\t\t\t<\/div>\n\t\t\t\t<\/div>\n\t\t\t\t\t<\/div>\n\t\t<\/div>\n\t\t\t\t\t<\/div>\n\t\t<\/section>\n\t\t\t\t<\/div>","protected":false},"excerpt":{"rendered":"<p>Widerrufsrecht f\u00fcr Verbraucher Verbraucher ist jede nat\u00fcrliche Person, die ein Rechtsgesch\u00e4ft zu Zwecken abschlie\u00dft, die \u00fcberwiegend weder ihrer gewerblichen noch ihrer selbstst\u00e4ndigen beruflichen T\u00e4tigkeit zugerechnet werden k\u00f6nnen (\u00a7 13 BGB). Widerrufsbelehrung Widerrufsrecht Du hast das Recht, binnen 14 Tagen ohne Angabe von Gr\u00fcnden diesen Vertrag zu widerrufen. Die Widerrufsfrist betr\u00e4gt 14 Tage ab dem Tag, [&hellip;]<\/p>\n","protected":false},"author":1,"featured_media":0,"parent":0,"menu_order":0,"comment_status":"closed","ping_status":"closed","template":"","meta":{"footnotes":""},"class_list":["post-2999","page","type-page","status-publish","hentry"],"yoast_head":"<!-- This site is optimized with the Yoast SEO plugin v27.5 - https:\/\/yoast.com\/product\/yoast-seo-wordpress\/ -->\n<title>Widerrufsrecht - Julian Kirschler<\/title>\n<meta name=\"robots\" content=\"index, follow, max-snippet:-1, max-image-preview:large, max-video-preview:-1\" \/>\n<link rel=\"canonical\" href=\"https:\/\/www.julian-kirschler.com\/es\/widerrufsrecht\/\" \/>\n<meta property=\"og:locale\" content=\"es_ES\" \/>\n<meta property=\"og:type\" content=\"article\" \/>\n<meta property=\"og:title\" content=\"Widerrufsrecht - Julian Kirschler\" \/>\n<meta property=\"og:description\" content=\"Widerrufsrecht f\u00fcr Verbraucher Verbraucher ist jede nat\u00fcrliche Person, die ein Rechtsgesch\u00e4ft zu Zwecken abschlie\u00dft, die \u00fcberwiegend weder ihrer gewerblichen noch ihrer selbstst\u00e4ndigen beruflichen T\u00e4tigkeit zugerechnet werden k\u00f6nnen (\u00a7 13 BGB). Widerrufsbelehrung Widerrufsrecht Du hast das Recht, binnen 14 Tagen ohne Angabe von Gr\u00fcnden diesen Vertrag zu widerrufen. Die Widerrufsfrist betr\u00e4gt 14 Tage ab dem Tag, [&hellip;]\" \/>\n<meta property=\"og:url\" content=\"https:\/\/www.julian-kirschler.com\/es\/widerrufsrecht\/\" \/>\n<meta property=\"og:site_name\" content=\"Julian Kirschler\" \/>\n<meta property=\"article:modified_time\" content=\"2025-07-20T22:37:58+00:00\" \/>\n<meta name=\"twitter:card\" content=\"summary_large_image\" \/>\n<meta name=\"twitter:label1\" content=\"Tiempo de lectura\" \/>\n\t<meta name=\"twitter:data1\" content=\"3 minutos\" \/>\n<script type=\"application\/ld+json\" class=\"yoast-schema-graph\">{\"@context\":\"https:\\\/\\\/schema.org\",\"@graph\":[{\"@type\":\"WebPage\",\"@id\":\"https:\\\/\\\/www.julian-kirschler.com\\\/widerrufsrecht\\\/\",\"url\":\"https:\\\/\\\/www.julian-kirschler.com\\\/widerrufsrecht\\\/\",\"name\":\"Widerrufsrecht - Julian Kirschler\",\"isPartOf\":{\"@id\":\"https:\\\/\\\/www.julian-kirschler.com\\\/#website\"},\"datePublished\":\"2024-04-07T01:58:07+00:00\",\"dateModified\":\"2025-07-20T22:37:58+00:00\",\"breadcrumb\":{\"@id\":\"https:\\\/\\\/www.julian-kirschler.com\\\/widerrufsrecht\\\/#breadcrumb\"},\"inLanguage\":\"es\",\"potentialAction\":[{\"@type\":\"ReadAction\",\"target\":[\"https:\\\/\\\/www.julian-kirschler.com\\\/widerrufsrecht\\\/\"]}]},{\"@type\":\"BreadcrumbList\",\"@id\":\"https:\\\/\\\/www.julian-kirschler.com\\\/widerrufsrecht\\\/#breadcrumb\",\"itemListElement\":[{\"@type\":\"ListItem\",\"position\":1,\"name\":\"Home\",\"item\":\"https:\\\/\\\/www.julian-kirschler.com\\\/\"},{\"@type\":\"ListItem\",\"position\":2,\"name\":\"Widerrufsrecht\"}]},{\"@type\":\"WebSite\",\"@id\":\"https:\\\/\\\/www.julian-kirschler.com\\\/#website\",\"url\":\"https:\\\/\\\/www.julian-kirschler.com\\\/\",\"name\":\"Julian Kirschler\",\"description\":\"\",\"publisher\":{\"@id\":\"https:\\\/\\\/www.julian-kirschler.com\\\/#organization\"},\"potentialAction\":[{\"@type\":\"SearchAction\",\"target\":{\"@type\":\"EntryPoint\",\"urlTemplate\":\"https:\\\/\\\/www.julian-kirschler.com\\\/?s={search_term_string}\"},\"query-input\":{\"@type\":\"PropertyValueSpecification\",\"valueRequired\":true,\"valueName\":\"search_term_string\"}}],\"inLanguage\":\"es\"},{\"@type\":\"Organization\",\"@id\":\"https:\\\/\\\/www.julian-kirschler.com\\\/#organization\",\"name\":\"Julian Kirschler\",\"url\":\"https:\\\/\\\/www.julian-kirschler.com\\\/\",\"logo\":{\"@type\":\"ImageObject\",\"inLanguage\":\"es\",\"@id\":\"https:\\\/\\\/www.julian-kirschler.com\\\/#\\\/schema\\\/logo\\\/image\\\/\",\"url\":\"https:\\\/\\\/www.julian-kirschler.com\\\/wp-content\\\/uploads\\\/2022\\\/02\\\/cropped-Bildschirmfoto-2022-02-09-um-21.35.57.png\",\"contentUrl\":\"https:\\\/\\\/www.julian-kirschler.com\\\/wp-content\\\/uploads\\\/2022\\\/02\\\/cropped-Bildschirmfoto-2022-02-09-um-21.35.57.png\",\"width\":776,\"height\":104,\"caption\":\"Julian Kirschler\"},\"image\":{\"@id\":\"https:\\\/\\\/www.julian-kirschler.com\\\/#\\\/schema\\\/logo\\\/image\\\/\"}}]}<\/script>\n<!-- \/ Yoast SEO plugin. -->","yoast_head_json":{"title":"Derecho de anulaci\u00f3n - Julian Kirschler","robots":{"index":"index","follow":"follow","max-snippet":"max-snippet:-1","max-image-preview":"max-image-preview:large","max-video-preview":"max-video-preview:-1"},"canonical":"https:\/\/www.julian-kirschler.com\/es\/widerrufsrecht\/","og_locale":"es_ES","og_type":"article","og_title":"Widerrufsrecht - Julian Kirschler","og_description":"Widerrufsrecht f\u00fcr Verbraucher Verbraucher ist jede nat\u00fcrliche Person, die ein Rechtsgesch\u00e4ft zu Zwecken abschlie\u00dft, die \u00fcberwiegend weder ihrer gewerblichen noch ihrer selbstst\u00e4ndigen beruflichen T\u00e4tigkeit zugerechnet werden k\u00f6nnen (\u00a7 13 BGB). Widerrufsbelehrung Widerrufsrecht Du hast das Recht, binnen 14 Tagen ohne Angabe von Gr\u00fcnden diesen Vertrag zu widerrufen. Die Widerrufsfrist betr\u00e4gt 14 Tage ab dem Tag, [&hellip;]","og_url":"https:\/\/www.julian-kirschler.com\/es\/widerrufsrecht\/","og_site_name":"Julian Kirschler","article_modified_time":"2025-07-20T22:37:58+00:00","twitter_card":"summary_large_image","twitter_misc":{"Tiempo de lectura":"3 minutos"},"schema":{"@context":"https:\/\/schema.org","@graph":[{"@type":"WebPage","@id":"https:\/\/www.julian-kirschler.com\/widerrufsrecht\/","url":"https:\/\/www.julian-kirschler.com\/widerrufsrecht\/","name":"Derecho de anulaci\u00f3n - Julian Kirschler","isPartOf":{"@id":"https:\/\/www.julian-kirschler.com\/#website"},"datePublished":"2024-04-07T01:58:07+00:00","dateModified":"2025-07-20T22:37:58+00:00","breadcrumb":{"@id":"https:\/\/www.julian-kirschler.com\/widerrufsrecht\/#breadcrumb"},"inLanguage":"es","potentialAction":[{"@type":"ReadAction","target":["https:\/\/www.julian-kirschler.com\/widerrufsrecht\/"]}]},{"@type":"BreadcrumbList","@id":"https:\/\/www.julian-kirschler.com\/widerrufsrecht\/#breadcrumb","itemListElement":[{"@type":"ListItem","position":1,"name":"Home","item":"https:\/\/www.julian-kirschler.com\/"},{"@type":"ListItem","position":2,"name":"Widerrufsrecht"}]},{"@type":"WebSite","@id":"https:\/\/www.julian-kirschler.com\/#website","url":"https:\/\/www.julian-kirschler.com\/","name":"Julian Kirschler","description":"","publisher":{"@id":"https:\/\/www.julian-kirschler.com\/#organization"},"potentialAction":[{"@type":"SearchAction","target":{"@type":"EntryPoint","urlTemplate":"https:\/\/www.julian-kirschler.com\/?s={search_term_string}"},"query-input":{"@type":"PropertyValueSpecification","valueRequired":true,"valueName":"search_term_string"}}],"inLanguage":"es"},{"@type":"Organization","@id":"https:\/\/www.julian-kirschler.com\/#organization","name":"Julian Kirschler","url":"https:\/\/www.julian-kirschler.com\/","logo":{"@type":"ImageObject","inLanguage":"es","@id":"https:\/\/www.julian-kirschler.com\/#\/schema\/logo\/image\/","url":"https:\/\/www.julian-kirschler.com\/wp-content\/uploads\/2022\/02\/cropped-Bildschirmfoto-2022-02-09-um-21.35.57.png","contentUrl":"https:\/\/www.julian-kirschler.com\/wp-content\/uploads\/2022\/02\/cropped-Bildschirmfoto-2022-02-09-um-21.35.57.png","width":776,"height":104,"caption":"Julian Kirschler"},"image":{"@id":"https:\/\/www.julian-kirschler.com\/#\/schema\/logo\/image\/"}}]}},"_links":{"self":[{"href":"https:\/\/www.julian-kirschler.com\/es\/wp-json\/wp\/v2\/pages\/2999","targetHints":{"allow":["GET"]}}],"collection":[{"href":"https:\/\/www.julian-kirschler.com\/es\/wp-json\/wp\/v2\/pages"}],"about":[{"href":"https:\/\/www.julian-kirschler.com\/es\/wp-json\/wp\/v2\/types\/page"}],"author":[{"embeddable":true,"href":"https:\/\/www.julian-kirschler.com\/es\/wp-json\/wp\/v2\/users\/1"}],"replies":[{"embeddable":true,"href":"https:\/\/www.julian-kirschler.com\/es\/wp-json\/wp\/v2\/comments?post=2999"}],"version-history":[{"count":0,"href":"https:\/\/www.julian-kirschler.com\/es\/wp-json\/wp\/v2\/pages\/2999\/revisions"}],"wp:attachment":[{"href":"https:\/\/www.julian-kirschler.com\/es\/wp-json\/wp\/v2\/media?parent=2999"}],"curies":[{"name":"wp","href":"https:\/\/api.w.org\/{rel}","templated":true}]}}