{"id":2992,"date":"2024-04-07T03:35:24","date_gmt":"2024-04-07T01:35:24","guid":{"rendered":"https:\/\/www.julian-kirschler.com\/?page_id=2992"},"modified":"2025-07-21T00:43:25","modified_gmt":"2025-07-20T22:43:25","slug":"agbs-und-kundeninformationen","status":"publish","type":"page","link":"https:\/\/www.julian-kirschler.com\/es\/agbs-und-kundeninformationen\/","title":{"rendered":"Condiciones generales e informaci\u00f3n al cliente"},"content":{"rendered":"<div data-elementor-type=\"wp-page\" data-elementor-id=\"2992\" class=\"elementor elementor-2992\" data-elementor-post-type=\"page\">\n\t\t\t\t\t\t<section data-particle_enable=\"false\" data-particle-mobile-disabled=\"false\" class=\"elementor-section elementor-top-section elementor-element elementor-element-2291529 elementor-section-boxed elementor-section-height-default elementor-section-height-default\" data-id=\"2291529\" data-element_type=\"section\" data-e-type=\"section\">\n\t\t\t\t\t\t<div class=\"elementor-container elementor-column-gap-default\">\n\t\t\t\t\t<div class=\"elementor-column elementor-col-100 elementor-top-column elementor-element elementor-element-02af8d6\" data-id=\"02af8d6\" data-element_type=\"column\" data-e-type=\"column\">\n\t\t\t<div class=\"elementor-widget-wrap elementor-element-populated\">\n\t\t\t\t\t\t<div class=\"elementor-element elementor-element-1dec6f3 elementor-widget elementor-widget-html\" data-id=\"1dec6f3\" data-element_type=\"widget\" data-e-type=\"widget\" data-widget_type=\"html.default\">\n\t\t\t\t<div class=\"elementor-widget-container\">\n\t\t\t\t\t<h1>Condiciones generales e informaci\u00f3n al cliente<\/h1>\n\n<h2>I. Condiciones generales<\/h2>\n\n<h3>\u00a7 1 Disposiciones b\u00e1sicas<\/h3>\n<p>(1) Las siguientes condiciones comerciales son aplicables a todos los contratos que usted celebre con nosotros como proveedor (Julian Kirschler) a trav\u00e9s de la p\u00e1gina web <a href=\"https:\/\/www.julian-kirschler.com\/es\/\">www.julian-kirschler.com<\/a> concluye. Las condiciones divergentes del cliente s\u00f3lo se aplicar\u00e1n si hemos aceptado expresamente su validez.<\/p>\n<p>(2) Un consumidor en el sentido de estas CGC es cualquier persona f\u00edsica que celebre un negocio jur\u00eddico con fines predominantemente ajenos a su actividad comercial, empresarial o profesional. Un empresario es toda persona f\u00edsica o jur\u00eddica o sociedad con capacidad jur\u00eddica que, al celebrar un negocio jur\u00eddico, act\u00faa en el ejercicio de su actividad comercial o profesional independiente.<\/p>\n\n<h3>\u00a7 2 Celebraci\u00f3n del contrato<\/h3>\n<p>(1) La presentaci\u00f3n de los productos en nuestra tienda en l\u00ednea constituye una oferta vinculante para celebrar un contrato de compra.<\/p>\n<p>(2) El contrato se celebra a trav\u00e9s del sistema integrado de cesta de la compra en l\u00ednea. Usted coloca los productos deseados en la cesta de la compra, pasa por el proceso de pedido electr\u00f3nico y, al final, realiza un pedido jur\u00eddicamente vinculante haciendo clic en el bot\u00f3n etiquetado correspondiente (\"pedido con obligaci\u00f3n de pago\", \"comprar ahora\" o similar).<\/p>\n<p>(3) Antes de enviar el pedido, puede volver a comprobar todos los datos y modificarlos si es necesario. El contrato se perfecciona en cuanto env\u00edas el pedido.<\/p>\n<p>(4) Tras realizar su pedido, recibir\u00e1 una confirmaci\u00f3n autom\u00e1tica por correo electr\u00f3nico. Esta confirmaci\u00f3n documenta la recepci\u00f3n de su pedido, pero no constituye aceptaci\u00f3n del contrato. La aceptaci\u00f3n del contrato se produce por correo electr\u00f3nico separado con la confirmaci\u00f3n del env\u00edo o la entrega de las mercanc\u00edas.<\/p>\n\n<h3>\u00a7 3 Licencia de uso de contenidos digitales<\/h3>\n<p>Si se ofrecen contenidos digitales, recibir\u00e1 una licencia simple e intransferible para su uso de acuerdo con los t\u00e9rminos y condiciones especificados en la oferta correspondiente. Todos los contenidos est\u00e1n sujetos a derechos de autor.<\/p>\n\n<h3>\u00a7 4 Modalidades y condiciones de pago<\/h3>\n<p>(1) Los m\u00e9todos de pago disponibles (por ejemplo, PayPal, Klarna, Stripe, Amazon Pay) se enumeran en el proceso de pedido y en la secci\u00f3n \"Pago y env\u00edo\".<\/p>\n<p>(2) Se aplicar\u00e1n las respectivas condiciones y directrices de protecci\u00f3n de datos del proveedor de servicios de pago seleccionado.<\/p>\n<p>(3) Las solicitudes de pago deben abonarse inmediatamente, salvo que se indique lo contrario en el proceso de pedido.<\/p>\n\n<h3>\u00a7 5 Reserva de dominio<\/h3>\n<p>La mercanc\u00eda seguir\u00e1 siendo de nuestra propiedad hasta que hayamos recibido el pago completo.<\/p>\n\n<h3>\u00a7 6 Entrega y env\u00edo<\/h3>\n<p>(1) Las condiciones de entrega, los plazos de entrega y los gastos de env\u00edo figuran en nuestro sitio web, en el apartado \"Pago y env\u00edo\".<\/p>\n<p>(2) En los env\u00edos a pa\u00edses no pertenecientes a la UE, pueden aplicarse derechos de aduana, impuestos o tasas adicionales, que usted, como comprador, deber\u00e1 abonar.<\/p>\n\n<h3>\u00a7 7 Derecho de anulaci\u00f3n<\/h3>\n<p>Por lo general, los consumidores disponen de un derecho legal de cancelaci\u00f3n. Encontrar\u00e1 m\u00e1s informaci\u00f3n en el <a href=\"\/es\/widerruf\/\">Pol\u00edtica de anulaci\u00f3n<\/a>.<\/p>\n<p>El derecho de cancelaci\u00f3n puede quedar excluido en el caso de obras hechas a medida o por encargo (por ejemplo, arte fotogr\u00e1fico firmado, enmarcado o de edici\u00f3n limitada), siempre que la ley lo permita.<\/p>\n\n<h3>\u00a7 8 Garant\u00eda<\/h3>\n<p>Se aplican los derechos de garant\u00eda legales.<\/p>\n<p>Compruebe la mercanc\u00eda inmediatamente despu\u00e9s de recibirla. Por favor, inf\u00f3rmenos sin demora de cualquier defecto evidente - sin que esto sea un requisito previo para sus derechos.<\/p>\n\n<h3>\u00a7 9 Resoluci\u00f3n de litigios \/ Plataforma OS<\/h3>\n<p>La Comisi\u00f3n Europea ofrece una plataforma para la resoluci\u00f3n de litigios en l\u00ednea (OS): <a href=\"https:\/\/ec.europa.eu\/odr\" target=\"_blank\">https:\/\/ec.europa.eu\/odr<\/a><\/p>\n<p>No estamos obligados ni dispuestos a participar en un procedimiento de resoluci\u00f3n de litigios ante una junta arbitral de consumo.<\/p>\n\n<h3>\u00a7 10 Elecci\u00f3n de la ley aplicable<\/h3>\n<p>Se aplicar\u00e1 la legislaci\u00f3n de la Rep\u00fablica Federal de Alemania, con exclusi\u00f3n de la Convenci\u00f3n de las Naciones Unidas sobre los Contratos de Compraventa Internacional de Mercader\u00edas. En el caso de los consumidores, esta elecci\u00f3n de la ley s\u00f3lo se aplicar\u00e1 en la medida en que la protecci\u00f3n otorgada por el pa\u00eds de residencia no sea retirada por disposiciones imperativas.<\/p>\n\n<h2>II Informaci\u00f3n al cliente<\/h2>\n\n<h3>1. informaci\u00f3n sobre el proveedor<\/h3>\n<p>Julian Kirschler<br>\nc\/o Postflex #5210<br>\nEmsdettener Stra\u00dfe 10<br>\n48268 Greven<br>\nAlemania<br>\nTel\u00e9fono: +49 170 2998885<br>\ncorreo electr\u00f3nico: <a href=\"mailto:info@julian-kirschler.com\">info@julian-kirschler.com<\/a><\/p>\n\n<h3>2. lenguaje y almacenamiento de los contratos<\/h3>\n<p>El idioma del contrato es el alem\u00e1n.<\/p>\n<p>El texto completo del contrato no se guarda de forma permanente. Antes de enviar el pedido, puede guardar el texto del contrato utilizando la funci\u00f3n de impresi\u00f3n de su navegador. Una vez recibido el pedido, le enviaremos por correo electr\u00f3nico una confirmaci\u00f3n del pedido con todos los datos pertinentes.<\/p>\n\n<h3>3. informaci\u00f3n sobre la celebraci\u00f3n del contrato<\/h3>\n<p>El contrato se celebra de conformidad con el art\u00edculo 2 de nuestras Condiciones Generales.<\/p>\n\n<h3>4. caracter\u00edsticas esenciales de los productos<\/h3>\n<p>Las principales caracter\u00edsticas de los productos se especifican en la descripci\u00f3n del producto correspondiente en la tienda en l\u00ednea.<\/p>\n\n<h3>5. precios y gastos de env\u00edo<\/h3>\n<p>Todos los precios son precios totales, IVA legal incluido. Los gastos de env\u00edo se indican por separado y corren a cargo del comprador, a menos que se ofrezca env\u00edo gratuito.<\/p>\n<p>Los env\u00edos a pa\u00edses no pertenecientes a la UE pueden conllevar costes adicionales (por ejemplo, derechos de aduana o tasas), de los que usted, como comprador, es responsable.<\/p>\n\n<h3>6. entrega<\/h3>\n<p>La entrega se realizar\u00e1 en la direcci\u00f3n que nos indique, a menos que se acuerde otra cosa. Encontrar\u00e1 m\u00e1s informaci\u00f3n en el apartado \"Pago y env\u00edo\".<\/p>\n<p>En el caso de los consumidores, el riesgo s\u00f3lo se transfiere en el momento de la entrega de la mercanc\u00eda. En el caso de los empresarios, la transferencia del riesgo tiene lugar en el momento de la entrega a la compa\u00f1\u00eda naviera.<\/p>\n\n<h3>7. garant\u00eda<\/h3>\n<p>Se aplicar\u00e1n las disposiciones legales de garant\u00eda de conformidad con el art\u00edculo 8 de estas CGC.<\/p>\n\t\t\t\t<\/div>\n\t\t\t\t<\/div>\n\t\t\t\t\t<\/div>\n\t\t<\/div>\n\t\t\t\t\t<\/div>\n\t\t<\/section>\n\t\t\t\t<\/div>","protected":false},"excerpt":{"rendered":"<p>Allgemeine Gesch\u00e4ftsbedingungen und Kundeninformationen I. Allgemeine Gesch\u00e4ftsbedingungen \u00a7 1 Grundlegende Bestimmungen (1) Die nachstehenden Gesch\u00e4ftsbedingungen gelten f\u00fcr alle Vertr\u00e4ge, die du mit uns als Anbieter (Julian Kirschler) \u00fcber die Internetseite www.julian-kirschler.com abschlie\u00dft. Abweichende Bedingungen des Kunden finden nur Anwendung, wenn wir ihrer Geltung ausdr\u00fccklich zugestimmt haben. (2) Verbraucher im Sinne dieser AGB ist jede nat\u00fcrliche [&hellip;]<\/p>\n","protected":false},"author":1,"featured_media":0,"parent":0,"menu_order":0,"comment_status":"closed","ping_status":"closed","template":"","meta":{"footnotes":""},"class_list":["post-2992","page","type-page","status-publish","hentry"],"yoast_head":"<!-- This site is optimized with the Yoast SEO plugin v27.5 - https:\/\/yoast.com\/product\/yoast-seo-wordpress\/ -->\n<title>AGB\u2019s und Kundeninformationen - Julian Kirschler<\/title>\n<meta name=\"robots\" content=\"noindex, nofollow\" \/>\n<meta property=\"og:locale\" content=\"es_ES\" \/>\n<meta property=\"og:type\" content=\"article\" \/>\n<meta property=\"og:title\" content=\"AGB\u2019s und Kundeninformationen - Julian Kirschler\" \/>\n<meta property=\"og:description\" content=\"Allgemeine Gesch\u00e4ftsbedingungen und Kundeninformationen I. Allgemeine Gesch\u00e4ftsbedingungen \u00a7 1 Grundlegende Bestimmungen (1) Die nachstehenden Gesch\u00e4ftsbedingungen gelten f\u00fcr alle Vertr\u00e4ge, die du mit uns als Anbieter (Julian Kirschler) \u00fcber die Internetseite www.julian-kirschler.com abschlie\u00dft. Abweichende Bedingungen des Kunden finden nur Anwendung, wenn wir ihrer Geltung ausdr\u00fccklich zugestimmt haben. (2) Verbraucher im Sinne dieser AGB ist jede nat\u00fcrliche [&hellip;]\" \/>\n<meta property=\"og:url\" content=\"https:\/\/www.julian-kirschler.com\/es\/agbs-und-kundeninformationen\/\" \/>\n<meta property=\"og:site_name\" content=\"Julian Kirschler\" \/>\n<meta property=\"article:modified_time\" content=\"2025-07-20T22:43:25+00:00\" \/>\n<meta name=\"twitter:card\" content=\"summary_large_image\" \/>\n<meta name=\"twitter:label1\" content=\"Tiempo de lectura\" \/>\n\t<meta name=\"twitter:data1\" content=\"4 minutos\" \/>\n<script type=\"application\/ld+json\" class=\"yoast-schema-graph\">{\"@context\":\"https:\\\/\\\/schema.org\",\"@graph\":[{\"@type\":\"WebPage\",\"@id\":\"https:\\\/\\\/www.julian-kirschler.com\\\/agbs-und-kundeninformationen\\\/\",\"url\":\"https:\\\/\\\/www.julian-kirschler.com\\\/agbs-und-kundeninformationen\\\/\",\"name\":\"AGB\u2019s und Kundeninformationen - Julian Kirschler\",\"isPartOf\":{\"@id\":\"https:\\\/\\\/www.julian-kirschler.com\\\/#website\"},\"datePublished\":\"2024-04-07T01:35:24+00:00\",\"dateModified\":\"2025-07-20T22:43:25+00:00\",\"breadcrumb\":{\"@id\":\"https:\\\/\\\/www.julian-kirschler.com\\\/agbs-und-kundeninformationen\\\/#breadcrumb\"},\"inLanguage\":\"es\",\"potentialAction\":[{\"@type\":\"ReadAction\",\"target\":[\"https:\\\/\\\/www.julian-kirschler.com\\\/agbs-und-kundeninformationen\\\/\"]}]},{\"@type\":\"BreadcrumbList\",\"@id\":\"https:\\\/\\\/www.julian-kirschler.com\\\/agbs-und-kundeninformationen\\\/#breadcrumb\",\"itemListElement\":[{\"@type\":\"ListItem\",\"position\":1,\"name\":\"Home\",\"item\":\"https:\\\/\\\/www.julian-kirschler.com\\\/\"},{\"@type\":\"ListItem\",\"position\":2,\"name\":\"AGB\u2019s und Kundeninformationen\"}]},{\"@type\":\"WebSite\",\"@id\":\"https:\\\/\\\/www.julian-kirschler.com\\\/#website\",\"url\":\"https:\\\/\\\/www.julian-kirschler.com\\\/\",\"name\":\"Julian Kirschler\",\"description\":\"\",\"publisher\":{\"@id\":\"https:\\\/\\\/www.julian-kirschler.com\\\/#organization\"},\"potentialAction\":[{\"@type\":\"SearchAction\",\"target\":{\"@type\":\"EntryPoint\",\"urlTemplate\":\"https:\\\/\\\/www.julian-kirschler.com\\\/?s={search_term_string}\"},\"query-input\":{\"@type\":\"PropertyValueSpecification\",\"valueRequired\":true,\"valueName\":\"search_term_string\"}}],\"inLanguage\":\"es\"},{\"@type\":\"Organization\",\"@id\":\"https:\\\/\\\/www.julian-kirschler.com\\\/#organization\",\"name\":\"Julian Kirschler\",\"url\":\"https:\\\/\\\/www.julian-kirschler.com\\\/\",\"logo\":{\"@type\":\"ImageObject\",\"inLanguage\":\"es\",\"@id\":\"https:\\\/\\\/www.julian-kirschler.com\\\/#\\\/schema\\\/logo\\\/image\\\/\",\"url\":\"https:\\\/\\\/www.julian-kirschler.com\\\/wp-content\\\/uploads\\\/2022\\\/02\\\/cropped-Bildschirmfoto-2022-02-09-um-21.35.57.png\",\"contentUrl\":\"https:\\\/\\\/www.julian-kirschler.com\\\/wp-content\\\/uploads\\\/2022\\\/02\\\/cropped-Bildschirmfoto-2022-02-09-um-21.35.57.png\",\"width\":776,\"height\":104,\"caption\":\"Julian Kirschler\"},\"image\":{\"@id\":\"https:\\\/\\\/www.julian-kirschler.com\\\/#\\\/schema\\\/logo\\\/image\\\/\"}}]}<\/script>\n<!-- \/ Yoast SEO plugin. -->","yoast_head_json":{"title":"Condiciones generales e informaci\u00f3n al cliente - Julian Kirschler","robots":{"index":"noindex","follow":"nofollow"},"og_locale":"es_ES","og_type":"article","og_title":"AGB\u2019s und Kundeninformationen - Julian Kirschler","og_description":"Allgemeine Gesch\u00e4ftsbedingungen und Kundeninformationen I. Allgemeine Gesch\u00e4ftsbedingungen \u00a7 1 Grundlegende Bestimmungen (1) Die nachstehenden Gesch\u00e4ftsbedingungen gelten f\u00fcr alle Vertr\u00e4ge, die du mit uns als Anbieter (Julian Kirschler) \u00fcber die Internetseite www.julian-kirschler.com abschlie\u00dft. Abweichende Bedingungen des Kunden finden nur Anwendung, wenn wir ihrer Geltung ausdr\u00fccklich zugestimmt haben. (2) Verbraucher im Sinne dieser AGB ist jede nat\u00fcrliche [&hellip;]","og_url":"https:\/\/www.julian-kirschler.com\/es\/agbs-und-kundeninformationen\/","og_site_name":"Julian Kirschler","article_modified_time":"2025-07-20T22:43:25+00:00","twitter_card":"summary_large_image","twitter_misc":{"Tiempo de lectura":"4 minutos"},"schema":{"@context":"https:\/\/schema.org","@graph":[{"@type":"WebPage","@id":"https:\/\/www.julian-kirschler.com\/agbs-und-kundeninformationen\/","url":"https:\/\/www.julian-kirschler.com\/agbs-und-kundeninformationen\/","name":"Condiciones generales e informaci\u00f3n al cliente - Julian Kirschler","isPartOf":{"@id":"https:\/\/www.julian-kirschler.com\/#website"},"datePublished":"2024-04-07T01:35:24+00:00","dateModified":"2025-07-20T22:43:25+00:00","breadcrumb":{"@id":"https:\/\/www.julian-kirschler.com\/agbs-und-kundeninformationen\/#breadcrumb"},"inLanguage":"es","potentialAction":[{"@type":"ReadAction","target":["https:\/\/www.julian-kirschler.com\/agbs-und-kundeninformationen\/"]}]},{"@type":"BreadcrumbList","@id":"https:\/\/www.julian-kirschler.com\/agbs-und-kundeninformationen\/#breadcrumb","itemListElement":[{"@type":"ListItem","position":1,"name":"Home","item":"https:\/\/www.julian-kirschler.com\/"},{"@type":"ListItem","position":2,"name":"AGB\u2019s und Kundeninformationen"}]},{"@type":"WebSite","@id":"https:\/\/www.julian-kirschler.com\/#website","url":"https:\/\/www.julian-kirschler.com\/","name":"Julian Kirschler","description":"","publisher":{"@id":"https:\/\/www.julian-kirschler.com\/#organization"},"potentialAction":[{"@type":"SearchAction","target":{"@type":"EntryPoint","urlTemplate":"https:\/\/www.julian-kirschler.com\/?s={search_term_string}"},"query-input":{"@type":"PropertyValueSpecification","valueRequired":true,"valueName":"search_term_string"}}],"inLanguage":"es"},{"@type":"Organization","@id":"https:\/\/www.julian-kirschler.com\/#organization","name":"Julian Kirschler","url":"https:\/\/www.julian-kirschler.com\/","logo":{"@type":"ImageObject","inLanguage":"es","@id":"https:\/\/www.julian-kirschler.com\/#\/schema\/logo\/image\/","url":"https:\/\/www.julian-kirschler.com\/wp-content\/uploads\/2022\/02\/cropped-Bildschirmfoto-2022-02-09-um-21.35.57.png","contentUrl":"https:\/\/www.julian-kirschler.com\/wp-content\/uploads\/2022\/02\/cropped-Bildschirmfoto-2022-02-09-um-21.35.57.png","width":776,"height":104,"caption":"Julian Kirschler"},"image":{"@id":"https:\/\/www.julian-kirschler.com\/#\/schema\/logo\/image\/"}}]}},"_links":{"self":[{"href":"https:\/\/www.julian-kirschler.com\/es\/wp-json\/wp\/v2\/pages\/2992","targetHints":{"allow":["GET"]}}],"collection":[{"href":"https:\/\/www.julian-kirschler.com\/es\/wp-json\/wp\/v2\/pages"}],"about":[{"href":"https:\/\/www.julian-kirschler.com\/es\/wp-json\/wp\/v2\/types\/page"}],"author":[{"embeddable":true,"href":"https:\/\/www.julian-kirschler.com\/es\/wp-json\/wp\/v2\/users\/1"}],"replies":[{"embeddable":true,"href":"https:\/\/www.julian-kirschler.com\/es\/wp-json\/wp\/v2\/comments?post=2992"}],"version-history":[{"count":0,"href":"https:\/\/www.julian-kirschler.com\/es\/wp-json\/wp\/v2\/pages\/2992\/revisions"}],"wp:attachment":[{"href":"https:\/\/www.julian-kirschler.com\/es\/wp-json\/wp\/v2\/media?parent=2992"}],"curies":[{"name":"wp","href":"https:\/\/api.w.org\/{rel}","templated":true}]}}