{"id":218,"date":"2022-02-10T00:57:00","date_gmt":"2022-02-09T23:57:00","guid":{"rendered":"https:\/\/julian-kirschler.com\/?page_id=218"},"modified":"2024-06-30T13:38:57","modified_gmt":"2024-06-30T11:38:57","slug":"julian-kirschler-bio","status":"publish","type":"page","link":"https:\/\/www.julian-kirschler.com\/es\/julian-kirschler-bio\/","title":{"rendered":"Julian Kirschler Biograf\u00eda"},"content":{"rendered":"<div data-elementor-type=\"wp-page\" data-elementor-id=\"218\" class=\"elementor elementor-218\" data-elementor-post-type=\"page\">\n\t\t\t\t\t\t<section data-particle_enable=\"false\" data-particle-mobile-disabled=\"false\" class=\"elementor-section elementor-top-section elementor-element elementor-element-dcbe281 elementor-section-boxed elementor-section-height-default elementor-section-height-default\" data-id=\"dcbe281\" data-element_type=\"section\" data-e-type=\"section\">\n\t\t\t\t\t\t<div class=\"elementor-container elementor-column-gap-default\">\n\t\t\t\t\t<div class=\"elementor-column elementor-col-100 elementor-top-column elementor-element elementor-element-d24e59a\" data-id=\"d24e59a\" data-element_type=\"column\" data-e-type=\"column\">\n\t\t\t<div class=\"elementor-widget-wrap elementor-element-populated\">\n\t\t\t\t\t\t<div class=\"elementor-element elementor-element-7f4903e elementor-widget elementor-widget-heading\" data-id=\"7f4903e\" data-element_type=\"widget\" data-e-type=\"widget\" data-widget_type=\"heading.default\">\n\t\t\t\t<div class=\"elementor-widget-container\">\n\t\t\t\t\t<h2 class=\"elementor-heading-title elementor-size-default\"><b>Julian Kirschler<\/b><\/h2>\t\t\t\t<\/div>\n\t\t\t\t<\/div>\n\t\t\t\t<div class=\"elementor-element elementor-element-5f04fdc elementor-widget elementor-widget-heading\" data-id=\"5f04fdc\" data-element_type=\"widget\" data-e-type=\"widget\" data-widget_type=\"heading.default\">\n\t\t\t\t<div class=\"elementor-widget-container\">\n\t\t\t\t\t<h2 class=\"elementor-heading-title elementor-size-default\">nacido en 1964, vive y trabaja<br>en Pforzheim y Berl\u00edn<\/h2>\t\t\t\t<\/div>\n\t\t\t\t<\/div>\n\t\t\t\t<div class=\"elementor-element elementor-element-7ed3917 elementor-widget elementor-widget-text-editor\" data-id=\"7ed3917\" data-element_type=\"widget\" data-e-type=\"widget\" data-widget_type=\"text-editor.default\">\n\t\t\t\t<div class=\"elementor-widget-container\">\n\t\t\t\t\t\t\t\t\t<div class=\"page\" title=\"P\u00e1gina 8\"><div class=\"section\"><div class=\"layoutArea\"><div class=\"column\"><p>Julian Kirschler se licenci\u00f3 en el Bayerische Staatslehranstalt f\u00fcr Photographie de M\u00fanich. A continuaci\u00f3n trabaj\u00f3 como ayudante de varios fot\u00f3grafos, entre ellos el conocido reportero gr\u00e1fico de series de carreras internacionales Rainer Schlegelmilch. La experiencia que adquiri\u00f3 fotografiando desde un coche en marcha ha moldeado su m\u00e9todo fotogr\u00e1fico hasta el d\u00eda de hoy. En la actualidad, Julian Kirschler toma sus FLOWshots desde helic\u00f3pteros, parapentes, barcos, coches o pedelecs, entre otros lugares. Desde 2018, trabaja exclusivamente en la realizaci\u00f3n de conceptos e instalaciones art\u00edsticas y expositivas novedosas e inmersivas. Para ello, puso en marcha la plataforma art\u00edstica YOU ARE HERE:@\/\/\/wolken.kuckucks.heim | cloud.cuckoo.land LAB, que realiza fotograf\u00edas, v\u00eddeos e instalaciones digitales con paisajes sonoros especialmente compuestos. Su trabajo como fot\u00f3grafo le ha llevado por toda Europa en los \u00faltimos a\u00f1os, desde Islandia, al bosque de Bregenz, a Cornualles... y a las metr\u00f3polis de \u00c1msterdam, Par\u00eds, Viena, Hamburgo, Berl\u00edn y otros numerosos destinos.<\/p><\/div><\/div><\/div><\/div>\t\t\t\t\t\t\t\t<\/div>\n\t\t\t\t<\/div>\n\t\t\t\t\t<\/div>\n\t\t<\/div>\n\t\t\t\t\t<\/div>\n\t\t<\/section>\n\t\t\t\t<section data-particle_enable=\"false\" data-particle-mobile-disabled=\"false\" class=\"elementor-section elementor-top-section elementor-element elementor-element-4402f1a elementor-section-boxed elementor-section-height-default elementor-section-height-default\" data-id=\"4402f1a\" data-element_type=\"section\" data-e-type=\"section\">\n\t\t\t\t\t\t<div class=\"elementor-container elementor-column-gap-default\">\n\t\t\t\t\t<div class=\"elementor-column elementor-col-100 elementor-top-column elementor-element elementor-element-6867eaf\" data-id=\"6867eaf\" data-element_type=\"column\" data-e-type=\"column\">\n\t\t\t<div class=\"elementor-widget-wrap elementor-element-populated\">\n\t\t\t\t\t\t<div class=\"elementor-element elementor-element-4f816c8 elementor-widget elementor-widget-spacer\" data-id=\"4f816c8\" data-element_type=\"widget\" data-e-type=\"widget\" data-widget_type=\"spacer.default\">\n\t\t\t\t<div class=\"elementor-widget-container\">\n\t\t\t\t\t\t\t<div class=\"elementor-spacer\">\n\t\t\t<div class=\"elementor-spacer-inner\"><\/div>\n\t\t<\/div>\n\t\t\t\t\t\t<\/div>\n\t\t\t\t<\/div>\n\t\t\t\t\t<\/div>\n\t\t<\/div>\n\t\t\t\t\t<\/div>\n\t\t<\/section>\n\t\t\t\t<\/div>","protected":false},"excerpt":{"rendered":"<p>Julian Kirschler geb.1964, lebt und arbeitetin Pforzheim und Berlin Julian Kirschler ist Absolvent der Bayerischen Staatslehranstalt f\u00fcr Photographie, M\u00fcnchen. Daran schlossen sich Assistenzen bei mehreren Fotografen an, darunter dem renommierten Fotoreporter f\u00fcr internationale Rennserien, Rainer Schlegelmilch. Die damals gewonnene Erfahrung, aus einem fahrenden Auto heraus zu fotografieren, pr\u00e4gte seine Methode zu Fotografieren bis jetzt. Heute [&hellip;]<\/p>\n","protected":false},"author":1,"featured_media":0,"parent":0,"menu_order":0,"comment_status":"closed","ping_status":"closed","template":"","meta":{"footnotes":""},"class_list":["post-218","page","type-page","status-publish","hentry"],"yoast_head":"<!-- This site is optimized with the Yoast SEO plugin v27.4 - https:\/\/yoast.com\/product\/yoast-seo-wordpress\/ -->\n<title>Julian Kirschler Bio - Julian Kirschler<\/title>\n<meta name=\"description\" content=\"Julian Kirschler ist Absolvent der Bayerischen Staatslehranstalt f\u00fcr Photographie, M\u00fcnchen. Daran schlossen sich Assistenzen bei mehreren...\" \/>\n<meta name=\"robots\" content=\"index, follow, max-snippet:-1, max-image-preview:large, max-video-preview:-1\" \/>\n<link rel=\"canonical\" href=\"https:\/\/www.julian-kirschler.com\/es\/julian-kirschler-bio\/\" \/>\n<meta property=\"og:locale\" content=\"es_ES\" \/>\n<meta property=\"og:type\" content=\"article\" \/>\n<meta property=\"og:title\" content=\"Julian Kirschler Bio - Julian Kirschler\" \/>\n<meta property=\"og:description\" content=\"Julian Kirschler ist Absolvent der Bayerischen Staatslehranstalt f\u00fcr Photographie, M\u00fcnchen. Daran schlossen sich Assistenzen bei mehreren...\" \/>\n<meta property=\"og:url\" content=\"https:\/\/www.julian-kirschler.com\/es\/julian-kirschler-bio\/\" \/>\n<meta property=\"og:site_name\" content=\"Julian Kirschler\" \/>\n<meta property=\"article:modified_time\" content=\"2024-06-30T11:38:57+00:00\" \/>\n<meta name=\"twitter:card\" content=\"summary_large_image\" \/>\n<meta name=\"twitter:label1\" content=\"Tiempo de lectura\" \/>\n\t<meta name=\"twitter:data1\" content=\"1 minuto\" \/>\n<script type=\"application\/ld+json\" class=\"yoast-schema-graph\">{\"@context\":\"https:\\\/\\\/schema.org\",\"@graph\":[{\"@type\":\"WebPage\",\"@id\":\"https:\\\/\\\/www.julian-kirschler.com\\\/julian-kirschler-bio\\\/\",\"url\":\"https:\\\/\\\/www.julian-kirschler.com\\\/julian-kirschler-bio\\\/\",\"name\":\"Julian Kirschler Bio - Julian Kirschler\",\"isPartOf\":{\"@id\":\"https:\\\/\\\/www.julian-kirschler.com\\\/#website\"},\"datePublished\":\"2022-02-09T23:57:00+00:00\",\"dateModified\":\"2024-06-30T11:38:57+00:00\",\"description\":\"Julian Kirschler ist Absolvent der Bayerischen Staatslehranstalt f\u00fcr Photographie, M\u00fcnchen. Daran schlossen sich Assistenzen bei mehreren...\",\"breadcrumb\":{\"@id\":\"https:\\\/\\\/www.julian-kirschler.com\\\/julian-kirschler-bio\\\/#breadcrumb\"},\"inLanguage\":\"es\",\"potentialAction\":[{\"@type\":\"ReadAction\",\"target\":[\"https:\\\/\\\/www.julian-kirschler.com\\\/julian-kirschler-bio\\\/\"]}]},{\"@type\":\"BreadcrumbList\",\"@id\":\"https:\\\/\\\/www.julian-kirschler.com\\\/julian-kirschler-bio\\\/#breadcrumb\",\"itemListElement\":[{\"@type\":\"ListItem\",\"position\":1,\"name\":\"Home\",\"item\":\"https:\\\/\\\/www.julian-kirschler.com\\\/\"},{\"@type\":\"ListItem\",\"position\":2,\"name\":\"Julian Kirschler Bio\"}]},{\"@type\":\"WebSite\",\"@id\":\"https:\\\/\\\/www.julian-kirschler.com\\\/#website\",\"url\":\"https:\\\/\\\/www.julian-kirschler.com\\\/\",\"name\":\"Julian Kirschler\",\"description\":\"\",\"publisher\":{\"@id\":\"https:\\\/\\\/www.julian-kirschler.com\\\/#organization\"},\"potentialAction\":[{\"@type\":\"SearchAction\",\"target\":{\"@type\":\"EntryPoint\",\"urlTemplate\":\"https:\\\/\\\/www.julian-kirschler.com\\\/?s={search_term_string}\"},\"query-input\":{\"@type\":\"PropertyValueSpecification\",\"valueRequired\":true,\"valueName\":\"search_term_string\"}}],\"inLanguage\":\"es\"},{\"@type\":\"Organization\",\"@id\":\"https:\\\/\\\/www.julian-kirschler.com\\\/#organization\",\"name\":\"Julian Kirschler\",\"url\":\"https:\\\/\\\/www.julian-kirschler.com\\\/\",\"logo\":{\"@type\":\"ImageObject\",\"inLanguage\":\"es\",\"@id\":\"https:\\\/\\\/www.julian-kirschler.com\\\/#\\\/schema\\\/logo\\\/image\\\/\",\"url\":\"https:\\\/\\\/www.julian-kirschler.com\\\/wp-content\\\/uploads\\\/2022\\\/02\\\/cropped-Bildschirmfoto-2022-02-09-um-21.35.57.png\",\"contentUrl\":\"https:\\\/\\\/www.julian-kirschler.com\\\/wp-content\\\/uploads\\\/2022\\\/02\\\/cropped-Bildschirmfoto-2022-02-09-um-21.35.57.png\",\"width\":776,\"height\":104,\"caption\":\"Julian Kirschler\"},\"image\":{\"@id\":\"https:\\\/\\\/www.julian-kirschler.com\\\/#\\\/schema\\\/logo\\\/image\\\/\"}}]}<\/script>\n<!-- \/ Yoast SEO plugin. -->","yoast_head_json":{"title":"Biograf\u00eda de Julian Kirschler - Julian Kirschler","description":"Julian Kirschler se licenci\u00f3 en el Bayerische Staatslehranstalt f\u00fcr Photographie de M\u00fanich. A continuaci\u00f3n, trabaj\u00f3 como ayudante en...","robots":{"index":"index","follow":"follow","max-snippet":"max-snippet:-1","max-image-preview":"max-image-preview:large","max-video-preview":"max-video-preview:-1"},"canonical":"https:\/\/www.julian-kirschler.com\/es\/julian-kirschler-bio\/","og_locale":"es_ES","og_type":"article","og_title":"Julian Kirschler Bio - Julian Kirschler","og_description":"Julian Kirschler ist Absolvent der Bayerischen Staatslehranstalt f\u00fcr Photographie, M\u00fcnchen. Daran schlossen sich Assistenzen bei mehreren...","og_url":"https:\/\/www.julian-kirschler.com\/es\/julian-kirschler-bio\/","og_site_name":"Julian Kirschler","article_modified_time":"2024-06-30T11:38:57+00:00","twitter_card":"summary_large_image","twitter_misc":{"Tiempo de lectura":"1 minuto"},"schema":{"@context":"https:\/\/schema.org","@graph":[{"@type":"WebPage","@id":"https:\/\/www.julian-kirschler.com\/julian-kirschler-bio\/","url":"https:\/\/www.julian-kirschler.com\/julian-kirschler-bio\/","name":"Biograf\u00eda de Julian Kirschler - Julian Kirschler","isPartOf":{"@id":"https:\/\/www.julian-kirschler.com\/#website"},"datePublished":"2022-02-09T23:57:00+00:00","dateModified":"2024-06-30T11:38:57+00:00","description":"Julian Kirschler se licenci\u00f3 en el Bayerische Staatslehranstalt f\u00fcr Photographie de M\u00fanich. A continuaci\u00f3n, trabaj\u00f3 como ayudante en...","breadcrumb":{"@id":"https:\/\/www.julian-kirschler.com\/julian-kirschler-bio\/#breadcrumb"},"inLanguage":"es","potentialAction":[{"@type":"ReadAction","target":["https:\/\/www.julian-kirschler.com\/julian-kirschler-bio\/"]}]},{"@type":"BreadcrumbList","@id":"https:\/\/www.julian-kirschler.com\/julian-kirschler-bio\/#breadcrumb","itemListElement":[{"@type":"ListItem","position":1,"name":"Home","item":"https:\/\/www.julian-kirschler.com\/"},{"@type":"ListItem","position":2,"name":"Julian Kirschler Bio"}]},{"@type":"WebSite","@id":"https:\/\/www.julian-kirschler.com\/#website","url":"https:\/\/www.julian-kirschler.com\/","name":"Julian Kirschler","description":"","publisher":{"@id":"https:\/\/www.julian-kirschler.com\/#organization"},"potentialAction":[{"@type":"SearchAction","target":{"@type":"EntryPoint","urlTemplate":"https:\/\/www.julian-kirschler.com\/?s={search_term_string}"},"query-input":{"@type":"PropertyValueSpecification","valueRequired":true,"valueName":"search_term_string"}}],"inLanguage":"es"},{"@type":"Organization","@id":"https:\/\/www.julian-kirschler.com\/#organization","name":"Julian Kirschler","url":"https:\/\/www.julian-kirschler.com\/","logo":{"@type":"ImageObject","inLanguage":"es","@id":"https:\/\/www.julian-kirschler.com\/#\/schema\/logo\/image\/","url":"https:\/\/www.julian-kirschler.com\/wp-content\/uploads\/2022\/02\/cropped-Bildschirmfoto-2022-02-09-um-21.35.57.png","contentUrl":"https:\/\/www.julian-kirschler.com\/wp-content\/uploads\/2022\/02\/cropped-Bildschirmfoto-2022-02-09-um-21.35.57.png","width":776,"height":104,"caption":"Julian Kirschler"},"image":{"@id":"https:\/\/www.julian-kirschler.com\/#\/schema\/logo\/image\/"}}]}},"_links":{"self":[{"href":"https:\/\/www.julian-kirschler.com\/es\/wp-json\/wp\/v2\/pages\/218","targetHints":{"allow":["GET"]}}],"collection":[{"href":"https:\/\/www.julian-kirschler.com\/es\/wp-json\/wp\/v2\/pages"}],"about":[{"href":"https:\/\/www.julian-kirschler.com\/es\/wp-json\/wp\/v2\/types\/page"}],"author":[{"embeddable":true,"href":"https:\/\/www.julian-kirschler.com\/es\/wp-json\/wp\/v2\/users\/1"}],"replies":[{"embeddable":true,"href":"https:\/\/www.julian-kirschler.com\/es\/wp-json\/wp\/v2\/comments?post=218"}],"version-history":[{"count":0,"href":"https:\/\/www.julian-kirschler.com\/es\/wp-json\/wp\/v2\/pages\/218\/revisions"}],"wp:attachment":[{"href":"https:\/\/www.julian-kirschler.com\/es\/wp-json\/wp\/v2\/media?parent=218"}],"curies":[{"name":"wp","href":"https:\/\/api.w.org\/{rel}","templated":true}]}}