{"id":214,"date":"2022-02-10T00:54:03","date_gmt":"2022-02-09T23:54:03","guid":{"rendered":"https:\/\/julian-kirschler.com\/?page_id=214"},"modified":"2025-11-21T22:37:56","modified_gmt":"2025-11-21T21:37:56","slug":"foto-serien-high-noon","status":"publish","type":"page","link":"https:\/\/www.julian-kirschler.com\/es\/foto-serien-high-noon\/","title":{"rendered":"Serie fotogr\u00e1fica HIGH NOON"},"content":{"rendered":"<div data-elementor-type=\"wp-page\" data-elementor-id=\"214\" class=\"elementor elementor-214\" data-elementor-post-type=\"page\">\n\t\t\t\t<div data-particle_enable=\"false\" data-particle-mobile-disabled=\"false\" class=\"elementor-element elementor-element-f6dbe2d e-flex e-con-boxed e-con e-parent\" data-id=\"f6dbe2d\" data-element_type=\"container\" data-e-type=\"container\">\n\t\t\t\t\t<div class=\"e-con-inner\">\n\t\t<div data-particle_enable=\"false\" data-particle-mobile-disabled=\"false\" class=\"elementor-element elementor-element-c944279 e-con-full e-flex e-con e-child\" data-id=\"c944279\" data-element_type=\"container\" data-e-type=\"container\">\n\t\t\t\t<div class=\"elementor-element elementor-element-5ba4ccc elementor-widget elementor-widget-heading\" data-id=\"5ba4ccc\" data-element_type=\"widget\" data-e-type=\"widget\" data-widget_type=\"heading.default\">\n\t\t\t\t<div class=\"elementor-widget-container\">\n\t\t\t\t\t<h2 class=\"elementor-heading-title elementor-size-default\">Serie fotogr\u00e1fica<br>High Noon<\/h2>\t\t\t\t<\/div>\n\t\t\t\t<\/div>\n\t\t\t\t<div class=\"elementor-element elementor-element-954b8b6 elementor-widget elementor-widget-text-editor\" data-id=\"954b8b6\" data-element_type=\"widget\" data-e-type=\"widget\" data-widget_type=\"text-editor.default\">\n\t\t\t\t<div class=\"elementor-widget-container\">\n\t\t\t\t\t\t\t\t\t<div class=\"page\" title=\"P\u00e1gina 8\"><div class=\"section\"><div class=\"layoutArea\"><div class=\"column\"><div class=\"page\" title=\"P\u00e1gina 5\"><div class=\"section\"><div class=\"layoutArea\"><div class=\"column\"><div class=\"\"><p>Una colorida \u201episcina de diversi\u00f3n\u201c a las afueras de Berl\u00edn. Un tiovivo infantil haciendo sus solitarias rondas frente al lujoso Hotel Savoy de Florencia, la magn\u00edfica avenida Gran V\u00eda de Madrid, fotografiada en medio de masas de nieve, el vest\u00edbulo de facturaci\u00f3n de la Terminal 5 del aeropuerto londinense de HEATHROW, completamente vac\u00edo de pasajeros y personal de tierra.<\/p><p>Los paisajes urbanos dist\u00f3picos de la \u00e9poca de la pandemia del fot\u00f3grafo y artista Julian Kirschler muestran ajetreadas ciudades europeas en tiempos normales, pero aqu\u00ed sin gente en absoluto. Julian Kirschler lleva trabajando en este grupo de m\u00e1s de 300 fotograf\u00edas desde marzo de 2020. A principios de 2022 se a\u00f1adieron nuevas obras de Par\u00eds y \u00c1msterdam. En 2025, una nueva colaboraci\u00f3n con un fot\u00f3grafo neoyorquino a\u00f1adir\u00e1 por primera vez motivos de Nueva York al grupo de obras.<\/p><\/div><\/div><\/div><\/div><\/div><\/div><\/div><\/div><\/div>\t\t\t\t\t\t\t\t<\/div>\n\t\t\t\t<\/div>\n\t\t\t\t<div class=\"elementor-element elementor-element-9e2e880 elementor-align-right elementor-widget elementor-widget-button\" data-id=\"9e2e880\" data-element_type=\"widget\" data-e-type=\"widget\" data-widget_type=\"button.default\">\n\t\t\t\t<div class=\"elementor-widget-container\">\n\t\t\t\t\t\t\t\t\t<div class=\"elementor-button-wrapper\">\n\t\t\t\t\t<a class=\"elementor-button elementor-button-link elementor-size-sm\" href=\"https:\/\/www.julian-kirschler.com\/es\/high-noon-galerie\/\">\n\t\t\t\t\t\t<span class=\"elementor-button-content-wrapper\">\n\t\t\t\t\t\t<span class=\"elementor-button-icon\">\n\t\t\t\t<i aria-hidden=\"true\" class=\"fas fa-arrow-right\"><\/i>\t\t\t<\/span>\n\t\t\t\t\t\t\t\t\t<span class=\"elementor-button-text\">A la galer\u00eda de im\u00e1genes de High Noon<\/span>\n\t\t\t\t\t<\/span>\n\t\t\t\t\t<\/a>\n\t\t\t\t<\/div>\n\t\t\t\t\t\t\t\t<\/div>\n\t\t\t\t<\/div>\n\t\t\t\t<\/div>\n\t\t\t\t\t<\/div>\n\t\t\t\t<\/div>\n\t\t\t\t<section data-particle_enable=\"false\" data-particle-mobile-disabled=\"false\" class=\"elementor-section elementor-top-section elementor-element elementor-element-4095621 elementor-section-boxed elementor-section-height-default elementor-section-height-default\" data-id=\"4095621\" data-element_type=\"section\" data-e-type=\"section\">\n\t\t\t\t\t\t<div class=\"elementor-container elementor-column-gap-default\">\n\t\t\t\t\t<div class=\"elementor-column elementor-col-100 elementor-top-column elementor-element elementor-element-a897905\" data-id=\"a897905\" data-element_type=\"column\" data-e-type=\"column\">\n\t\t\t<div class=\"elementor-widget-wrap elementor-element-populated\">\n\t\t\t\t\t\t<div class=\"elementor-element elementor-element-3980197 elementor-widget elementor-widget-spacer\" data-id=\"3980197\" data-element_type=\"widget\" data-e-type=\"widget\" data-widget_type=\"spacer.default\">\n\t\t\t\t<div class=\"elementor-widget-container\">\n\t\t\t\t\t\t\t<div class=\"elementor-spacer\">\n\t\t\t<div class=\"elementor-spacer-inner\"><\/div>\n\t\t<\/div>\n\t\t\t\t\t\t<\/div>\n\t\t\t\t<\/div>\n\t\t\t\t\t<\/div>\n\t\t<\/div>\n\t\t\t\t\t<\/div>\n\t\t<\/section>\n\t\t\t\t<\/div>","protected":false},"excerpt":{"rendered":"<p>Foto-SerieHigh Noon Ein buntes \u201eSpa\u00dfbad\u201c au\u00dferhalb von Berlin.\u00a0Ein Kinderkarussell, das einsam seine Runden dreht, vor dem Luxus-Hotel Savoy in Florenz, die Prachtavenue Gran Via in Madrid,\u00a0inmitten der zusammengeschobenen Schneemassen stehend fotografiert\u00a0, die Check-in-Halle des Terminal 5 des Londoner Flughafens HEATHROW &#8211; ganz ohne Passagiere und Bodenpersonal. Die dystopischen Stadtlandschaften aus der Pandemiezeit des Fotografen und [&hellip;]<\/p>\n","protected":false},"author":1,"featured_media":0,"parent":0,"menu_order":0,"comment_status":"closed","ping_status":"closed","template":"","meta":{"footnotes":""},"class_list":["post-214","page","type-page","status-publish","hentry"],"yoast_head":"<!-- This site is optimized with the Yoast SEO plugin v27.5 - https:\/\/yoast.com\/product\/yoast-seo-wordpress\/ -->\n<title>Foto-Serie HIGH NOON - Julian Kirschler<\/title>\n<meta name=\"description\" content=\"Ein buntes \u201eSpa\u00dfbad\u201c au\u00dferhalb von Berlin. Ein Kinderkarussell, das einsam seine Runden dreht, vor dem Luxus-Hotel Savoy in Florenz...\" \/>\n<meta name=\"robots\" content=\"index, follow, max-snippet:-1, max-image-preview:large, max-video-preview:-1\" \/>\n<link rel=\"canonical\" href=\"https:\/\/www.julian-kirschler.com\/es\/foto-serien-high-noon\/\" \/>\n<meta property=\"og:locale\" content=\"es_ES\" \/>\n<meta property=\"og:type\" content=\"article\" \/>\n<meta property=\"og:title\" content=\"Foto-Serie HIGH NOON - Julian Kirschler\" \/>\n<meta property=\"og:description\" content=\"Ein buntes \u201eSpa\u00dfbad\u201c au\u00dferhalb von Berlin. Ein Kinderkarussell, das einsam seine Runden dreht, vor dem Luxus-Hotel Savoy in Florenz...\" \/>\n<meta property=\"og:url\" content=\"https:\/\/www.julian-kirschler.com\/es\/foto-serien-high-noon\/\" \/>\n<meta property=\"og:site_name\" content=\"Julian Kirschler\" \/>\n<meta property=\"article:modified_time\" content=\"2025-11-21T21:37:56+00:00\" \/>\n<meta name=\"twitter:card\" content=\"summary_large_image\" \/>\n<meta name=\"twitter:label1\" content=\"Tiempo de lectura\" \/>\n\t<meta name=\"twitter:data1\" content=\"1 minuto\" \/>\n<script type=\"application\/ld+json\" class=\"yoast-schema-graph\">{\"@context\":\"https:\\\/\\\/schema.org\",\"@graph\":[{\"@type\":\"WebPage\",\"@id\":\"https:\\\/\\\/www.julian-kirschler.com\\\/foto-serien-high-noon\\\/\",\"url\":\"https:\\\/\\\/www.julian-kirschler.com\\\/foto-serien-high-noon\\\/\",\"name\":\"Foto-Serie HIGH NOON - Julian Kirschler\",\"isPartOf\":{\"@id\":\"https:\\\/\\\/www.julian-kirschler.com\\\/#website\"},\"datePublished\":\"2022-02-09T23:54:03+00:00\",\"dateModified\":\"2025-11-21T21:37:56+00:00\",\"description\":\"Ein buntes \u201eSpa\u00dfbad\u201c au\u00dferhalb von Berlin. Ein Kinderkarussell, das einsam seine Runden dreht, vor dem Luxus-Hotel Savoy in Florenz...\",\"breadcrumb\":{\"@id\":\"https:\\\/\\\/www.julian-kirschler.com\\\/foto-serien-high-noon\\\/#breadcrumb\"},\"inLanguage\":\"es\",\"potentialAction\":[{\"@type\":\"ReadAction\",\"target\":[\"https:\\\/\\\/www.julian-kirschler.com\\\/foto-serien-high-noon\\\/\"]}]},{\"@type\":\"BreadcrumbList\",\"@id\":\"https:\\\/\\\/www.julian-kirschler.com\\\/foto-serien-high-noon\\\/#breadcrumb\",\"itemListElement\":[{\"@type\":\"ListItem\",\"position\":1,\"name\":\"Home\",\"item\":\"https:\\\/\\\/www.julian-kirschler.com\\\/\"},{\"@type\":\"ListItem\",\"position\":2,\"name\":\"Foto-Serie HIGH NOON\"}]},{\"@type\":\"WebSite\",\"@id\":\"https:\\\/\\\/www.julian-kirschler.com\\\/#website\",\"url\":\"https:\\\/\\\/www.julian-kirschler.com\\\/\",\"name\":\"Julian Kirschler\",\"description\":\"\",\"publisher\":{\"@id\":\"https:\\\/\\\/www.julian-kirschler.com\\\/#organization\"},\"potentialAction\":[{\"@type\":\"SearchAction\",\"target\":{\"@type\":\"EntryPoint\",\"urlTemplate\":\"https:\\\/\\\/www.julian-kirschler.com\\\/?s={search_term_string}\"},\"query-input\":{\"@type\":\"PropertyValueSpecification\",\"valueRequired\":true,\"valueName\":\"search_term_string\"}}],\"inLanguage\":\"es\"},{\"@type\":\"Organization\",\"@id\":\"https:\\\/\\\/www.julian-kirschler.com\\\/#organization\",\"name\":\"Julian Kirschler\",\"url\":\"https:\\\/\\\/www.julian-kirschler.com\\\/\",\"logo\":{\"@type\":\"ImageObject\",\"inLanguage\":\"es\",\"@id\":\"https:\\\/\\\/www.julian-kirschler.com\\\/#\\\/schema\\\/logo\\\/image\\\/\",\"url\":\"https:\\\/\\\/www.julian-kirschler.com\\\/wp-content\\\/uploads\\\/2022\\\/02\\\/cropped-Bildschirmfoto-2022-02-09-um-21.35.57.png\",\"contentUrl\":\"https:\\\/\\\/www.julian-kirschler.com\\\/wp-content\\\/uploads\\\/2022\\\/02\\\/cropped-Bildschirmfoto-2022-02-09-um-21.35.57.png\",\"width\":776,\"height\":104,\"caption\":\"Julian Kirschler\"},\"image\":{\"@id\":\"https:\\\/\\\/www.julian-kirschler.com\\\/#\\\/schema\\\/logo\\\/image\\\/\"}}]}<\/script>\n<!-- \/ Yoast SEO plugin. -->","yoast_head_json":{"title":"Serie fotogr\u00e1fica HIGH NOON - Julian Kirschler","description":"Una colorida \"piscina de diversi\u00f3n\" a las afueras de Berl\u00edn. Un carrusel infantil hace sus solitarias rondas, frente al lujoso Hotel Savoy de Florencia...","robots":{"index":"index","follow":"follow","max-snippet":"max-snippet:-1","max-image-preview":"max-image-preview:large","max-video-preview":"max-video-preview:-1"},"canonical":"https:\/\/www.julian-kirschler.com\/es\/foto-serien-high-noon\/","og_locale":"es_ES","og_type":"article","og_title":"Foto-Serie HIGH NOON - Julian Kirschler","og_description":"Ein buntes \u201eSpa\u00dfbad\u201c au\u00dferhalb von Berlin. Ein Kinderkarussell, das einsam seine Runden dreht, vor dem Luxus-Hotel Savoy in Florenz...","og_url":"https:\/\/www.julian-kirschler.com\/es\/foto-serien-high-noon\/","og_site_name":"Julian Kirschler","article_modified_time":"2025-11-21T21:37:56+00:00","twitter_card":"summary_large_image","twitter_misc":{"Tiempo de lectura":"1 minuto"},"schema":{"@context":"https:\/\/schema.org","@graph":[{"@type":"WebPage","@id":"https:\/\/www.julian-kirschler.com\/foto-serien-high-noon\/","url":"https:\/\/www.julian-kirschler.com\/foto-serien-high-noon\/","name":"Serie fotogr\u00e1fica HIGH NOON - Julian Kirschler","isPartOf":{"@id":"https:\/\/www.julian-kirschler.com\/#website"},"datePublished":"2022-02-09T23:54:03+00:00","dateModified":"2025-11-21T21:37:56+00:00","description":"Una colorida \"piscina de diversi\u00f3n\" a las afueras de Berl\u00edn. Un carrusel infantil hace sus solitarias rondas, frente al lujoso Hotel Savoy de Florencia...","breadcrumb":{"@id":"https:\/\/www.julian-kirschler.com\/foto-serien-high-noon\/#breadcrumb"},"inLanguage":"es","potentialAction":[{"@type":"ReadAction","target":["https:\/\/www.julian-kirschler.com\/foto-serien-high-noon\/"]}]},{"@type":"BreadcrumbList","@id":"https:\/\/www.julian-kirschler.com\/foto-serien-high-noon\/#breadcrumb","itemListElement":[{"@type":"ListItem","position":1,"name":"Home","item":"https:\/\/www.julian-kirschler.com\/"},{"@type":"ListItem","position":2,"name":"Foto-Serie HIGH NOON"}]},{"@type":"WebSite","@id":"https:\/\/www.julian-kirschler.com\/#website","url":"https:\/\/www.julian-kirschler.com\/","name":"Julian Kirschler","description":"","publisher":{"@id":"https:\/\/www.julian-kirschler.com\/#organization"},"potentialAction":[{"@type":"SearchAction","target":{"@type":"EntryPoint","urlTemplate":"https:\/\/www.julian-kirschler.com\/?s={search_term_string}"},"query-input":{"@type":"PropertyValueSpecification","valueRequired":true,"valueName":"search_term_string"}}],"inLanguage":"es"},{"@type":"Organization","@id":"https:\/\/www.julian-kirschler.com\/#organization","name":"Julian Kirschler","url":"https:\/\/www.julian-kirschler.com\/","logo":{"@type":"ImageObject","inLanguage":"es","@id":"https:\/\/www.julian-kirschler.com\/#\/schema\/logo\/image\/","url":"https:\/\/www.julian-kirschler.com\/wp-content\/uploads\/2022\/02\/cropped-Bildschirmfoto-2022-02-09-um-21.35.57.png","contentUrl":"https:\/\/www.julian-kirschler.com\/wp-content\/uploads\/2022\/02\/cropped-Bildschirmfoto-2022-02-09-um-21.35.57.png","width":776,"height":104,"caption":"Julian Kirschler"},"image":{"@id":"https:\/\/www.julian-kirschler.com\/#\/schema\/logo\/image\/"}}]}},"_links":{"self":[{"href":"https:\/\/www.julian-kirschler.com\/es\/wp-json\/wp\/v2\/pages\/214","targetHints":{"allow":["GET"]}}],"collection":[{"href":"https:\/\/www.julian-kirschler.com\/es\/wp-json\/wp\/v2\/pages"}],"about":[{"href":"https:\/\/www.julian-kirschler.com\/es\/wp-json\/wp\/v2\/types\/page"}],"author":[{"embeddable":true,"href":"https:\/\/www.julian-kirschler.com\/es\/wp-json\/wp\/v2\/users\/1"}],"replies":[{"embeddable":true,"href":"https:\/\/www.julian-kirschler.com\/es\/wp-json\/wp\/v2\/comments?post=214"}],"version-history":[{"count":0,"href":"https:\/\/www.julian-kirschler.com\/es\/wp-json\/wp\/v2\/pages\/214\/revisions"}],"wp:attachment":[{"href":"https:\/\/www.julian-kirschler.com\/es\/wp-json\/wp\/v2\/media?parent=214"}],"curies":[{"name":"wp","href":"https:\/\/api.w.org\/{rel}","templated":true}]}}