{"id":5160,"date":"2026-01-28T19:50:07","date_gmt":"2026-01-28T18:50:07","guid":{"rendered":"https:\/\/www.julian-kirschler.com\/?post_type=product&#038;p=5160"},"modified":"2026-02-04T23:42:09","modified_gmt":"2026-02-04T22:42:09","slug":"make-art-great-again-cap","status":"publish","type":"product","link":"https:\/\/www.julian-kirschler.com\/en\/editionen\/merchandise\/make-art-great-again-cap\/","title":{"rendered":"MAKE ART GREAT AGAIN - Cap"},"content":{"rendered":"<ul>\n<li>100% Cotton<\/li>\n<li>Size M-XL<\/li>\n<li>Closure: Clip<\/li>\n<li>Care instructions: Hand wash only<\/li>\n<\/ul>","protected":false},"excerpt":{"rendered":"<ul>\n<li>100% Cotton<\/li>\n<li>Size M-XL<\/li>\n<li>Closure: Clip<\/li>\n<li>Care instructions: Hand wash only<\/li>\n<\/ul>","protected":false},"featured_media":5218,"comment_status":"open","ping_status":"closed","template":"","meta":[],"product_brand":[],"product_cat":[71],"product_tag":[],"class_list":{"0":"post-5160","1":"product","2":"type-product","3":"status-publish","4":"has-post-thumbnail","6":"product_cat-merchandise","8":"first","9":"instock","10":"taxable","11":"shipping-taxable","12":"purchasable","13":"product-type-simple"},"yoast_head":"<!-- This site is optimized with the Yoast SEO plugin v27.3 - https:\/\/yoast.com\/product\/yoast-seo-wordpress\/ -->\n<title>MAKE ART GREAT AGAIN - Cap - Julian Kirschler<\/title>\n<meta name=\"robots\" content=\"index, follow, max-snippet:-1, max-image-preview:large, max-video-preview:-1\" \/>\n<link rel=\"canonical\" href=\"https:\/\/www.julian-kirschler.com\/en\/editionen\/merchandise\/make-art-great-again-cap\/\" \/>\n<meta property=\"og:locale\" content=\"en_GB\" \/>\n<meta property=\"og:type\" content=\"article\" \/>\n<meta property=\"og:title\" content=\"MAKE ART GREAT AGAIN - Cap - Julian Kirschler\" \/>\n<meta property=\"og:description\" content=\"100% Baumwolle  Gr\u00f6\u00dfe M-XL  Verschluss: Clip  Pflegehinweis: Nur Handw\u00e4sche\" \/>\n<meta property=\"og:url\" content=\"https:\/\/www.julian-kirschler.com\/en\/editionen\/merchandise\/make-art-great-again-cap\/\" \/>\n<meta property=\"og:site_name\" content=\"Julian Kirschler\" \/>\n<meta property=\"article:modified_time\" content=\"2026-02-04T22:42:09+00:00\" \/>\n<meta property=\"og:image\" content=\"https:\/\/www.julian-kirschler.com\/wp-content\/uploads\/2026\/02\/1.png\" \/>\n\t<meta property=\"og:image:width\" content=\"1080\" \/>\n\t<meta property=\"og:image:height\" content=\"1080\" \/>\n\t<meta property=\"og:image:type\" content=\"image\/png\" \/>\n<meta name=\"twitter:card\" content=\"summary_large_image\" \/>\n<meta name=\"twitter:label1\" content=\"Estimated reading time\" \/>\n\t<meta name=\"twitter:data1\" content=\"1 minute\" \/>\n<script type=\"application\/ld+json\" class=\"yoast-schema-graph\">{\"@context\":\"https:\\\/\\\/schema.org\",\"@graph\":[{\"@type\":\"WebPage\",\"@id\":\"https:\\\/\\\/www.julian-kirschler.com\\\/editionen\\\/merchandise\\\/make-art-great-again-cap\\\/\",\"url\":\"https:\\\/\\\/www.julian-kirschler.com\\\/editionen\\\/merchandise\\\/make-art-great-again-cap\\\/\",\"name\":\"MAKE ART GREAT AGAIN - Cap - Julian Kirschler\",\"isPartOf\":{\"@id\":\"https:\\\/\\\/www.julian-kirschler.com\\\/#website\"},\"primaryImageOfPage\":{\"@id\":\"https:\\\/\\\/www.julian-kirschler.com\\\/editionen\\\/merchandise\\\/make-art-great-again-cap\\\/#primaryimage\"},\"image\":{\"@id\":\"https:\\\/\\\/www.julian-kirschler.com\\\/editionen\\\/merchandise\\\/make-art-great-again-cap\\\/#primaryimage\"},\"thumbnailUrl\":\"https:\\\/\\\/www.julian-kirschler.com\\\/wp-content\\\/uploads\\\/2026\\\/02\\\/1.png\",\"datePublished\":\"2026-01-28T18:50:07+00:00\",\"dateModified\":\"2026-02-04T22:42:09+00:00\",\"breadcrumb\":{\"@id\":\"https:\\\/\\\/www.julian-kirschler.com\\\/editionen\\\/merchandise\\\/make-art-great-again-cap\\\/#breadcrumb\"},\"inLanguage\":\"en-GB\",\"potentialAction\":[{\"@type\":\"ReadAction\",\"target\":[\"https:\\\/\\\/www.julian-kirschler.com\\\/editionen\\\/merchandise\\\/make-art-great-again-cap\\\/\"]}]},{\"@type\":\"ImageObject\",\"inLanguage\":\"en-GB\",\"@id\":\"https:\\\/\\\/www.julian-kirschler.com\\\/editionen\\\/merchandise\\\/make-art-great-again-cap\\\/#primaryimage\",\"url\":\"https:\\\/\\\/www.julian-kirschler.com\\\/wp-content\\\/uploads\\\/2026\\\/02\\\/1.png\",\"contentUrl\":\"https:\\\/\\\/www.julian-kirschler.com\\\/wp-content\\\/uploads\\\/2026\\\/02\\\/1.png\",\"width\":1080,\"height\":1080},{\"@type\":\"BreadcrumbList\",\"@id\":\"https:\\\/\\\/www.julian-kirschler.com\\\/editionen\\\/merchandise\\\/make-art-great-again-cap\\\/#breadcrumb\",\"itemListElement\":[{\"@type\":\"ListItem\",\"position\":1,\"name\":\"Home\",\"item\":\"https:\\\/\\\/www.julian-kirschler.com\\\/\"},{\"@type\":\"ListItem\",\"position\":2,\"name\":\"Editionen\",\"item\":\"https:\\\/\\\/www.julian-kirschler.com\\\/editionen\\\/\"},{\"@type\":\"ListItem\",\"position\":3,\"name\":\"MAKE ART GREAT AGAIN &#8211; Cap\"}]},{\"@type\":\"WebSite\",\"@id\":\"https:\\\/\\\/www.julian-kirschler.com\\\/#website\",\"url\":\"https:\\\/\\\/www.julian-kirschler.com\\\/\",\"name\":\"Julian Kirschler\",\"description\":\"\",\"publisher\":{\"@id\":\"https:\\\/\\\/www.julian-kirschler.com\\\/#organization\"},\"potentialAction\":[{\"@type\":\"SearchAction\",\"target\":{\"@type\":\"EntryPoint\",\"urlTemplate\":\"https:\\\/\\\/www.julian-kirschler.com\\\/?s={search_term_string}\"},\"query-input\":{\"@type\":\"PropertyValueSpecification\",\"valueRequired\":true,\"valueName\":\"search_term_string\"}}],\"inLanguage\":\"en-GB\"},{\"@type\":\"Organization\",\"@id\":\"https:\\\/\\\/www.julian-kirschler.com\\\/#organization\",\"name\":\"Julian Kirschler\",\"url\":\"https:\\\/\\\/www.julian-kirschler.com\\\/\",\"logo\":{\"@type\":\"ImageObject\",\"inLanguage\":\"en-GB\",\"@id\":\"https:\\\/\\\/www.julian-kirschler.com\\\/#\\\/schema\\\/logo\\\/image\\\/\",\"url\":\"https:\\\/\\\/www.julian-kirschler.com\\\/wp-content\\\/uploads\\\/2022\\\/02\\\/cropped-Bildschirmfoto-2022-02-09-um-21.35.57.png\",\"contentUrl\":\"https:\\\/\\\/www.julian-kirschler.com\\\/wp-content\\\/uploads\\\/2022\\\/02\\\/cropped-Bildschirmfoto-2022-02-09-um-21.35.57.png\",\"width\":776,\"height\":104,\"caption\":\"Julian Kirschler\"},\"image\":{\"@id\":\"https:\\\/\\\/www.julian-kirschler.com\\\/#\\\/schema\\\/logo\\\/image\\\/\"}}]}<\/script>\n<!-- \/ Yoast SEO plugin. -->","yoast_head_json":{"title":"MAKE ART GREAT AGAIN - Cap - Julian Kirschler","robots":{"index":"index","follow":"follow","max-snippet":"max-snippet:-1","max-image-preview":"max-image-preview:large","max-video-preview":"max-video-preview:-1"},"canonical":"https:\/\/www.julian-kirschler.com\/en\/editionen\/merchandise\/make-art-great-again-cap\/","og_locale":"en_GB","og_type":"article","og_title":"MAKE ART GREAT AGAIN - Cap - Julian Kirschler","og_description":"100% Baumwolle  Gr\u00f6\u00dfe M-XL  Verschluss: Clip  Pflegehinweis: Nur Handw\u00e4sche","og_url":"https:\/\/www.julian-kirschler.com\/en\/editionen\/merchandise\/make-art-great-again-cap\/","og_site_name":"Julian Kirschler","article_modified_time":"2026-02-04T22:42:09+00:00","og_image":[{"width":1080,"height":1080,"url":"https:\/\/www.julian-kirschler.com\/wp-content\/uploads\/2026\/02\/1.png","type":"image\/png"}],"twitter_card":"summary_large_image","twitter_misc":{"Estimated reading time":"1 minute"},"schema":{"@context":"https:\/\/schema.org","@graph":[{"@type":"WebPage","@id":"https:\/\/www.julian-kirschler.com\/editionen\/merchandise\/make-art-great-again-cap\/","url":"https:\/\/www.julian-kirschler.com\/editionen\/merchandise\/make-art-great-again-cap\/","name":"MAKE ART GREAT AGAIN - Cap - Julian Kirschler","isPartOf":{"@id":"https:\/\/www.julian-kirschler.com\/#website"},"primaryImageOfPage":{"@id":"https:\/\/www.julian-kirschler.com\/editionen\/merchandise\/make-art-great-again-cap\/#primaryimage"},"image":{"@id":"https:\/\/www.julian-kirschler.com\/editionen\/merchandise\/make-art-great-again-cap\/#primaryimage"},"thumbnailUrl":"https:\/\/www.julian-kirschler.com\/wp-content\/uploads\/2026\/02\/1.png","datePublished":"2026-01-28T18:50:07+00:00","dateModified":"2026-02-04T22:42:09+00:00","breadcrumb":{"@id":"https:\/\/www.julian-kirschler.com\/editionen\/merchandise\/make-art-great-again-cap\/#breadcrumb"},"inLanguage":"en-GB","potentialAction":[{"@type":"ReadAction","target":["https:\/\/www.julian-kirschler.com\/editionen\/merchandise\/make-art-great-again-cap\/"]}]},{"@type":"ImageObject","inLanguage":"en-GB","@id":"https:\/\/www.julian-kirschler.com\/editionen\/merchandise\/make-art-great-again-cap\/#primaryimage","url":"https:\/\/www.julian-kirschler.com\/wp-content\/uploads\/2026\/02\/1.png","contentUrl":"https:\/\/www.julian-kirschler.com\/wp-content\/uploads\/2026\/02\/1.png","width":1080,"height":1080},{"@type":"BreadcrumbList","@id":"https:\/\/www.julian-kirschler.com\/editionen\/merchandise\/make-art-great-again-cap\/#breadcrumb","itemListElement":[{"@type":"ListItem","position":1,"name":"Home","item":"https:\/\/www.julian-kirschler.com\/"},{"@type":"ListItem","position":2,"name":"Editionen","item":"https:\/\/www.julian-kirschler.com\/editionen\/"},{"@type":"ListItem","position":3,"name":"MAKE ART GREAT AGAIN &#8211; Cap"}]},{"@type":"WebSite","@id":"https:\/\/www.julian-kirschler.com\/#website","url":"https:\/\/www.julian-kirschler.com\/","name":"Julian Kirschler","description":"","publisher":{"@id":"https:\/\/www.julian-kirschler.com\/#organization"},"potentialAction":[{"@type":"SearchAction","target":{"@type":"EntryPoint","urlTemplate":"https:\/\/www.julian-kirschler.com\/?s={search_term_string}"},"query-input":{"@type":"PropertyValueSpecification","valueRequired":true,"valueName":"search_term_string"}}],"inLanguage":"en-GB"},{"@type":"Organization","@id":"https:\/\/www.julian-kirschler.com\/#organization","name":"Julian Kirschler","url":"https:\/\/www.julian-kirschler.com\/","logo":{"@type":"ImageObject","inLanguage":"en-GB","@id":"https:\/\/www.julian-kirschler.com\/#\/schema\/logo\/image\/","url":"https:\/\/www.julian-kirschler.com\/wp-content\/uploads\/2022\/02\/cropped-Bildschirmfoto-2022-02-09-um-21.35.57.png","contentUrl":"https:\/\/www.julian-kirschler.com\/wp-content\/uploads\/2022\/02\/cropped-Bildschirmfoto-2022-02-09-um-21.35.57.png","width":776,"height":104,"caption":"Julian Kirschler"},"image":{"@id":"https:\/\/www.julian-kirschler.com\/#\/schema\/logo\/image\/"}}]}},"_links":{"self":[{"href":"https:\/\/www.julian-kirschler.com\/en\/wp-json\/wp\/v2\/product\/5160","targetHints":{"allow":["GET"]}}],"collection":[{"href":"https:\/\/www.julian-kirschler.com\/en\/wp-json\/wp\/v2\/product"}],"about":[{"href":"https:\/\/www.julian-kirschler.com\/en\/wp-json\/wp\/v2\/types\/product"}],"replies":[{"embeddable":true,"href":"https:\/\/www.julian-kirschler.com\/en\/wp-json\/wp\/v2\/comments?post=5160"}],"wp:featuredmedia":[{"embeddable":true,"href":"https:\/\/www.julian-kirschler.com\/en\/wp-json\/wp\/v2\/media\/5218"}],"wp:attachment":[{"href":"https:\/\/www.julian-kirschler.com\/en\/wp-json\/wp\/v2\/media?parent=5160"}],"wp:term":[{"taxonomy":"product_brand","embeddable":true,"href":"https:\/\/www.julian-kirschler.com\/en\/wp-json\/wp\/v2\/product_brand?post=5160"},{"taxonomy":"product_cat","embeddable":true,"href":"https:\/\/www.julian-kirschler.com\/en\/wp-json\/wp\/v2\/product_cat?post=5160"},{"taxonomy":"product_tag","embeddable":true,"href":"https:\/\/www.julian-kirschler.com\/en\/wp-json\/wp\/v2\/product_tag?post=5160"}],"curies":[{"name":"wp","href":"https:\/\/api.w.org\/{rel}","templated":true}]}}