{"id":216,"date":"2022-02-10T00:55:22","date_gmt":"2022-02-09T23:55:22","guid":{"rendered":"https:\/\/julian-kirschler.com\/?page_id=216"},"modified":"2025-11-21T22:36:27","modified_gmt":"2025-11-21T21:36:27","slug":"foto-serien-berge-wiesen-waelder","status":"publish","type":"page","link":"https:\/\/www.julian-kirschler.com\/en\/foto-serien-berge-wiesen-waelder\/","title":{"rendered":"Photo series Mountains, Meadows &amp; Forests"},"content":{"rendered":"<div data-elementor-type=\"wp-page\" data-elementor-id=\"216\" class=\"elementor elementor-216\" data-elementor-post-type=\"page\">\n\t\t\t\t<div data-particle_enable=\"false\" data-particle-mobile-disabled=\"false\" class=\"elementor-element elementor-element-02c247f e-flex e-con-boxed e-con e-parent\" data-id=\"02c247f\" data-element_type=\"container\" data-e-type=\"container\">\n\t\t\t\t\t<div class=\"e-con-inner\">\n\t\t<div data-particle_enable=\"false\" data-particle-mobile-disabled=\"false\" class=\"elementor-element elementor-element-069efb4 e-con-full e-flex e-con e-child\" data-id=\"069efb4\" data-element_type=\"container\" data-e-type=\"container\">\n\t\t\t\t<div class=\"elementor-element elementor-element-412bbe9 elementor-widget elementor-widget-heading\" data-id=\"412bbe9\" data-element_type=\"widget\" data-e-type=\"widget\" data-widget_type=\"heading.default\">\n\t\t\t\t<div class=\"elementor-widget-container\">\n\t\t\t\t\t<h2 class=\"elementor-heading-title elementor-size-default\">Photo series<br>Berge Wiesen &amp; W\u00e4lder<\/h2>\t\t\t\t<\/div>\n\t\t\t\t<\/div>\n\t\t\t\t<div class=\"elementor-element elementor-element-179ceb6 elementor-widget elementor-widget-text-editor\" data-id=\"179ceb6\" data-element_type=\"widget\" data-e-type=\"widget\" data-widget_type=\"text-editor.default\">\n\t\t\t\t<div class=\"elementor-widget-container\">\n\t\t\t\t\t\t\t\t\t<div class=\"page\" title=\"Page 8\"><div class=\"section\"><div class=\"layoutArea\"><div class=\"column\"><div class=\"page\" title=\"Page 5\"><div class=\"section\"><div class=\"layoutArea\"><div class=\"column\"><div class=\"page\" title=\"Page 7\"><div class=\"section\"><div class=\"layoutArea\"><div class=\"column\"><p>Large format landscape photographs realised in Germany, England, France, Iceland, Austria and Switzerland since January 2019.<\/p><p>The large-format colour photographs from the cycle Mountains, Meadows and Forests by the conceptual photographer Julian Kirschler initially show exactly what the title says: photographs of nature. In their digital exaggeration by the artist, however, these landscapes revisit topoi with romantic connotations: Kirschler's visual language dusts off access to home, location and interiority. And at the same time he visualises being on the move itself: In the flowing, fleeing moment of a FLOWshot, as the photographer calls his landscape photography from a moving position. And whose familiar perspective he bases on universally valid childhood memories: \"It's the same perspective as when we watched the landscape fly past us on vibrating windows in cars, buses or trains.\"<\/p><p>Evelyn Pschak von Rebay<\/p><\/div><\/div><\/div><\/div><\/div><\/div><\/div><\/div><\/div><\/div><\/div><\/div>\t\t\t\t\t\t\t\t<\/div>\n\t\t\t\t<\/div>\n\t\t\t\t<div class=\"elementor-element elementor-element-5a12b54 elementor-align-right elementor-widget elementor-widget-button\" data-id=\"5a12b54\" data-element_type=\"widget\" data-e-type=\"widget\" data-widget_type=\"button.default\">\n\t\t\t\t<div class=\"elementor-widget-container\">\n\t\t\t\t\t\t\t\t\t<div class=\"elementor-button-wrapper\">\n\t\t\t\t\t<a class=\"elementor-button elementor-button-link elementor-size-sm\" href=\"https:\/\/www.julian-kirschler.com\/en\/berge-wiesen-waelder-galerie\/\">\n\t\t\t\t\t\t<span class=\"elementor-button-content-wrapper\">\n\t\t\t\t\t\t<span class=\"elementor-button-icon\">\n\t\t\t\t<i aria-hidden=\"true\" class=\"fas fa-arrow-right\"><\/i>\t\t\t<\/span>\n\t\t\t\t\t\t\t\t\t<span class=\"elementor-button-text\">Berge, Wiesen &amp; W\u00e4lder picture gallery<\/span>\n\t\t\t\t\t<\/span>\n\t\t\t\t\t<\/a>\n\t\t\t\t<\/div>\n\t\t\t\t\t\t\t\t<\/div>\n\t\t\t\t<\/div>\n\t\t\t\t<\/div>\n\t\t\t\t\t<\/div>\n\t\t\t\t<\/div>\n\t\t\t\t<\/div>","protected":false},"excerpt":{"rendered":"<p>Foto-SerieBerge Wiesen &amp; W\u00e4lder Seit Januar 2019 in Deutschland, England, Frankreich, Island, O\u0308sterreich und der Schweiz realisierte gro\u00dfformatige Landschaftsaufnahmen Die gro\u00dfformatigen Farbfotografien aus dem Zyklus Berge, Wiesen und Wa\u0308lder des konzeptionellen Fotografen Julian Kirschler zeigen zuna\u0308chst genau das, was der Titel besagt: Naturaufnahmen. In ihrer digitalen U\u0308berho\u0308hung durch den Ku\u0308nstler jedoch greifen diese Landschaften romantisch [&hellip;]<\/p>\n","protected":false},"author":1,"featured_media":0,"parent":0,"menu_order":0,"comment_status":"closed","ping_status":"closed","template":"","meta":{"footnotes":""},"class_list":["post-216","page","type-page","status-publish","hentry"],"yoast_head":"<!-- This site is optimized with the Yoast SEO plugin v27.5 - https:\/\/yoast.com\/product\/yoast-seo-wordpress\/ -->\n<title>Foto-Serie Berge, Wiesen &amp; W\u00e4lder - Julian Kirschler<\/title>\n<meta name=\"description\" content=\"Seit Januar 2019 in Deutschland, England, Frankreich, Island, \u00d6sterreich und der Schweiz realisierte gro\u00dfformatige Landschaftsaufnahmen....\" \/>\n<meta name=\"robots\" content=\"index, follow, max-snippet:-1, max-image-preview:large, max-video-preview:-1\" \/>\n<link rel=\"canonical\" href=\"https:\/\/www.julian-kirschler.com\/en\/foto-serien-berge-wiesen-waelder\/\" \/>\n<meta property=\"og:locale\" content=\"en_GB\" \/>\n<meta property=\"og:type\" content=\"article\" \/>\n<meta property=\"og:title\" content=\"Foto-Serie Berge, Wiesen &amp; W\u00e4lder - Julian Kirschler\" \/>\n<meta property=\"og:description\" content=\"Seit Januar 2019 in Deutschland, England, Frankreich, Island, \u00d6sterreich und der Schweiz realisierte gro\u00dfformatige Landschaftsaufnahmen....\" \/>\n<meta property=\"og:url\" content=\"https:\/\/www.julian-kirschler.com\/en\/foto-serien-berge-wiesen-waelder\/\" \/>\n<meta property=\"og:site_name\" content=\"Julian Kirschler\" \/>\n<meta property=\"article:modified_time\" content=\"2025-11-21T21:36:27+00:00\" \/>\n<meta name=\"twitter:card\" content=\"summary_large_image\" \/>\n<meta name=\"twitter:label1\" content=\"Estimated reading time\" \/>\n\t<meta name=\"twitter:data1\" content=\"1 minute\" \/>\n<script type=\"application\/ld+json\" class=\"yoast-schema-graph\">{\"@context\":\"https:\\\/\\\/schema.org\",\"@graph\":[{\"@type\":\"WebPage\",\"@id\":\"https:\\\/\\\/www.julian-kirschler.com\\\/foto-serien-berge-wiesen-waelder\\\/\",\"url\":\"https:\\\/\\\/www.julian-kirschler.com\\\/foto-serien-berge-wiesen-waelder\\\/\",\"name\":\"Foto-Serie Berge, Wiesen & W\u00e4lder - Julian Kirschler\",\"isPartOf\":{\"@id\":\"https:\\\/\\\/www.julian-kirschler.com\\\/#website\"},\"datePublished\":\"2022-02-09T23:55:22+00:00\",\"dateModified\":\"2025-11-21T21:36:27+00:00\",\"description\":\"Seit Januar 2019 in Deutschland, England, Frankreich, Island, \u00d6sterreich und der Schweiz realisierte gro\u00dfformatige Landschaftsaufnahmen....\",\"breadcrumb\":{\"@id\":\"https:\\\/\\\/www.julian-kirschler.com\\\/foto-serien-berge-wiesen-waelder\\\/#breadcrumb\"},\"inLanguage\":\"en-GB\",\"potentialAction\":[{\"@type\":\"ReadAction\",\"target\":[\"https:\\\/\\\/www.julian-kirschler.com\\\/foto-serien-berge-wiesen-waelder\\\/\"]}]},{\"@type\":\"BreadcrumbList\",\"@id\":\"https:\\\/\\\/www.julian-kirschler.com\\\/foto-serien-berge-wiesen-waelder\\\/#breadcrumb\",\"itemListElement\":[{\"@type\":\"ListItem\",\"position\":1,\"name\":\"Home\",\"item\":\"https:\\\/\\\/www.julian-kirschler.com\\\/\"},{\"@type\":\"ListItem\",\"position\":2,\"name\":\"Foto-Serie Berge, Wiesen &#038; W\u00e4lder\"}]},{\"@type\":\"WebSite\",\"@id\":\"https:\\\/\\\/www.julian-kirschler.com\\\/#website\",\"url\":\"https:\\\/\\\/www.julian-kirschler.com\\\/\",\"name\":\"Julian Kirschler\",\"description\":\"\",\"publisher\":{\"@id\":\"https:\\\/\\\/www.julian-kirschler.com\\\/#organization\"},\"potentialAction\":[{\"@type\":\"SearchAction\",\"target\":{\"@type\":\"EntryPoint\",\"urlTemplate\":\"https:\\\/\\\/www.julian-kirschler.com\\\/?s={search_term_string}\"},\"query-input\":{\"@type\":\"PropertyValueSpecification\",\"valueRequired\":true,\"valueName\":\"search_term_string\"}}],\"inLanguage\":\"en-GB\"},{\"@type\":\"Organization\",\"@id\":\"https:\\\/\\\/www.julian-kirschler.com\\\/#organization\",\"name\":\"Julian Kirschler\",\"url\":\"https:\\\/\\\/www.julian-kirschler.com\\\/\",\"logo\":{\"@type\":\"ImageObject\",\"inLanguage\":\"en-GB\",\"@id\":\"https:\\\/\\\/www.julian-kirschler.com\\\/#\\\/schema\\\/logo\\\/image\\\/\",\"url\":\"https:\\\/\\\/www.julian-kirschler.com\\\/wp-content\\\/uploads\\\/2022\\\/02\\\/cropped-Bildschirmfoto-2022-02-09-um-21.35.57.png\",\"contentUrl\":\"https:\\\/\\\/www.julian-kirschler.com\\\/wp-content\\\/uploads\\\/2022\\\/02\\\/cropped-Bildschirmfoto-2022-02-09-um-21.35.57.png\",\"width\":776,\"height\":104,\"caption\":\"Julian Kirschler\"},\"image\":{\"@id\":\"https:\\\/\\\/www.julian-kirschler.com\\\/#\\\/schema\\\/logo\\\/image\\\/\"}}]}<\/script>\n<!-- \/ Yoast SEO plugin. -->","yoast_head_json":{"title":"Photo series Mountains, Meadows &amp; Forests - Julian Kirschler","description":"Large format landscape photographs realised in Germany, England, France, Iceland, Austria and Switzerland since January 2019....","robots":{"index":"index","follow":"follow","max-snippet":"max-snippet:-1","max-image-preview":"max-image-preview:large","max-video-preview":"max-video-preview:-1"},"canonical":"https:\/\/www.julian-kirschler.com\/en\/foto-serien-berge-wiesen-waelder\/","og_locale":"en_GB","og_type":"article","og_title":"Foto-Serie Berge, Wiesen & W\u00e4lder - Julian Kirschler","og_description":"Seit Januar 2019 in Deutschland, England, Frankreich, Island, \u00d6sterreich und der Schweiz realisierte gro\u00dfformatige Landschaftsaufnahmen....","og_url":"https:\/\/www.julian-kirschler.com\/en\/foto-serien-berge-wiesen-waelder\/","og_site_name":"Julian Kirschler","article_modified_time":"2025-11-21T21:36:27+00:00","twitter_card":"summary_large_image","twitter_misc":{"Estimated reading time":"1 minute"},"schema":{"@context":"https:\/\/schema.org","@graph":[{"@type":"WebPage","@id":"https:\/\/www.julian-kirschler.com\/foto-serien-berge-wiesen-waelder\/","url":"https:\/\/www.julian-kirschler.com\/foto-serien-berge-wiesen-waelder\/","name":"Photo series Mountains, Meadows &amp; Forests - Julian Kirschler","isPartOf":{"@id":"https:\/\/www.julian-kirschler.com\/#website"},"datePublished":"2022-02-09T23:55:22+00:00","dateModified":"2025-11-21T21:36:27+00:00","description":"Large format landscape photographs realised in Germany, England, France, Iceland, Austria and Switzerland since January 2019....","breadcrumb":{"@id":"https:\/\/www.julian-kirschler.com\/foto-serien-berge-wiesen-waelder\/#breadcrumb"},"inLanguage":"en-GB","potentialAction":[{"@type":"ReadAction","target":["https:\/\/www.julian-kirschler.com\/foto-serien-berge-wiesen-waelder\/"]}]},{"@type":"BreadcrumbList","@id":"https:\/\/www.julian-kirschler.com\/foto-serien-berge-wiesen-waelder\/#breadcrumb","itemListElement":[{"@type":"ListItem","position":1,"name":"Home","item":"https:\/\/www.julian-kirschler.com\/"},{"@type":"ListItem","position":2,"name":"Foto-Serie Berge, Wiesen &#038; W\u00e4lder"}]},{"@type":"WebSite","@id":"https:\/\/www.julian-kirschler.com\/#website","url":"https:\/\/www.julian-kirschler.com\/","name":"Julian Kirschler","description":"","publisher":{"@id":"https:\/\/www.julian-kirschler.com\/#organization"},"potentialAction":[{"@type":"SearchAction","target":{"@type":"EntryPoint","urlTemplate":"https:\/\/www.julian-kirschler.com\/?s={search_term_string}"},"query-input":{"@type":"PropertyValueSpecification","valueRequired":true,"valueName":"search_term_string"}}],"inLanguage":"en-GB"},{"@type":"Organization","@id":"https:\/\/www.julian-kirschler.com\/#organization","name":"Julian Kirschler","url":"https:\/\/www.julian-kirschler.com\/","logo":{"@type":"ImageObject","inLanguage":"en-GB","@id":"https:\/\/www.julian-kirschler.com\/#\/schema\/logo\/image\/","url":"https:\/\/www.julian-kirschler.com\/wp-content\/uploads\/2022\/02\/cropped-Bildschirmfoto-2022-02-09-um-21.35.57.png","contentUrl":"https:\/\/www.julian-kirschler.com\/wp-content\/uploads\/2022\/02\/cropped-Bildschirmfoto-2022-02-09-um-21.35.57.png","width":776,"height":104,"caption":"Julian Kirschler"},"image":{"@id":"https:\/\/www.julian-kirschler.com\/#\/schema\/logo\/image\/"}}]}},"_links":{"self":[{"href":"https:\/\/www.julian-kirschler.com\/en\/wp-json\/wp\/v2\/pages\/216","targetHints":{"allow":["GET"]}}],"collection":[{"href":"https:\/\/www.julian-kirschler.com\/en\/wp-json\/wp\/v2\/pages"}],"about":[{"href":"https:\/\/www.julian-kirschler.com\/en\/wp-json\/wp\/v2\/types\/page"}],"author":[{"embeddable":true,"href":"https:\/\/www.julian-kirschler.com\/en\/wp-json\/wp\/v2\/users\/1"}],"replies":[{"embeddable":true,"href":"https:\/\/www.julian-kirschler.com\/en\/wp-json\/wp\/v2\/comments?post=216"}],"version-history":[{"count":0,"href":"https:\/\/www.julian-kirschler.com\/en\/wp-json\/wp\/v2\/pages\/216\/revisions"}],"wp:attachment":[{"href":"https:\/\/www.julian-kirschler.com\/en\/wp-json\/wp\/v2\/media?parent=216"}],"curies":[{"name":"wp","href":"https:\/\/api.w.org\/{rel}","templated":true}]}}