{"id":1211,"date":"2022-02-11T19:23:25","date_gmt":"2022-02-11T18:23:25","guid":{"rendered":"https:\/\/julian-kirschler.com\/?page_id=1211"},"modified":"2025-11-21T22:39:28","modified_gmt":"2025-11-21T21:39:28","slug":"bild-sound-high-noon","status":"publish","type":"page","link":"https:\/\/www.julian-kirschler.com\/en\/bild-sound-high-noon\/","title":{"rendered":"Image &amp; Sound - High Noon"},"content":{"rendered":"\t\t<div data-elementor-type=\"wp-page\" data-elementor-id=\"1211\" class=\"elementor elementor-1211\" data-elementor-post-type=\"page\">\n\t\t\t\t<div data-particle_enable=\"false\" data-particle-mobile-disabled=\"false\" class=\"elementor-element elementor-element-38c76c2 e-flex e-con-boxed e-con e-parent\" data-id=\"38c76c2\" data-element_type=\"container\" data-e-type=\"container\">\n\t\t\t\t\t<div class=\"e-con-inner\">\n\t\t<div data-particle_enable=\"false\" data-particle-mobile-disabled=\"false\" class=\"elementor-element elementor-element-03bebe2 e-con-full e-flex e-con e-child\" data-id=\"03bebe2\" data-element_type=\"container\" data-e-type=\"container\">\n\t\t\t\t<div class=\"elementor-element elementor-element-d760950 elementor-widget elementor-widget-text-editor\" data-id=\"d760950\" data-element_type=\"widget\" data-e-type=\"widget\" data-widget_type=\"text-editor.default\">\n\t\t\t\t<div class=\"elementor-widget-container\">\n\t\t\t\t\t\t\t\t\t<div><b>High Noon\u00a0<\/b>ist Bestandteil des [r]evolution\u00e4ren, interaktiven und immersiven Ausstellungskonzepts<\/div><div><b><i>You are here:@<span style=\"color: #da0001;\">\/\/\/<\/span>cloud.cuckoo.land<\/i><\/b>, das auf hochaufl\u00f6senden Fotografien in Gr\u00f6\u00dfen bis 4&#215;6 Metern mit eigenen Soundscapes basiert.<\/div><div>\u00a0<\/div><div>F\u00fcr Ausstellungen nutzen wir 3d Audio Kopfh\u00f6rertechnik, die interaktiv dem jeweiligen Standort des Betrachters im Ausstellungsraum und seiner Blickrichtung entsprechend, die jeweilige Soundscape auf seinen Kopfh\u00f6rer streamt. Zus\u00e4tzlich k\u00f6nnen wir die Kl\u00e4nge auch k\u00f6rperlich sp\u00fcrbar machen.<\/div><div>\u00a0<\/div><div>Wie einer unserer Soundscapes, orchestriert von einem Standbild wirkt, zeigt folgendes Beispiel.<\/div>\t\t\t\t\t\t\t\t<\/div>\n\t\t\t\t<\/div>\n\t\t\t\t<div class=\"elementor-element elementor-element-0f5f8de elementor-widget elementor-widget-video\" data-id=\"0f5f8de\" data-element_type=\"widget\" data-e-type=\"widget\" data-settings=\"{&quot;video_type&quot;:&quot;vimeo&quot;,&quot;yt_privacy&quot;:&quot;yes&quot;}\" data-widget_type=\"video.default\">\n\t\t\t\t<div class=\"elementor-widget-container\">\n\t\t\t\t\t\t\t<div class=\"elementor-wrapper elementor-open-inline\">\n\t\t\t <div class=\"brlbs-cmpnt-container brlbs-cmpnt-content-blocker\" data-borlabs-cookie-content-blocker-id=\"vimeo-content-blocker\" data-borlabs-cookie-content=\"PGlmcmFtZSBjbGFzcz0iZWxlbWVudG9yLXZpZGVvLWlmcmFtZSIgYWxsb3dmdWxsc2NyZWVuIGFsbG93PSJjbGlwYm9hcmQtd3JpdGUiIHRpdGxlPSJ2aW1lbyBWaWRlby1TcGllbGVyIiBzcmM9Imh0dHBzOi8vcGxheWVyLnZpbWVvLmNvbS92aWRlby8xMTM5MDc2MzMzP2NvbG9yJmFtcDthdXRvcGF1c2U9MCZhbXA7ZG50PXRydWUmYW1wO2xvb3A9MCZhbXA7bXV0ZWQ9MCZhbXA7dGl0bGU9MCZhbXA7cG9ydHJhaXQ9MCZhbXA7YnlsaW5lPTAjdD0iPjwvaWZyYW1lPg==\"><div class=\"brlbs-cmpnt-cb-preset-c brlbs-cmpnt-cb-vimeo\"> <div class=\"brlbs-cmpnt-cb-thumbnail\" style=\"background-image: url('https:\/\/www.julian-kirschler.com\/wp-content\/uploads\/borlabs-cookie\/1\/vimeo_1139076333.jpg')\"><\/div> <div class=\"brlbs-cmpnt-cb-main\"> <div class=\"brlbs-cmpnt-cb-play-button\"><\/div> <div class=\"brlbs-cmpnt-cb-content\"> <p class=\"brlbs-cmpnt-cb-description\">Sie sehen gerade einen Platzhalterinhalt von <strong>Vimeo<\/strong>. Um auf den eigentlichen Inhalt zuzugreifen, klicken Sie auf die Schaltfl\u00e4che unten. Bitte beachten Sie, dass dabei Daten an Drittanbieter weitergegeben werden.<\/p> <a class=\"brlbs-cmpnt-cb-provider-toggle\" href=\"#\" data-borlabs-cookie-show-provider-information role=\"button\">Mehr Informationen<\/a> <\/div> <div class=\"brlbs-cmpnt-cb-buttons\"> <a class=\"brlbs-cmpnt-cb-btn\" href=\"#\" data-borlabs-cookie-unblock role=\"button\">Inhalt entsperren<\/a> <a class=\"brlbs-cmpnt-cb-btn\" href=\"#\" data-borlabs-cookie-accept-service role=\"button\" style=\"display: inherit\">Erforderlichen Service akzeptieren und Inhalte entsperren<\/a> <\/div> <\/div> <\/div><\/div>\t\t<\/div>\n\t\t\t\t\t\t<\/div>\n\t\t\t\t<\/div>\n\t\t\t\t<div class=\"elementor-element elementor-element-d58c004 elementor-widget elementor-widget-text-editor\" data-id=\"d58c004\" data-element_type=\"widget\" data-e-type=\"widget\" data-widget_type=\"text-editor.default\">\n\t\t\t\t<div class=\"elementor-widget-container\">\n\t\t\t\t\t\t\t\t\t<p>Z\u00fcrich, April 2021<br \/>Musikproduktion: Mathias Freimann &amp; Stefan Kling<\/p>\t\t\t\t\t\t\t\t<\/div>\n\t\t\t\t<\/div>\n\t\t\t\t<\/div>\n\t\t\t\t\t<\/div>\n\t\t\t\t<\/div>\n\t\t\t\t<\/div>\n\t\t","protected":false},"excerpt":{"rendered":"<p>High Noon\u00a0ist Bestandteil des [r]evolution\u00e4ren, interaktiven und immersiven AusstellungskonzeptsYou are here:@\/\/\/cloud.cuckoo.land, das auf hochaufl\u00f6senden Fotografien in Gr\u00f6\u00dfen bis 4&#215;6 Metern mit eigenen Soundscapes basiert.\u00a0F\u00fcr Ausstellungen nutzen wir 3d Audio Kopfh\u00f6rertechnik, die interaktiv dem jeweiligen Standort des Betrachters im Ausstellungsraum und seiner Blickrichtung entsprechend, die jeweilige Soundscape auf seinen Kopfh\u00f6rer streamt. Zus\u00e4tzlich k\u00f6nnen wir die Kl\u00e4nge [&hellip;]<\/p>\n","protected":false},"author":1,"featured_media":0,"parent":0,"menu_order":0,"comment_status":"closed","ping_status":"closed","template":"","meta":{"footnotes":""},"class_list":["post-1211","page","type-page","status-publish","hentry"],"yoast_head":"<!-- This site is optimized with the Yoast SEO plugin v27.5 - https:\/\/yoast.com\/product\/yoast-seo-wordpress\/ -->\n<title>Bild &amp; Sound - High Noon - Julian Kirschler<\/title>\n<meta name=\"description\" content=\"F\u00fcr Ausstellungen nutzen wir 3d Audio Kopfh\u00f6rertechnik, die interaktiv dem jeweiligen Standort des Betrachters im Ausstellungsraum und...\" \/>\n<meta name=\"robots\" content=\"index, follow, max-snippet:-1, max-image-preview:large, max-video-preview:-1\" \/>\n<link rel=\"canonical\" href=\"https:\/\/www.julian-kirschler.com\/en\/bild-sound-high-noon\/\" \/>\n<meta property=\"og:locale\" content=\"en_GB\" \/>\n<meta property=\"og:type\" content=\"article\" \/>\n<meta property=\"og:title\" content=\"Bild &amp; Sound - High Noon - Julian Kirschler\" \/>\n<meta property=\"og:description\" content=\"F\u00fcr Ausstellungen nutzen wir 3d Audio Kopfh\u00f6rertechnik, die interaktiv dem jeweiligen Standort des Betrachters im Ausstellungsraum und...\" \/>\n<meta property=\"og:url\" content=\"https:\/\/www.julian-kirschler.com\/en\/bild-sound-high-noon\/\" \/>\n<meta property=\"og:site_name\" content=\"Julian Kirschler\" \/>\n<meta property=\"article:modified_time\" content=\"2025-11-21T21:39:28+00:00\" \/>\n<meta name=\"twitter:card\" content=\"summary_large_image\" \/>\n<meta name=\"twitter:label1\" content=\"Estimated reading time\" \/>\n\t<meta name=\"twitter:data1\" content=\"1 minute\" \/>\n<script type=\"application\/ld+json\" class=\"yoast-schema-graph\">{\"@context\":\"https:\\\/\\\/schema.org\",\"@graph\":[{\"@type\":\"WebPage\",\"@id\":\"https:\\\/\\\/www.julian-kirschler.com\\\/bild-sound-high-noon\\\/\",\"url\":\"https:\\\/\\\/www.julian-kirschler.com\\\/bild-sound-high-noon\\\/\",\"name\":\"Bild & Sound - High Noon - Julian Kirschler\",\"isPartOf\":{\"@id\":\"https:\\\/\\\/www.julian-kirschler.com\\\/#website\"},\"datePublished\":\"2022-02-11T18:23:25+00:00\",\"dateModified\":\"2025-11-21T21:39:28+00:00\",\"description\":\"F\u00fcr Ausstellungen nutzen wir 3d Audio Kopfh\u00f6rertechnik, die interaktiv dem jeweiligen Standort des Betrachters im Ausstellungsraum und...\",\"breadcrumb\":{\"@id\":\"https:\\\/\\\/www.julian-kirschler.com\\\/bild-sound-high-noon\\\/#breadcrumb\"},\"inLanguage\":\"en-GB\",\"potentialAction\":[{\"@type\":\"ReadAction\",\"target\":[\"https:\\\/\\\/www.julian-kirschler.com\\\/bild-sound-high-noon\\\/\"]}]},{\"@type\":\"BreadcrumbList\",\"@id\":\"https:\\\/\\\/www.julian-kirschler.com\\\/bild-sound-high-noon\\\/#breadcrumb\",\"itemListElement\":[{\"@type\":\"ListItem\",\"position\":1,\"name\":\"Home\",\"item\":\"https:\\\/\\\/www.julian-kirschler.com\\\/\"},{\"@type\":\"ListItem\",\"position\":2,\"name\":\"Bild &#038; Sound &#8211; High Noon\"}]},{\"@type\":\"WebSite\",\"@id\":\"https:\\\/\\\/www.julian-kirschler.com\\\/#website\",\"url\":\"https:\\\/\\\/www.julian-kirschler.com\\\/\",\"name\":\"Julian Kirschler\",\"description\":\"\",\"publisher\":{\"@id\":\"https:\\\/\\\/www.julian-kirschler.com\\\/#organization\"},\"potentialAction\":[{\"@type\":\"SearchAction\",\"target\":{\"@type\":\"EntryPoint\",\"urlTemplate\":\"https:\\\/\\\/www.julian-kirschler.com\\\/?s={search_term_string}\"},\"query-input\":{\"@type\":\"PropertyValueSpecification\",\"valueRequired\":true,\"valueName\":\"search_term_string\"}}],\"inLanguage\":\"en-GB\"},{\"@type\":\"Organization\",\"@id\":\"https:\\\/\\\/www.julian-kirschler.com\\\/#organization\",\"name\":\"Julian Kirschler\",\"url\":\"https:\\\/\\\/www.julian-kirschler.com\\\/\",\"logo\":{\"@type\":\"ImageObject\",\"inLanguage\":\"en-GB\",\"@id\":\"https:\\\/\\\/www.julian-kirschler.com\\\/#\\\/schema\\\/logo\\\/image\\\/\",\"url\":\"https:\\\/\\\/www.julian-kirschler.com\\\/wp-content\\\/uploads\\\/2022\\\/02\\\/cropped-Bildschirmfoto-2022-02-09-um-21.35.57.png\",\"contentUrl\":\"https:\\\/\\\/www.julian-kirschler.com\\\/wp-content\\\/uploads\\\/2022\\\/02\\\/cropped-Bildschirmfoto-2022-02-09-um-21.35.57.png\",\"width\":776,\"height\":104,\"caption\":\"Julian Kirschler\"},\"image\":{\"@id\":\"https:\\\/\\\/www.julian-kirschler.com\\\/#\\\/schema\\\/logo\\\/image\\\/\"}}]}<\/script>\n<!-- \/ Yoast SEO plugin. -->","yoast_head_json":{"title":"Image &amp; Sound - High Noon - Julian Kirschler","description":"For exhibitions, we use 3d audio headphone technology that interactively adapts to the respective location of the viewer in the exhibition space and...","robots":{"index":"index","follow":"follow","max-snippet":"max-snippet:-1","max-image-preview":"max-image-preview:large","max-video-preview":"max-video-preview:-1"},"canonical":"https:\/\/www.julian-kirschler.com\/en\/bild-sound-high-noon\/","og_locale":"en_GB","og_type":"article","og_title":"Bild & Sound - High Noon - Julian Kirschler","og_description":"F\u00fcr Ausstellungen nutzen wir 3d Audio Kopfh\u00f6rertechnik, die interaktiv dem jeweiligen Standort des Betrachters im Ausstellungsraum und...","og_url":"https:\/\/www.julian-kirschler.com\/en\/bild-sound-high-noon\/","og_site_name":"Julian Kirschler","article_modified_time":"2025-11-21T21:39:28+00:00","twitter_card":"summary_large_image","twitter_misc":{"Estimated reading time":"1 minute"},"schema":{"@context":"https:\/\/schema.org","@graph":[{"@type":"WebPage","@id":"https:\/\/www.julian-kirschler.com\/bild-sound-high-noon\/","url":"https:\/\/www.julian-kirschler.com\/bild-sound-high-noon\/","name":"Image &amp; Sound - High Noon - Julian Kirschler","isPartOf":{"@id":"https:\/\/www.julian-kirschler.com\/#website"},"datePublished":"2022-02-11T18:23:25+00:00","dateModified":"2025-11-21T21:39:28+00:00","description":"For exhibitions, we use 3d audio headphone technology that interactively adapts to the respective location of the viewer in the exhibition space and...","breadcrumb":{"@id":"https:\/\/www.julian-kirschler.com\/bild-sound-high-noon\/#breadcrumb"},"inLanguage":"en-GB","potentialAction":[{"@type":"ReadAction","target":["https:\/\/www.julian-kirschler.com\/bild-sound-high-noon\/"]}]},{"@type":"BreadcrumbList","@id":"https:\/\/www.julian-kirschler.com\/bild-sound-high-noon\/#breadcrumb","itemListElement":[{"@type":"ListItem","position":1,"name":"Home","item":"https:\/\/www.julian-kirschler.com\/"},{"@type":"ListItem","position":2,"name":"Bild &#038; Sound &#8211; High Noon"}]},{"@type":"WebSite","@id":"https:\/\/www.julian-kirschler.com\/#website","url":"https:\/\/www.julian-kirschler.com\/","name":"Julian Kirschler","description":"","publisher":{"@id":"https:\/\/www.julian-kirschler.com\/#organization"},"potentialAction":[{"@type":"SearchAction","target":{"@type":"EntryPoint","urlTemplate":"https:\/\/www.julian-kirschler.com\/?s={search_term_string}"},"query-input":{"@type":"PropertyValueSpecification","valueRequired":true,"valueName":"search_term_string"}}],"inLanguage":"en-GB"},{"@type":"Organization","@id":"https:\/\/www.julian-kirschler.com\/#organization","name":"Julian Kirschler","url":"https:\/\/www.julian-kirschler.com\/","logo":{"@type":"ImageObject","inLanguage":"en-GB","@id":"https:\/\/www.julian-kirschler.com\/#\/schema\/logo\/image\/","url":"https:\/\/www.julian-kirschler.com\/wp-content\/uploads\/2022\/02\/cropped-Bildschirmfoto-2022-02-09-um-21.35.57.png","contentUrl":"https:\/\/www.julian-kirschler.com\/wp-content\/uploads\/2022\/02\/cropped-Bildschirmfoto-2022-02-09-um-21.35.57.png","width":776,"height":104,"caption":"Julian Kirschler"},"image":{"@id":"https:\/\/www.julian-kirschler.com\/#\/schema\/logo\/image\/"}}]}},"_links":{"self":[{"href":"https:\/\/www.julian-kirschler.com\/en\/wp-json\/wp\/v2\/pages\/1211","targetHints":{"allow":["GET"]}}],"collection":[{"href":"https:\/\/www.julian-kirschler.com\/en\/wp-json\/wp\/v2\/pages"}],"about":[{"href":"https:\/\/www.julian-kirschler.com\/en\/wp-json\/wp\/v2\/types\/page"}],"author":[{"embeddable":true,"href":"https:\/\/www.julian-kirschler.com\/en\/wp-json\/wp\/v2\/users\/1"}],"replies":[{"embeddable":true,"href":"https:\/\/www.julian-kirschler.com\/en\/wp-json\/wp\/v2\/comments?post=1211"}],"version-history":[{"count":0,"href":"https:\/\/www.julian-kirschler.com\/en\/wp-json\/wp\/v2\/pages\/1211\/revisions"}],"wp:attachment":[{"href":"https:\/\/www.julian-kirschler.com\/en\/wp-json\/wp\/v2\/media?parent=1211"}],"curies":[{"name":"wp","href":"https:\/\/api.w.org\/{rel}","templated":true}]}}